{"id":2050,"date":"2020-02-13T08:22:57","date_gmt":"2020-02-13T07:22:57","guid":{"rendered":"https:\/\/porinox.com\/?post_type=product&#038;p=2050"},"modified":"2024-04-09T13:56:46","modified_gmt":"2024-04-09T11:56:46","slug":"porte-coulissante","status":"publish","type":"product","link":"https:\/\/www.porinox.com\/fr\/producto\/puerta-corredera\/","title":{"rendered":"PORTE COULISSANTE"},"content":{"rendered":"<p>Porte coulissante de <strong>polypropyl\u00e8ne r\u00e9ticul\u00e9<\/strong>, une solution innovante et polyvalente con\u00e7ue pour rehausser la fonctionnalit\u00e9 et le style dans n'importe quel environnement. Avec une \u00e9paisseur imposante de 5 cm, cette porte garantit non seulement une solide durabilit\u00e9, mais offre \u00e9galement une isolation acoustique et thermique exceptionnelle gr\u00e2ce \u00e0 son mat\u00e9riau en polypropyl\u00e8ne r\u00e9ticul\u00e9 de haute qualit\u00e9.<\/p>\n<p>Le cadre en aluminium qui entoure cette porte lui conf\u00e8re une solidit\u00e9 accrue, ce qui en fait une option robuste et durable pour n'importe quel espace. Le design de la <strong>Le syst\u00e8me modulaire facilite l'installation et permet de s'adapter facilement \u00e0 diff\u00e9rentes configurations d'espace et \u00e0 des besoins sp\u00e9cifiques.<\/strong><\/p>\n<p>La polyvalence de cette porte ne s'arr\u00eate pas l\u00e0. Sa facilit\u00e9 d'installation et de nettoyage rend l'exp\u00e9rience de l'utilisateur sans souci. De plus, sa capacit\u00e9 \u00e0 s'adapter \u00e0 n'importe quel espace en fait un choix parfait pour ceux qui recherchent une solution personnalisable et efficace.<\/p>\n<p>Nous offrons la possibilit\u00e9 d'incorporer un judas, qui apporte un \u00e9l\u00e9ment suppl\u00e9mentaire de s\u00e9curit\u00e9 et de commodit\u00e9. Que ce soit pour garder un \u0153il sur l'ext\u00e9rieur ou pour accueillir les visiteurs en toute s\u00e9curit\u00e9, cet \u00e9l\u00e9ment suppl\u00e9mentaire renforce la fonctionnalit\u00e9 de la porte.<\/p>\n<p>&nbsp;<\/p>","protected":false},"excerpt":{"rendered":"<p>Notre syst\u00e8me de portes coulissantes s'adapte \u00e0 tous les espaces et \u00e0 toutes les dimensions. Nous r\u00e9pondons \u00e0 tous vos besoins, avec ses composants con\u00e7us sur mesure, nous am\u00e9liorons son bon fonctionnement. Fabriqu\u00e9s en PVC et en acier inoxydable, nous assurons un entretien et une hygi\u00e8ne faciles.<\/p>\n<p>Choisissez votre ouverture \u00e0 droite ou \u00e0 gauche selon vos besoins.<\/p>","protected":false},"featured_media":19420,"comment_status":"open","ping_status":"closed","template":"","meta":[],"product_brand":[],"product_cat":[360,467],"product_tag":[],"class_list":{"0":"post-2050","1":"product","2":"type-product","3":"status-publish","4":"has-post-thumbnail","6":"product_cat-bioseguridad","7":"product_cat-puertas-peatonales-granjas-bioseguridad","9":"first","10":"instock","11":"shipping-taxable","12":"purchasable","13":"product-type-variable"},"_links":{"self":[{"href":"https:\/\/www.porinox.com\/fr\/wp-json\/wp\/v2\/product\/2050","targetHints":{"allow":["GET"]}}],"collection":[{"href":"https:\/\/www.porinox.com\/fr\/wp-json\/wp\/v2\/product"}],"about":[{"href":"https:\/\/www.porinox.com\/fr\/wp-json\/wp\/v2\/types\/product"}],"replies":[{"embeddable":true,"href":"https:\/\/www.porinox.com\/fr\/wp-json\/wp\/v2\/comments?post=2050"}],"version-history":[{"count":0,"href":"https:\/\/www.porinox.com\/fr\/wp-json\/wp\/v2\/product\/2050\/revisions"}],"wp:featuredmedia":[{"embeddable":true,"href":"https:\/\/www.porinox.com\/fr\/wp-json\/wp\/v2\/media\/19420"}],"wp:attachment":[{"href":"https:\/\/www.porinox.com\/fr\/wp-json\/wp\/v2\/media?parent=2050"}],"wp:term":[{"taxonomy":"product_brand","embeddable":true,"href":"https:\/\/www.porinox.com\/fr\/wp-json\/wp\/v2\/product_brand?post=2050"},{"taxonomy":"product_cat","embeddable":true,"href":"https:\/\/www.porinox.com\/fr\/wp-json\/wp\/v2\/product_cat?post=2050"},{"taxonomy":"product_tag","embeddable":true,"href":"https:\/\/www.porinox.com\/fr\/wp-json\/wp\/v2\/product_tag?post=2050"}],"curies":[{"name":"wp","href":"https:\/\/api.w.org\/{rel}","templated":true}]}}