{"id":20473,"date":"2024-07-10T13:27:52","date_gmt":"2024-07-10T11:27:52","guid":{"rendered":"https:\/\/www.porinox.com\/?post_type=product&#038;p=20473"},"modified":"2024-07-30T11:05:11","modified_gmt":"2024-07-30T09:05:11","slug":"store-a-lamelles-sevre","status":"publish","type":"product","link":"https:\/\/www.porinox.com\/fr\/producto\/slat-ciego-destete\/","title":{"rendered":"STORE \u00c0 LAMELLES SEVR\u00c9"},"content":{"rendered":"<p>Fabriqu\u00e9 par <strong>moulage par injection de polypropyl\u00e8ne de haute qualit\u00e9<\/strong>, un produit est assur\u00e9<strong>\u00a0solide et durable<\/strong> que mantiene las propiedades de confort y agarre \u00f3ptimo para los animales.<\/p>\n<p>Este slat de grandes dimensiones permite cegar completamente zonas que lo requieran para evitar corrientes de aire y dar gran confortabilidad a los lechones en destete.<\/p>","protected":false},"excerpt":{"rendered":"<p>Fabricados por inyecci\u00f3n de polipropileno de alta calidad, se asegura un producto\u00a0resistente y duradero que mantiene las propiedades de confort y agarre \u00f3ptimo para los animales. Este slat de grandes dimensiones permite cegar completamente zonas que lo requieran para evitar corrientes de aire y dar gran confortabilidad a los lechones en destete.<\/p>","protected":false},"featured_media":20486,"comment_status":"open","ping_status":"closed","template":"","meta":[],"product_brand":[],"product_cat":[352,414,368],"product_tag":[],"class_list":{"0":"post-20473","1":"product","2":"type-product","3":"status-publish","4":"has-post-thumbnail","6":"product_cat-destete","7":"product_cat-slat","8":"product_cat-slats","10":"first","11":"instock","12":"shipping-taxable","13":"product-type-simple"},"_links":{"self":[{"href":"https:\/\/www.porinox.com\/fr\/wp-json\/wp\/v2\/product\/20473","targetHints":{"allow":["GET"]}}],"collection":[{"href":"https:\/\/www.porinox.com\/fr\/wp-json\/wp\/v2\/product"}],"about":[{"href":"https:\/\/www.porinox.com\/fr\/wp-json\/wp\/v2\/types\/product"}],"replies":[{"embeddable":true,"href":"https:\/\/www.porinox.com\/fr\/wp-json\/wp\/v2\/comments?post=20473"}],"version-history":[{"count":0,"href":"https:\/\/www.porinox.com\/fr\/wp-json\/wp\/v2\/product\/20473\/revisions"}],"wp:featuredmedia":[{"embeddable":true,"href":"https:\/\/www.porinox.com\/fr\/wp-json\/wp\/v2\/media\/20486"}],"wp:attachment":[{"href":"https:\/\/www.porinox.com\/fr\/wp-json\/wp\/v2\/media?parent=20473"}],"wp:term":[{"taxonomy":"product_brand","embeddable":true,"href":"https:\/\/www.porinox.com\/fr\/wp-json\/wp\/v2\/product_brand?post=20473"},{"taxonomy":"product_cat","embeddable":true,"href":"https:\/\/www.porinox.com\/fr\/wp-json\/wp\/v2\/product_cat?post=20473"},{"taxonomy":"product_tag","embeddable":true,"href":"https:\/\/www.porinox.com\/fr\/wp-json\/wp\/v2\/product_tag?post=20473"}],"curies":[{"name":"wp","href":"https:\/\/api.w.org\/{rel}","templated":true}]}}