{"id":2042,"date":"2020-02-13T07:50:57","date_gmt":"2020-02-13T07:50:57","guid":{"rendered":"https:\/\/porinox.com\/?post_type=product&#038;p=2042"},"modified":"2025-11-06T09:07:45","modified_gmt":"2025-11-06T08:07:45","slug":"porte-a-charnieres","status":"publish","type":"product","link":"https:\/\/www.porinox.com\/fr\/producto\/puerta-abatible\/","title":{"rendered":"PORTE A CHARNI\u00c8RE"},"content":{"rendered":"<p><strong>Porte \u00e0 charni\u00e8res en polypropyl\u00e8ne r\u00e9ticul\u00e9<\/strong>, une solution innovante et polyvalente con\u00e7ue pour rehausser la fonctionnalit\u00e9 et le style dans n'importe quel environnement. Avec une \u00e9paisseur imposante de 5 cm, cette porte garantit non seulement une solide durabilit\u00e9, mais offre \u00e9galement une isolation acoustique et thermique exceptionnelle gr\u00e2ce \u00e0 son mat\u00e9riau en polypropyl\u00e8ne r\u00e9ticul\u00e9 de haute qualit\u00e9.<\/p>\n<p>El marco de aluminio que rodea esta puerta asegura una resistencia adicional, haciendo de esta puerta una opci\u00f3n robusta y duradera para cualquier espacio. Su dise\u00f1o de sistema modular facilita la instalaci\u00f3n, permitiendo adaptarse con facilidad a diferentes configuraciones de espacio y necesidades espec\u00edficas.<\/p>\n<p>Ofrecemos la opci\u00f3n de perfilar con aluminio 3 lados o 4 lados.<\/p>\n<p>La polyvalence de cette porte ne s'arr\u00eate pas l\u00e0. Sa facilit\u00e9 d'installation et de nettoyage rend l'exp\u00e9rience de l'utilisateur sans souci. De plus, sa capacit\u00e9 \u00e0 s'adapter \u00e0 n'importe quel espace en fait un choix parfait pour ceux qui recherchent une solution personnalisable et efficace.<\/p>\n<p>Nous offrons la possibilit\u00e9 d'incorporer un judas, qui apporte un \u00e9l\u00e9ment suppl\u00e9mentaire de s\u00e9curit\u00e9 et de commodit\u00e9. Que ce soit pour garder un \u0153il sur l'ext\u00e9rieur ou pour accueillir les visiteurs en toute s\u00e9curit\u00e9, cet \u00e9l\u00e9ment suppl\u00e9mentaire renforce la fonctionnalit\u00e9 de la porte.<\/p>\n<p>&nbsp;<\/p>","protected":false},"excerpt":{"rendered":"<p>Nuestro sistema de puertas se adapta a cualquier espacio y medida. Resolvemos todas sus necesidades, con sus componentes dise\u00f1ados a medida, mejoramos su buen funcionamiento. Fabricadas en PVC y aluminio aseguramos su f\u00e1cil mantenimiento y higiene.<\/p>\n<p>Todo el perfil esta sellado con una junta de goma que evita las filtraciones y alarga su vida \u00fatil.<\/p>\n<p>Elija entre 3 o 4 perfiles, y su abertura a derecha o izquierda seg\u00fan sus necesidades.<\/p>","protected":false},"featured_media":19431,"comment_status":"open","ping_status":"closed","template":"","meta":[],"product_brand":[],"product_cat":[360,467],"product_tag":[],"class_list":{"0":"post-2042","1":"product","2":"type-product","3":"status-publish","4":"has-post-thumbnail","6":"product_cat-bioseguridad","7":"product_cat-puertas-peatonales-granjas-bioseguridad","9":"first","10":"instock","11":"shipping-taxable","12":"purchasable","13":"product-type-variable"},"_links":{"self":[{"href":"https:\/\/www.porinox.com\/fr\/wp-json\/wp\/v2\/product\/2042","targetHints":{"allow":["GET"]}}],"collection":[{"href":"https:\/\/www.porinox.com\/fr\/wp-json\/wp\/v2\/product"}],"about":[{"href":"https:\/\/www.porinox.com\/fr\/wp-json\/wp\/v2\/types\/product"}],"replies":[{"embeddable":true,"href":"https:\/\/www.porinox.com\/fr\/wp-json\/wp\/v2\/comments?post=2042"}],"version-history":[{"count":0,"href":"https:\/\/www.porinox.com\/fr\/wp-json\/wp\/v2\/product\/2042\/revisions"}],"wp:featuredmedia":[{"embeddable":true,"href":"https:\/\/www.porinox.com\/fr\/wp-json\/wp\/v2\/media\/19431"}],"wp:attachment":[{"href":"https:\/\/www.porinox.com\/fr\/wp-json\/wp\/v2\/media?parent=2042"}],"wp:term":[{"taxonomy":"product_brand","embeddable":true,"href":"https:\/\/www.porinox.com\/fr\/wp-json\/wp\/v2\/product_brand?post=2042"},{"taxonomy":"product_cat","embeddable":true,"href":"https:\/\/www.porinox.com\/fr\/wp-json\/wp\/v2\/product_cat?post=2042"},{"taxonomy":"product_tag","embeddable":true,"href":"https:\/\/www.porinox.com\/fr\/wp-json\/wp\/v2\/product_tag?post=2042"}],"curies":[{"name":"wp","href":"https:\/\/api.w.org\/{rel}","templated":true}]}}