{"id":20400,"date":"2024-05-02T13:39:10","date_gmt":"2024-05-02T11:39:10","guid":{"rendered":"https:\/\/www.porinox.com\/?post_type=product&#038;p=20400"},"modified":"2025-01-24T08:35:35","modified_gmt":"2025-01-24T07:35:35","slug":"ventilateur-ventilateur-g","status":"publish","type":"product","link":"https:\/\/www.porinox.com\/fr\/producto\/ventilador-fan-g\/","title":{"rendered":"FAN FAN G"},"content":{"rendered":"<p>Le ventilateur FAN G est con\u00e7u pour des performances optimales dans des environnements exigeants tels que les exploitations agricoles.<\/p>\n<p><strong>Gr\u00e2ce aux lamelles horizontales et verticales, nous pouvons orienter le flux d'air dans la direction qui nous convient le mieux, sans avoir besoin d'installer un d\u00e9flecteur. La fermeture compl\u00e8te des lamelles frontales permet d'emp\u00eacher l'entr\u00e9e d'air provenant de l'ext\u00e9rieur.<\/strong><\/p>\n<p>El FAN G est\u00e1 disponible en dos potencias:<\/p>\n<p>\u2022 1,5 cv 35,000 m3\/h<\/p>\n<p>\u2022 0,75 cv, 25,000 m3\/h<\/p>\n<p>Frecuencia de: 50\/60<\/p>\n<p>Los ventiladores Porinox est\u00e1n dise\u00f1ados para resistir ambientes corrosivos gracias a su construcci\u00f3n \u00edntegramente en acero inoxidable, asegurando una alta durabilidad y fiabilidad en el tiempo. Mant\u00e9n tus instalaciones frescas, eficientes y productivas con el ventilador FAN G de Porinox.<\/p>\n<p>&nbsp;<\/p>","protected":false},"excerpt":{"rendered":"<p>El ventilador FAN G est\u00e1 dise\u00f1ado para ofrecer un rendimiento \u00f3ptimo en entornos exigentes como granjas. Con lamas en sentido horizontal y vertical, podemos dirigir el flujo de aire en la direcci\u00f3n que m\u00e1s nos convenga, sin la necesitar de instalar un deflector. El cierre completo de las lamas frontales nos permite evitar la entrada [&hellip;]<\/p>\n","protected":false},"featured_media":22076,"comment_status":"open","ping_status":"closed","template":"","meta":[],"product_brand":[],"product_cat":[493,359,394],"product_tag":[],"class_list":{"0":"post-20400","1":"product","2":"type-product","3":"status-publish","4":"has-post-thumbnail","6":"product_cat-novedades","7":"product_cat-ventilacion","8":"product_cat-ventiladores","10":"first","11":"instock","12":"shipping-taxable","13":"product-type-simple"},"_links":{"self":[{"href":"https:\/\/www.porinox.com\/fr\/wp-json\/wp\/v2\/product\/20400","targetHints":{"allow":["GET"]}}],"collection":[{"href":"https:\/\/www.porinox.com\/fr\/wp-json\/wp\/v2\/product"}],"about":[{"href":"https:\/\/www.porinox.com\/fr\/wp-json\/wp\/v2\/types\/product"}],"replies":[{"embeddable":true,"href":"https:\/\/www.porinox.com\/fr\/wp-json\/wp\/v2\/comments?post=20400"}],"version-history":[{"count":0,"href":"https:\/\/www.porinox.com\/fr\/wp-json\/wp\/v2\/product\/20400\/revisions"}],"wp:featuredmedia":[{"embeddable":true,"href":"https:\/\/www.porinox.com\/fr\/wp-json\/wp\/v2\/media\/22076"}],"wp:attachment":[{"href":"https:\/\/www.porinox.com\/fr\/wp-json\/wp\/v2\/media?parent=20400"}],"wp:term":[{"taxonomy":"product_brand","embeddable":true,"href":"https:\/\/www.porinox.com\/fr\/wp-json\/wp\/v2\/product_brand?post=20400"},{"taxonomy":"product_cat","embeddable":true,"href":"https:\/\/www.porinox.com\/fr\/wp-json\/wp\/v2\/product_cat?post=20400"},{"taxonomy":"product_tag","embeddable":true,"href":"https:\/\/www.porinox.com\/fr\/wp-json\/wp\/v2\/product_tag?post=20400"}],"curies":[{"name":"wp","href":"https:\/\/api.w.org\/{rel}","templated":true}]}}