{"id":20380,"date":"2024-04-16T09:05:24","date_gmt":"2024-04-16T07:05:24","guid":{"rendered":"https:\/\/www.porinox.com\/?post_type=product&#038;p=20380"},"modified":"2025-04-01T11:50:21","modified_gmt":"2025-04-01T09:50:21","slug":"systeme-de-portes-de-sabres-et-de-roues","status":"publish","type":"product","link":"https:\/\/www.porinox.com\/fr\/producto\/puerta-sistema-espada-y-rueda\/","title":{"rendered":"SYST\u00c8ME DE PORTES, DE SABRES ET DE ROUES"},"content":{"rendered":"<h5>Portes sp\u00e9cialement con\u00e7ues pour le <strong>enclos de gestation<\/strong>.<\/h5>\n<p>Ils sont compos\u00e9s de deux parties : la porte en Porpanel\u00ae et le syst\u00e8me d'ouverture-fermeture compos\u00e9 d'un sabre vertical avec une roue pour ouvrir facilement la porte et la r\u00e9ception de la porte.<\/p>","protected":false},"excerpt":{"rendered":"<h5>Portes sp\u00e9cialement con\u00e7ues pour le <strong>enclos de gestation<\/strong>.<\/h5>\n<p>Ils sont compos\u00e9s de deux parties : la porte en Porpanel\u00ae et le syst\u00e8me d'ouverture-fermeture compos\u00e9 d'un sabre vertical avec une roue pour ouvrir facilement la porte et la r\u00e9ception de la porte.<\/p>","protected":false},"featured_media":20382,"comment_status":"open","ping_status":"closed","template":"","meta":[],"product_brand":[],"product_cat":[497,503],"product_tag":[],"class_list":{"0":"post-20380","1":"product","2":"type-product","3":"status-publish","4":"has-post-thumbnail","6":"product_cat-gestacion","7":"product_cat-vallas-gestacion","9":"first","10":"instock","11":"shipping-taxable","12":"product-type-simple"},"_links":{"self":[{"href":"https:\/\/www.porinox.com\/fr\/wp-json\/wp\/v2\/product\/20380","targetHints":{"allow":["GET"]}}],"collection":[{"href":"https:\/\/www.porinox.com\/fr\/wp-json\/wp\/v2\/product"}],"about":[{"href":"https:\/\/www.porinox.com\/fr\/wp-json\/wp\/v2\/types\/product"}],"replies":[{"embeddable":true,"href":"https:\/\/www.porinox.com\/fr\/wp-json\/wp\/v2\/comments?post=20380"}],"version-history":[{"count":0,"href":"https:\/\/www.porinox.com\/fr\/wp-json\/wp\/v2\/product\/20380\/revisions"}],"wp:featuredmedia":[{"embeddable":true,"href":"https:\/\/www.porinox.com\/fr\/wp-json\/wp\/v2\/media\/20382"}],"wp:attachment":[{"href":"https:\/\/www.porinox.com\/fr\/wp-json\/wp\/v2\/media?parent=20380"}],"wp:term":[{"taxonomy":"product_brand","embeddable":true,"href":"https:\/\/www.porinox.com\/fr\/wp-json\/wp\/v2\/product_brand?post=20380"},{"taxonomy":"product_cat","embeddable":true,"href":"https:\/\/www.porinox.com\/fr\/wp-json\/wp\/v2\/product_cat?post=20380"},{"taxonomy":"product_tag","embeddable":true,"href":"https:\/\/www.porinox.com\/fr\/wp-json\/wp\/v2\/product_tag?post=20380"}],"curies":[{"name":"wp","href":"https:\/\/api.w.org\/{rel}","templated":true}]}}