{"id":20372,"date":"2024-04-16T08:09:43","date_gmt":"2024-04-16T06:09:43","guid":{"rendered":"https:\/\/www.porinox.com\/?post_type=product&#038;p=20372"},"modified":"2024-12-18T08:43:56","modified_gmt":"2024-12-18T07:43:56","slug":"demi-boites","status":"publish","type":"product","link":"https:\/\/www.porinox.com\/fr\/producto\/semiboxes\/","title":{"rendered":"SEMIBOXES"},"content":{"rendered":"<p>Les mangeoires semi-box pour la gestation sont con\u00e7ues pour fournir \u00e0 la truie tous les aliments dont elle a besoin pendant le processus de gestation. <strong>Ils sont d\u00e9velopp\u00e9s avec un syst\u00e8me de division lin\u00e9aire qui garantit un espace optimal pour chaque animal.\u00a0<\/strong><\/p>","protected":false},"excerpt":{"rendered":"<p>Les mangeoires semi-box pour la gestation sont con\u00e7ues pour fournir \u00e0 la truie tous les aliments dont elle a besoin pendant le processus de gestation. <strong>Ils sont d\u00e9velopp\u00e9s avec un syst\u00e8me de division lin\u00e9aire qui garantit un espace optimal pour chaque animal.\u00a0<\/strong><\/p>","protected":false},"featured_media":20378,"comment_status":"open","ping_status":"closed","template":"","meta":[],"product_brand":[],"product_cat":[502,497],"product_tag":[],"class_list":{"0":"post-20372","1":"product","2":"type-product","3":"status-publish","4":"has-post-thumbnail","6":"product_cat-comederos-gestacion","7":"product_cat-gestacion","9":"first","10":"instock","11":"shipping-taxable","12":"product-type-simple"},"_links":{"self":[{"href":"https:\/\/www.porinox.com\/fr\/wp-json\/wp\/v2\/product\/20372","targetHints":{"allow":["GET"]}}],"collection":[{"href":"https:\/\/www.porinox.com\/fr\/wp-json\/wp\/v2\/product"}],"about":[{"href":"https:\/\/www.porinox.com\/fr\/wp-json\/wp\/v2\/types\/product"}],"replies":[{"embeddable":true,"href":"https:\/\/www.porinox.com\/fr\/wp-json\/wp\/v2\/comments?post=20372"}],"version-history":[{"count":0,"href":"https:\/\/www.porinox.com\/fr\/wp-json\/wp\/v2\/product\/20372\/revisions"}],"wp:featuredmedia":[{"embeddable":true,"href":"https:\/\/www.porinox.com\/fr\/wp-json\/wp\/v2\/media\/20378"}],"wp:attachment":[{"href":"https:\/\/www.porinox.com\/fr\/wp-json\/wp\/v2\/media?parent=20372"}],"wp:term":[{"taxonomy":"product_brand","embeddable":true,"href":"https:\/\/www.porinox.com\/fr\/wp-json\/wp\/v2\/product_brand?post=20372"},{"taxonomy":"product_cat","embeddable":true,"href":"https:\/\/www.porinox.com\/fr\/wp-json\/wp\/v2\/product_cat?post=20372"},{"taxonomy":"product_tag","embeddable":true,"href":"https:\/\/www.porinox.com\/fr\/wp-json\/wp\/v2\/product_tag?post=20372"}],"curies":[{"name":"wp","href":"https:\/\/api.w.org\/{rel}","templated":true}]}}