{"id":20370,"date":"2024-04-16T07:43:26","date_gmt":"2024-04-16T05:43:26","guid":{"rendered":"https:\/\/www.porinox.com\/?post_type=product&#038;p=20370"},"modified":"2024-07-23T14:42:51","modified_gmt":"2024-07-23T12:42:51","slug":"male-femelle-tubes-1-2-gestation","status":"publish","type":"product","link":"https:\/\/www.porinox.com\/fr\/producto\/tubos-macho-hembra-1-2-gestacion\/","title":{"rendered":"TUBES MALE\/FEMELLE 1\/2\u2033 (gestation)"},"content":{"rendered":"<p>Le <strong>tubes m\u00e2le\/femelle 1\/2\u2033 (gestation)<\/strong> de Porinox est\u00e1n dise\u00f1ados espec\u00edficamente para aplicaciones hidr\u00e1ulicas en instalaciones agr\u00edcolas.<\/p>\n<p>Fabricados en acero inoxidable 304, estos tubos tienen un di\u00e1metro de 21,3 mm y un espesor de 2 mm. Ofrecen una gran versatilidad, permitiendo combinaciones de roscas macho y hembra seg\u00fan las necesidades del cliente.<\/p>\n<p>Cada tubo es personalizable en cuanto a longitud y tipo de roscado, asegurando una instalaci\u00f3n adecuada en los sistemas de bebederos y otras aplicaciones hidr\u00e1ulicas en granjas<\/p>\n<p>&nbsp;<\/p>","protected":false},"excerpt":{"rendered":"<p>Los tubos macho\/hembra 1\/2&#8243; (gestaci\u00f3n) de Porinox est\u00e1n dise\u00f1ados espec\u00edficamente para aplicaciones hidr\u00e1ulicas en instalaciones agr\u00edcolas. Fabricados en acero inoxidable 304, estos tubos tienen un di\u00e1metro de 21,3 mm y un espesor de 2 mm. Ofrecen una gran versatilidad, permitiendo combinaciones de roscas macho y hembra seg\u00fan las necesidades del cliente. Cada tubo es personalizable [&hellip;]<\/p>\n","protected":false},"featured_media":18698,"comment_status":"open","ping_status":"closed","template":"","meta":[],"product_brand":[],"product_cat":[497,498,501],"product_tag":[],"class_list":{"0":"post-20370","1":"product","2":"type-product","3":"status-publish","4":"has-post-thumbnail","6":"product_cat-gestacion","7":"product_cat-bebederos-gestacion","8":"product_cat-complementos-bebederos-gestacion","10":"first","11":"instock","12":"shipping-taxable","13":"product-type-simple"},"_links":{"self":[{"href":"https:\/\/www.porinox.com\/fr\/wp-json\/wp\/v2\/product\/20370","targetHints":{"allow":["GET"]}}],"collection":[{"href":"https:\/\/www.porinox.com\/fr\/wp-json\/wp\/v2\/product"}],"about":[{"href":"https:\/\/www.porinox.com\/fr\/wp-json\/wp\/v2\/types\/product"}],"replies":[{"embeddable":true,"href":"https:\/\/www.porinox.com\/fr\/wp-json\/wp\/v2\/comments?post=20370"}],"version-history":[{"count":0,"href":"https:\/\/www.porinox.com\/fr\/wp-json\/wp\/v2\/product\/20370\/revisions"}],"wp:featuredmedia":[{"embeddable":true,"href":"https:\/\/www.porinox.com\/fr\/wp-json\/wp\/v2\/media\/18698"}],"wp:attachment":[{"href":"https:\/\/www.porinox.com\/fr\/wp-json\/wp\/v2\/media?parent=20370"}],"wp:term":[{"taxonomy":"product_brand","embeddable":true,"href":"https:\/\/www.porinox.com\/fr\/wp-json\/wp\/v2\/product_brand?post=20370"},{"taxonomy":"product_cat","embeddable":true,"href":"https:\/\/www.porinox.com\/fr\/wp-json\/wp\/v2\/product_cat?post=20370"},{"taxonomy":"product_tag","embeddable":true,"href":"https:\/\/www.porinox.com\/fr\/wp-json\/wp\/v2\/product_tag?post=20370"}],"curies":[{"name":"wp","href":"https:\/\/api.w.org\/{rel}","templated":true}]}}