{"id":20146,"date":"2024-03-04T12:24:36","date_gmt":"2024-03-04T11:24:36","guid":{"rendered":"https:\/\/www.porinox.com\/?post_type=product&#038;p=20146"},"modified":"2024-07-30T08:21:42","modified_gmt":"2024-07-30T06:21:42","slug":"t-bouche-tombante","status":"publish","type":"product","link":"https:\/\/www.porinox.com\/fr\/producto\/t-boca-caida\/","title":{"rendered":"T-MOUTH FALLS"},"content":{"rendered":"<div class=\"elementor-element elementor-element-060bb1a e-con-full e-flex e-con e-child\" data-id=\"060bb1a\" data-element_type=\"container\" data-settings=\"{&quot;content_width&quot;:&quot;full&quot;}\">\n<div class=\"elementor-element elementor-element-22f6718 animated-slow elementor-widget elementor-widget-text-editor animated fadeIn\" data-id=\"22f6718\" data-element_type=\"widget\" data-settings=\"{&quot;_animation&quot;:&quot;fadeIn&quot;}\" data-widget_type=\"text-editor.default\">\n<div class=\"elementor-widget-container\">\n<p>Le raccord en T Porinox est un raccord pour tuyau en PVC utilis\u00e9 dans les syst\u00e8mes de distribution. Il est disponible en deux tailles :<\/p>\n<ol>\n<li>Diam\u00e8tre d'entr\u00e9e 55-60 mm avec tuyau de descente 50 mm (r\u00e9f. 001.381.608).<\/li>\n<li>Diam\u00e8tre d'entr\u00e9e 75-90 mm avec tuyau de descente 63 mm (r\u00e9f. 001.381.610).<\/li>\n<\/ol>\n<p>Fabriqu\u00e9 en PVC, il offre durabilit\u00e9 et r\u00e9sistance dans une vari\u00e9t\u00e9 d'applications industrielles.<\/p>\n<\/div>\n<\/div>\n<\/div>","protected":false},"excerpt":{"rendered":"<p>La T-boca ca\u00edda de Porinox es un accesorio para tubos de PVC de l\u00ednea, utilizado en sistemas de distribuci\u00f3n. Est\u00e1 disponible en dos tama\u00f1os: Di\u00e1metro de entrada de 55-60 mm con tubo de bajada de 50 mm (ref. 001.381.608). Di\u00e1metro de entrada de 75-90 mm con tubo de bajada de 63 mm (ref. 001.381.610). Fabricada [&hellip;]<\/p>\n","protected":false},"featured_media":20148,"comment_status":"open","ping_status":"closed","template":"","meta":[],"product_brand":[],"product_cat":[356,488,491],"product_tag":[],"class_list":{"0":"post-20146","1":"product","2":"type-product","3":"status-publish","4":"has-post-thumbnail","6":"product_cat-sistemas-de-distribucion","7":"product_cat-accesorios-tubos-de-linea","8":"product_cat-tubos-de-linea","10":"first","11":"instock","12":"shipping-taxable","13":"product-type-simple"},"_links":{"self":[{"href":"https:\/\/www.porinox.com\/fr\/wp-json\/wp\/v2\/product\/20146","targetHints":{"allow":["GET"]}}],"collection":[{"href":"https:\/\/www.porinox.com\/fr\/wp-json\/wp\/v2\/product"}],"about":[{"href":"https:\/\/www.porinox.com\/fr\/wp-json\/wp\/v2\/types\/product"}],"replies":[{"embeddable":true,"href":"https:\/\/www.porinox.com\/fr\/wp-json\/wp\/v2\/comments?post=20146"}],"version-history":[{"count":0,"href":"https:\/\/www.porinox.com\/fr\/wp-json\/wp\/v2\/product\/20146\/revisions"}],"wp:featuredmedia":[{"embeddable":true,"href":"https:\/\/www.porinox.com\/fr\/wp-json\/wp\/v2\/media\/20148"}],"wp:attachment":[{"href":"https:\/\/www.porinox.com\/fr\/wp-json\/wp\/v2\/media?parent=20146"}],"wp:term":[{"taxonomy":"product_brand","embeddable":true,"href":"https:\/\/www.porinox.com\/fr\/wp-json\/wp\/v2\/product_brand?post=20146"},{"taxonomy":"product_cat","embeddable":true,"href":"https:\/\/www.porinox.com\/fr\/wp-json\/wp\/v2\/product_cat?post=20146"},{"taxonomy":"product_tag","embeddable":true,"href":"https:\/\/www.porinox.com\/fr\/wp-json\/wp\/v2\/product_tag?post=20146"}],"curies":[{"name":"wp","href":"https:\/\/api.w.org\/{rel}","templated":true}]}}