{"id":19998,"date":"2024-02-20T14:34:31","date_gmt":"2024-02-20T13:34:31","guid":{"rendered":"https:\/\/www.porinox.com\/?post_type=product&#038;p=19998"},"modified":"2025-04-01T11:52:50","modified_gmt":"2025-04-01T09:52:50","slug":"slatfix-rem-fattening","status":"publish","type":"product","link":"https:\/\/www.porinox.com\/fr\/producto\/slatfix-rem-engorde\/","title":{"rendered":"SLATFIX REM FATTENING"},"content":{"rendered":"<p>Ancrage pour latte en b\u00e9ton, avec \u00e9crou rivet\u00e9 int\u00e9gr\u00e9. Installation par le dessous de la latte en b\u00e9ton.<\/p>","protected":false},"excerpt":{"rendered":"<p>Ancrage pour latte en b\u00e9ton, avec \u00e9crou rivet\u00e9 int\u00e9gr\u00e9. Installation par le dessous de la latte en b\u00e9ton.<\/p>","protected":false},"featured_media":19999,"comment_status":"open","ping_status":"closed","template":"","meta":[],"product_brand":[],"product_cat":[353,427,371],"product_tag":[],"class_list":{"0":"post-19998","1":"product","2":"type-product","3":"status-publish","4":"has-post-thumbnail","6":"product_cat-engorde","7":"product_cat-herrajes-engorde","8":"product_cat-puertas-y-vallas","10":"first","11":"instock","12":"shipping-taxable","13":"product-type-simple"},"_links":{"self":[{"href":"https:\/\/www.porinox.com\/fr\/wp-json\/wp\/v2\/product\/19998","targetHints":{"allow":["GET"]}}],"collection":[{"href":"https:\/\/www.porinox.com\/fr\/wp-json\/wp\/v2\/product"}],"about":[{"href":"https:\/\/www.porinox.com\/fr\/wp-json\/wp\/v2\/types\/product"}],"replies":[{"embeddable":true,"href":"https:\/\/www.porinox.com\/fr\/wp-json\/wp\/v2\/comments?post=19998"}],"version-history":[{"count":0,"href":"https:\/\/www.porinox.com\/fr\/wp-json\/wp\/v2\/product\/19998\/revisions"}],"wp:featuredmedia":[{"embeddable":true,"href":"https:\/\/www.porinox.com\/fr\/wp-json\/wp\/v2\/media\/19999"}],"wp:attachment":[{"href":"https:\/\/www.porinox.com\/fr\/wp-json\/wp\/v2\/media?parent=19998"}],"wp:term":[{"taxonomy":"product_brand","embeddable":true,"href":"https:\/\/www.porinox.com\/fr\/wp-json\/wp\/v2\/product_brand?post=19998"},{"taxonomy":"product_cat","embeddable":true,"href":"https:\/\/www.porinox.com\/fr\/wp-json\/wp\/v2\/product_cat?post=19998"},{"taxonomy":"product_tag","embeddable":true,"href":"https:\/\/www.porinox.com\/fr\/wp-json\/wp\/v2\/product_tag?post=19998"}],"curies":[{"name":"wp","href":"https:\/\/api.w.org\/{rel}","templated":true}]}}