{"id":19983,"date":"2024-02-20T12:42:52","date_gmt":"2024-02-20T11:42:52","guid":{"rendered":"https:\/\/www.porinox.com\/?post_type=product&#038;p=19983"},"modified":"2024-07-29T15:17:26","modified_gmt":"2024-07-29T13:17:26","slug":"a22-plus","status":"publish","type":"product","link":"https:\/\/www.porinox.com\/fr\/producto\/a22-plus\/","title":{"rendered":"A22 PLUS"},"content":{"rendered":"<p>La gamme d'abreuvoirs offre diff\u00e9rents mod\u00e8les et compl\u00e9ments adaptables \u00e0 vos besoins. Ils sont con\u00e7us pour offrir une\u00a0<strong>plus grande capacit\u00e9 d'eau et fabriqu\u00e9 en acier inoxydable de haute qualit\u00e9<\/strong>. Assemblage par soudage robotis\u00e9 pour un r\u00e9sultat solide et durable, sans fuite d'eau.<\/p>","protected":false},"excerpt":{"rendered":"<p>La gama de bebederos ofrece diferentes modelos y complementos adaptables a sus necesidades. Est\u00e1n dise\u00f1ados para ofrecer una\u00a0mayor capacidad de agua y fabricados en acero inoxidable de alta calidad. Ensamblados con soldadura robotizada para un resultado resistente y duradero, sin p\u00e9rdidas de agua.<\/p>","protected":false},"featured_media":19990,"comment_status":"open","ping_status":"closed","template":"","meta":[],"product_brand":[],"product_cat":[493,420,370,353],"product_tag":[],"class_list":{"0":"post-19983","1":"product","2":"type-product","3":"status-publish","4":"has-post-thumbnail","6":"product_cat-novedades","7":"product_cat-bebederos-bebederos-engorde","8":"product_cat-bebederos-engorde","9":"product_cat-engorde","11":"first","12":"instock","13":"shipping-taxable","14":"product-type-simple"},"_links":{"self":[{"href":"https:\/\/www.porinox.com\/fr\/wp-json\/wp\/v2\/product\/19983","targetHints":{"allow":["GET"]}}],"collection":[{"href":"https:\/\/www.porinox.com\/fr\/wp-json\/wp\/v2\/product"}],"about":[{"href":"https:\/\/www.porinox.com\/fr\/wp-json\/wp\/v2\/types\/product"}],"replies":[{"embeddable":true,"href":"https:\/\/www.porinox.com\/fr\/wp-json\/wp\/v2\/comments?post=19983"}],"version-history":[{"count":0,"href":"https:\/\/www.porinox.com\/fr\/wp-json\/wp\/v2\/product\/19983\/revisions"}],"wp:featuredmedia":[{"embeddable":true,"href":"https:\/\/www.porinox.com\/fr\/wp-json\/wp\/v2\/media\/19990"}],"wp:attachment":[{"href":"https:\/\/www.porinox.com\/fr\/wp-json\/wp\/v2\/media?parent=19983"}],"wp:term":[{"taxonomy":"product_brand","embeddable":true,"href":"https:\/\/www.porinox.com\/fr\/wp-json\/wp\/v2\/product_brand?post=19983"},{"taxonomy":"product_cat","embeddable":true,"href":"https:\/\/www.porinox.com\/fr\/wp-json\/wp\/v2\/product_cat?post=19983"},{"taxonomy":"product_tag","embeddable":true,"href":"https:\/\/www.porinox.com\/fr\/wp-json\/wp\/v2\/product_tag?post=19983"}],"curies":[{"name":"wp","href":"https:\/\/api.w.org\/{rel}","templated":true}]}}