{"id":1995,"date":"2020-02-06T14:04:52","date_gmt":"2020-02-06T14:04:52","guid":{"rendered":"https:\/\/porinox.com\/?post_type=product&#038;p=1995"},"modified":"2024-07-18T15:07:58","modified_gmt":"2024-07-18T13:07:58","slug":"portes-du-parc-de-sevrage","status":"publish","type":"product","link":"https:\/\/www.porinox.com\/fr\/producto\/puertas-para-corral-de-destete\/","title":{"rendered":"SYST\u00c8ME DE PORTE \u00c0 CROCHET"},"content":{"rendered":"<p>Le <strong>portes du parc de sevrage<\/strong> Les barri\u00e8res en acier inoxydable de Porinox sont fabriqu\u00e9es en acier inoxydable 304, ce qui garantit leur durabilit\u00e9 et leur r\u00e9sistance \u00e0 la corrosion. Ce syst\u00e8me comprend des barri\u00e8res, des poteaux et des ancrages sp\u00e9cialement con\u00e7us pour les parcs de sevrage. Les portillons sont adapt\u00e9s aux panneaux de 3,5 cm d'\u00e9paisseur, ce qui constitue une solution robuste et fiable pour la gestion de l'espace dans les porcheries.<\/p>","protected":false},"excerpt":{"rendered":"<p>Les parcs de sevrage exigent un haut degr\u00e9 d'hygi\u00e8ne et d'adaptabilit\u00e9 \u00e0 chaque maison. Pour ce faire, nous proposons un mod\u00e8le de panneau totalement herm\u00e9tique de 3,5 cm d'\u00e9paisseur, en PVC, sans joints ni interstices, qui nous permet de cr\u00e9er les cloisons et les portes. L'installation est r\u00e9alis\u00e9e avec un syst\u00e8me d'ancrage et d'ouverture con\u00e7u pour faciliter la d\u00e9sinfection, en \u00e9vitant les points d'accumulation de la salet\u00e9 ; en acier inoxydable pour une plus grande solidit\u00e9 et durabilit\u00e9.<\/p>","protected":false},"featured_media":18714,"comment_status":"open","ping_status":"closed","template":"","meta":[],"product_brand":[],"product_cat":[352,411,365],"product_tag":[],"class_list":{"0":"post-1995","1":"product","2":"type-product","3":"status-publish","4":"has-post-thumbnail","6":"product_cat-destete","7":"product_cat-puertas-destete","8":"product_cat-puertas-y-vallas-destete","10":"first","11":"instock","12":"shipping-taxable","13":"product-type-simple"},"_links":{"self":[{"href":"https:\/\/www.porinox.com\/fr\/wp-json\/wp\/v2\/product\/1995","targetHints":{"allow":["GET"]}}],"collection":[{"href":"https:\/\/www.porinox.com\/fr\/wp-json\/wp\/v2\/product"}],"about":[{"href":"https:\/\/www.porinox.com\/fr\/wp-json\/wp\/v2\/types\/product"}],"replies":[{"embeddable":true,"href":"https:\/\/www.porinox.com\/fr\/wp-json\/wp\/v2\/comments?post=1995"}],"version-history":[{"count":0,"href":"https:\/\/www.porinox.com\/fr\/wp-json\/wp\/v2\/product\/1995\/revisions"}],"wp:featuredmedia":[{"embeddable":true,"href":"https:\/\/www.porinox.com\/fr\/wp-json\/wp\/v2\/media\/18714"}],"wp:attachment":[{"href":"https:\/\/www.porinox.com\/fr\/wp-json\/wp\/v2\/media?parent=1995"}],"wp:term":[{"taxonomy":"product_brand","embeddable":true,"href":"https:\/\/www.porinox.com\/fr\/wp-json\/wp\/v2\/product_brand?post=1995"},{"taxonomy":"product_cat","embeddable":true,"href":"https:\/\/www.porinox.com\/fr\/wp-json\/wp\/v2\/product_cat?post=1995"},{"taxonomy":"product_tag","embeddable":true,"href":"https:\/\/www.porinox.com\/fr\/wp-json\/wp\/v2\/product_tag?post=1995"}],"curies":[{"name":"wp","href":"https:\/\/api.w.org\/{rel}","templated":true}]}}