{"id":19837,"date":"2024-02-14T12:07:08","date_gmt":"2024-02-14T11:07:08","guid":{"rendered":"https:\/\/www.porinox.com\/?post_type=product&#038;p=19837"},"modified":"2025-04-01T12:38:00","modified_gmt":"2025-04-01T10:38:00","slug":"fontaine-a-boire-a28m-wings","status":"publish","type":"product","link":"https:\/\/www.porinox.com\/fr\/producto\/bebedero-a28m-alas\/","title":{"rendered":"FONTAINE \u00c0 BOIRE A28M WINGS"},"content":{"rendered":"<div class=\"elementor-element elementor-element-060bb1a e-con-full e-flex e-con e-child\" data-id=\"060bb1a\" data-element_type=\"container\" data-settings=\"{&quot;content_width&quot;:&quot;full&quot;}\">\n<div class=\"elementor-element elementor-element-22f6718 animated-slow elementor-widget elementor-widget-text-editor animated fadeIn\" data-id=\"22f6718\" data-element_type=\"widget\" data-settings=\"{&quot;_animation&quot;:&quot;fadeIn&quot;}\" data-widget_type=\"text-editor.default\">\n<div class=\"elementor-widget-container\">\n<h3>Abreuvoir con\u00e7u pour les vaches en phase de maternit\u00e9.<\/h3>\n<p>Conception de <strong>grande capacit\u00e9<\/strong>\u00a0et avec un<strong>\u00a0bouche tr\u00e8s large pour faciliter l'acc\u00e8s de la m\u00e8re<\/strong> et enti\u00e8rement en acier inoxydable pour une plus grande robustesse et durabilit\u00e9. Toutes les pi\u00e8ces sont assembl\u00e9es par soudage robotis\u00e9 \u00e0 tous les angles, ce qui permet de tirer le meilleur parti de l'eau et d'\u00e9viter les fuites \u00e9ventuelles. <strong>Il incorpore une pince pour un meilleur serrage du tube.\u00a0<\/strong><\/p>\n<div><\/div>\n<\/div>\n<\/div>\n<\/div>","protected":false},"excerpt":{"rendered":"<h3>Abreuvoir con\u00e7u pour les vaches en phase de maternit\u00e9.<\/h3>\n<p>Conception de <strong>grande capacit\u00e9<\/strong>\u00a0et avec un<strong>\u00a0bouche tr\u00e8s large pour faciliter l'acc\u00e8s de la m\u00e8re<\/strong> et enti\u00e8rement en acier inoxydable pour une plus grande robustesse et durabilit\u00e9. Toutes les pi\u00e8ces sont assembl\u00e9es par soudage robotis\u00e9 \u00e0 tous les angles, ce qui permet de tirer le meilleur parti de l'eau et d'\u00e9viter les fuites \u00e9ventuelles. <strong>Il incorpore une pince pour un meilleur serrage du tube.\u00a0<\/strong><\/p>\n<div><\/div>","protected":false},"featured_media":19838,"comment_status":"open","ping_status":"closed","template":"","meta":[],"product_brand":[],"product_cat":[493,499,430,498,375,497,354],"product_tag":[],"class_list":{"0":"post-19837","1":"product","2":"type-product","3":"status-publish","4":"has-post-thumbnail","6":"product_cat-novedades","7":"product_cat-a28-gestacion","8":"product_cat-a28","9":"product_cat-bebederos-gestacion","10":"product_cat-bebederos-maternidad","11":"product_cat-gestacion","12":"product_cat-maternidad-y-parideras","14":"first","15":"instock","16":"shipping-taxable","17":"product-type-simple"},"_links":{"self":[{"href":"https:\/\/www.porinox.com\/fr\/wp-json\/wp\/v2\/product\/19837","targetHints":{"allow":["GET"]}}],"collection":[{"href":"https:\/\/www.porinox.com\/fr\/wp-json\/wp\/v2\/product"}],"about":[{"href":"https:\/\/www.porinox.com\/fr\/wp-json\/wp\/v2\/types\/product"}],"replies":[{"embeddable":true,"href":"https:\/\/www.porinox.com\/fr\/wp-json\/wp\/v2\/comments?post=19837"}],"version-history":[{"count":0,"href":"https:\/\/www.porinox.com\/fr\/wp-json\/wp\/v2\/product\/19837\/revisions"}],"wp:featuredmedia":[{"embeddable":true,"href":"https:\/\/www.porinox.com\/fr\/wp-json\/wp\/v2\/media\/19838"}],"wp:attachment":[{"href":"https:\/\/www.porinox.com\/fr\/wp-json\/wp\/v2\/media?parent=19837"}],"wp:term":[{"taxonomy":"product_brand","embeddable":true,"href":"https:\/\/www.porinox.com\/fr\/wp-json\/wp\/v2\/product_brand?post=19837"},{"taxonomy":"product_cat","embeddable":true,"href":"https:\/\/www.porinox.com\/fr\/wp-json\/wp\/v2\/product_cat?post=19837"},{"taxonomy":"product_tag","embeddable":true,"href":"https:\/\/www.porinox.com\/fr\/wp-json\/wp\/v2\/product_tag?post=19837"}],"curies":[{"name":"wp","href":"https:\/\/api.w.org\/{rel}","templated":true}]}}