{"id":19805,"date":"2024-02-06T09:09:58","date_gmt":"2024-02-06T08:09:58","guid":{"rendered":"https:\/\/www.porinox.com\/?post_type=product&#038;p=19805"},"modified":"2025-10-10T09:48:33","modified_gmt":"2025-10-10T07:48:33","slug":"t-fin-de-ligne","status":"publish","type":"product","link":"https:\/\/www.porinox.com\/fr\/producto\/t-final-de-linea\/","title":{"rendered":"T-END OF LINE"},"content":{"rendered":"<h4>L'accessoire Porinox \u00abT End of Line\u00bb est un \u00e9l\u00e9ment essentiel pour la fermeture des syst\u00e8mes de distribution d'aliments dans les \u00e9levages de porcs.<\/h4>\n<p>Il est con\u00e7u pour \u00eatre utilis\u00e9 avec des syst\u00e8mes \u00e0 cha\u00eene et \u00e0 spirale, et est compatible avec des tuyaux en acier inoxydable de 60 mm de diam\u00e8tre, avec un tuyau de descente de 63 mm. Fabriqu\u00e9 en PVC de 3 mm d'\u00e9paisseur, il permet un montage rapide par une l\u00e9g\u00e8re pression. Ses dimensions sont de 6 cm de large, 17,3 cm de haut et 15 cm de profondeur, ce qui le rend facile \u00e0 installer et efficace \u00e0 utiliser.<span class=\"\" data-state=\"closed\"><span class=\"text-token-text-secondary\"> (<\/span><a class=\"text-green-600 !no-underline\" href=\"https:\/\/www.porinox.com\/fr\/produit\/t-fin-de-ligne\/\" target=\"_blank\" rel=\"noopener noreferrer\">Porinox<\/a><span class=\"text-token-text-secondary\">)<\/span><\/span>.<\/p>","protected":false},"excerpt":{"rendered":"<h4>L'accessoire Porinox \u00abT End of Line\u00bb est un \u00e9l\u00e9ment essentiel pour la fermeture des syst\u00e8mes de distribution d'aliments dans les \u00e9levages de porcs.<\/h4>\n<p>Il est con\u00e7u pour \u00eatre utilis\u00e9 avec des syst\u00e8mes \u00e0 cha\u00eene et \u00e0 spirale, et est compatible avec des tuyaux en acier inoxydable de 60 mm de diam\u00e8tre, avec un tuyau de descente de 63 mm. Fabriqu\u00e9 en PVC de 3 mm d'\u00e9paisseur, il permet un montage rapide par une l\u00e9g\u00e8re pression. Ses dimensions sont de 6 cm de large, 17,3 cm de haut et 15 cm de profondeur, ce qui le rend facile \u00e0 installer et efficace \u00e0 utiliser.<span class=\"\" data-state=\"closed\"><span class=\"text-token-text-secondary\"> (<\/span><a class=\"text-green-600 !no-underline\" href=\"https:\/\/www.porinox.com\/fr\/produit\/t-fin-de-ligne\/\" target=\"_blank\" rel=\"noopener noreferrer\">Porinox<\/a><span class=\"text-token-text-secondary\">)<\/span><\/span>.<\/p>","protected":false},"featured_media":19807,"comment_status":"open","ping_status":"closed","template":"","meta":[],"product_brand":[],"product_cat":[356,488,491],"product_tag":[],"class_list":{"0":"post-19805","1":"product","2":"type-product","3":"status-publish","4":"has-post-thumbnail","6":"product_cat-sistemas-de-distribucion","7":"product_cat-accesorios-tubos-de-linea","8":"product_cat-tubos-de-linea","10":"first","11":"instock","12":"shipping-taxable","13":"product-type-simple"},"_links":{"self":[{"href":"https:\/\/www.porinox.com\/fr\/wp-json\/wp\/v2\/product\/19805","targetHints":{"allow":["GET"]}}],"collection":[{"href":"https:\/\/www.porinox.com\/fr\/wp-json\/wp\/v2\/product"}],"about":[{"href":"https:\/\/www.porinox.com\/fr\/wp-json\/wp\/v2\/types\/product"}],"replies":[{"embeddable":true,"href":"https:\/\/www.porinox.com\/fr\/wp-json\/wp\/v2\/comments?post=19805"}],"version-history":[{"count":0,"href":"https:\/\/www.porinox.com\/fr\/wp-json\/wp\/v2\/product\/19805\/revisions"}],"wp:featuredmedia":[{"embeddable":true,"href":"https:\/\/www.porinox.com\/fr\/wp-json\/wp\/v2\/media\/19807"}],"wp:attachment":[{"href":"https:\/\/www.porinox.com\/fr\/wp-json\/wp\/v2\/media?parent=19805"}],"wp:term":[{"taxonomy":"product_brand","embeddable":true,"href":"https:\/\/www.porinox.com\/fr\/wp-json\/wp\/v2\/product_brand?post=19805"},{"taxonomy":"product_cat","embeddable":true,"href":"https:\/\/www.porinox.com\/fr\/wp-json\/wp\/v2\/product_cat?post=19805"},{"taxonomy":"product_tag","embeddable":true,"href":"https:\/\/www.porinox.com\/fr\/wp-json\/wp\/v2\/product_tag?post=19805"}],"curies":[{"name":"wp","href":"https:\/\/api.w.org\/{rel}","templated":true}]}}