{"id":19785,"date":"2024-02-01T13:36:20","date_gmt":"2024-02-01T12:36:20","guid":{"rendered":"https:\/\/www.porinox.com\/?post_type=product&#038;p=19785"},"modified":"2024-07-29T15:08:58","modified_gmt":"2024-07-29T13:08:58","slug":"raclette-en-acier-inoxydable-pvc-440-box","status":"publish","type":"product","link":"https:\/\/www.porinox.com\/fr\/producto\/rasera-pvc-inox-440-cajetin\/","title":{"rendered":"RACLETTE PVC \/ ACIER INOXYDABLE 440 BO\u00ceTE"},"content":{"rendered":"<p>Permet d'ouvrir ou de fermer le passage d'alimentation. Selon son positionnement, il permet de sortir en <strong>horizontal<\/strong> ou avec <strong>inclinaison<\/strong>. Con\u00e7u pour s'int\u00e9grer aux bo\u00eetes de distribution en spirale.<\/p>\n<p>&nbsp;<\/p>","protected":false},"excerpt":{"rendered":"<p>Permite abrir o cerrar el paso del pienso. Seg\u00fan su colocaci\u00f3n permite salir en horizontal o con inclinaci\u00f3n. Dise\u00f1ado para integrarse con los cajetines de distribuci\u00f3n en espiral. &nbsp;<\/p>","protected":false},"featured_media":19786,"comment_status":"open","ping_status":"closed","template":"","meta":[],"product_brand":[],"product_cat":[356,483,380],"product_tag":[],"class_list":{"0":"post-19785","1":"product","2":"type-product","3":"status-publish","4":"has-post-thumbnail","6":"product_cat-sistemas-de-distribucion","7":"product_cat-conexiones-a-silo","8":"product_cat-espiral","10":"first","11":"instock","12":"shipping-taxable","13":"product-type-simple"},"_links":{"self":[{"href":"https:\/\/www.porinox.com\/fr\/wp-json\/wp\/v2\/product\/19785","targetHints":{"allow":["GET"]}}],"collection":[{"href":"https:\/\/www.porinox.com\/fr\/wp-json\/wp\/v2\/product"}],"about":[{"href":"https:\/\/www.porinox.com\/fr\/wp-json\/wp\/v2\/types\/product"}],"replies":[{"embeddable":true,"href":"https:\/\/www.porinox.com\/fr\/wp-json\/wp\/v2\/comments?post=19785"}],"version-history":[{"count":0,"href":"https:\/\/www.porinox.com\/fr\/wp-json\/wp\/v2\/product\/19785\/revisions"}],"wp:featuredmedia":[{"embeddable":true,"href":"https:\/\/www.porinox.com\/fr\/wp-json\/wp\/v2\/media\/19786"}],"wp:attachment":[{"href":"https:\/\/www.porinox.com\/fr\/wp-json\/wp\/v2\/media?parent=19785"}],"wp:term":[{"taxonomy":"product_brand","embeddable":true,"href":"https:\/\/www.porinox.com\/fr\/wp-json\/wp\/v2\/product_brand?post=19785"},{"taxonomy":"product_cat","embeddable":true,"href":"https:\/\/www.porinox.com\/fr\/wp-json\/wp\/v2\/product_cat?post=19785"},{"taxonomy":"product_tag","embeddable":true,"href":"https:\/\/www.porinox.com\/fr\/wp-json\/wp\/v2\/product_tag?post=19785"}],"curies":[{"name":"wp","href":"https:\/\/api.w.org\/{rel}","templated":true}]}}