{"id":1978,"date":"2020-02-06T11:35:25","date_gmt":"2020-02-06T11:35:25","guid":{"rendered":"https:\/\/porinox.com\/?post_type=product&#038;p=1978"},"modified":"2026-01-20T09:32:35","modified_gmt":"2026-01-20T08:32:35","slug":"clotures-de-sevrage","status":"publish","type":"product","link":"https:\/\/www.porinox.com\/fr\/producto\/vallas-para-destete\/","title":{"rendered":"CL\u00d4TURES DE SEVRAGE"},"content":{"rendered":"<p>Les parcs de sevrage exigent un haut degr\u00e9 d'hygi\u00e8ne, ainsi qu'un nettoyage et une d\u00e9sinfection faciles. C'est pourquoi nous proposons la cl\u00f4ture en panneaux de PVC, un mat\u00e9riau non poreux, \u00e9tanche \u00e0 l'air, sans joint, sans rainure et sans interstice.\u00a0<strong>nous \u00e9vitons les points d'accumulation de salet\u00e9.<\/strong><\/p>\n<p>Le panneau en nid d'abeille de 3,5 cm est \u00e0 la fois solide et l\u00e9ger, ce qui permet \u00e0 l'utilisateur d'avoir acc\u00e8s \u00e0 l'information.<strong>\u00a0cr\u00e9er les cloisons et les portes,\u00a0<\/strong>ferme et s\u00fbr pour la phase de sevrage.<\/p>\n<p>Las vallas con tubo para destete son el modelo de valla mas seguras y mas practicas. M\u00e1s seguras ya que con 10 cm extra de altura evitar posibles saltos de valla. Y m\u00e1s c\u00f3modas y ergon\u00f3micas para trabajar el granjero, adem\u00e1s de ofrecer un buen acabado est\u00e9tico a la granja.<\/p>\n<p>L'installation et le montage des cl\u00f4tures s'effectuent \u00e0 l'aide d'un syst\u00e8me d'ancrages et de raccords con\u00e7us et fabriqu\u00e9s en acier inoxydable AISI 304, pour une plus grande r\u00e9sistance et durabilit\u00e9.<\/p>\n<p>Nuestra capacidad de fabricaci\u00f3n a medida permite ofrecer una combinaci\u00f3n de corrales personalizada, adaptando las vallas a la distribuci\u00f3n escogida en cada nave<\/p>","protected":false},"excerpt":{"rendered":"<p>Les parcs de sevrage exigent un haut degr\u00e9 d'hygi\u00e8ne et d'adaptabilit\u00e9 \u00e0 chaque maison. Pour ce faire, nous proposons un mod\u00e8le de panneau totalement herm\u00e9tique de 3,5 cm d'\u00e9paisseur, en PVC, sans joints ni interstices, qui nous permet de cr\u00e9er les cloisons et les portes. L'installation est r\u00e9alis\u00e9e avec un syst\u00e8me d'ancrage et d'ouverture con\u00e7u pour faciliter la d\u00e9sinfection, en \u00e9vitant les points d'accumulation de la salet\u00e9 ; en acier inoxydable pour une plus grande solidit\u00e9 et durabilit\u00e9.<\/p>\n<p><strong>Panel-70:<\/strong><\/p>\n<p><em>Ref. 000.081.700<\/em><\/p>","protected":false},"featured_media":18717,"comment_status":"open","ping_status":"closed","template":"","meta":[],"product_brand":[],"product_cat":[352,365,412],"product_tag":[],"class_list":{"0":"post-1978","1":"product","2":"type-product","3":"status-publish","4":"has-post-thumbnail","6":"product_cat-destete","7":"product_cat-puertas-y-vallas-destete","8":"product_cat-vallas-destete","10":"first","11":"instock","12":"shipping-taxable","13":"purchasable","14":"product-type-variable"},"_links":{"self":[{"href":"https:\/\/www.porinox.com\/fr\/wp-json\/wp\/v2\/product\/1978","targetHints":{"allow":["GET"]}}],"collection":[{"href":"https:\/\/www.porinox.com\/fr\/wp-json\/wp\/v2\/product"}],"about":[{"href":"https:\/\/www.porinox.com\/fr\/wp-json\/wp\/v2\/types\/product"}],"replies":[{"embeddable":true,"href":"https:\/\/www.porinox.com\/fr\/wp-json\/wp\/v2\/comments?post=1978"}],"version-history":[{"count":0,"href":"https:\/\/www.porinox.com\/fr\/wp-json\/wp\/v2\/product\/1978\/revisions"}],"wp:featuredmedia":[{"embeddable":true,"href":"https:\/\/www.porinox.com\/fr\/wp-json\/wp\/v2\/media\/18717"}],"wp:attachment":[{"href":"https:\/\/www.porinox.com\/fr\/wp-json\/wp\/v2\/media?parent=1978"}],"wp:term":[{"taxonomy":"product_brand","embeddable":true,"href":"https:\/\/www.porinox.com\/fr\/wp-json\/wp\/v2\/product_brand?post=1978"},{"taxonomy":"product_cat","embeddable":true,"href":"https:\/\/www.porinox.com\/fr\/wp-json\/wp\/v2\/product_cat?post=1978"},{"taxonomy":"product_tag","embeddable":true,"href":"https:\/\/www.porinox.com\/fr\/wp-json\/wp\/v2\/product_tag?post=1978"}],"curies":[{"name":"wp","href":"https:\/\/api.w.org\/{rel}","templated":true}]}}