{"id":19776,"date":"2024-02-01T09:52:29","date_gmt":"2024-02-01T08:52:29","guid":{"rendered":"https:\/\/www.porinox.com\/?post_type=product&#038;p=19776"},"modified":"2024-07-17T08:32:11","modified_gmt":"2024-07-17T06:32:11","slug":"tubes-de-ligne","status":"publish","type":"product","link":"https:\/\/www.porinox.com\/fr\/producto\/tubos-de-linea\/","title":{"rendered":"TUBES DE LIGNE"},"content":{"rendered":"<p>Tubes et coudes en PVC sp\u00e9cialement con\u00e7us pour le transport d'aliments avec un degr\u00e9 \u00e9lev\u00e9 de r\u00e9sistance \u00e0 la friction \u00e0 l'int\u00e9rieur de la vis sans fin. Pour les lignes d'alimentation <strong>\u00f855<\/strong> \/ <strong>\u00f875<\/strong> \/ <strong>\u00f890 mm<\/strong>.<\/p>\n<ul>\n<li>\u00a0 \u00f855 x 2,5 mm L=3 m.<\/li>\n<li>\u00a0 \u00f875 x 3,6 mm L=3 m.<\/li>\n<li>\u00a0 \u00f890 x 4.0 mm L=3 m.<\/li>\n<\/ul>","protected":false},"excerpt":{"rendered":"<p>Tuber\u00edas y curvas de PVC especialmente dise\u00f1adas para el transporte de pienso y con un alto grado de resistencia al rozamiento interior del sinf\u00edn. Para l\u00edneas de \u00f855 \/ \u00f875 \/ \u00f890 mm. \u00a0 \u00f855 x 2.5 mm\u00a0 L=3 m. \u00a0 \u00f875 x 3.6 mm\u00a0 L=3 m. \u00a0 \u00f890 x 4.0 mm\u00a0 L=3 m.<\/p>","protected":false},"featured_media":19781,"comment_status":"open","ping_status":"closed","template":"","meta":[],"product_brand":[],"product_cat":[356,488,491],"product_tag":[],"class_list":{"0":"post-19776","1":"product","2":"type-product","3":"status-publish","4":"has-post-thumbnail","6":"product_cat-sistemas-de-distribucion","7":"product_cat-accesorios-tubos-de-linea","8":"product_cat-tubos-de-linea","10":"first","11":"instock","12":"shipping-taxable","13":"product-type-simple"},"_links":{"self":[{"href":"https:\/\/www.porinox.com\/fr\/wp-json\/wp\/v2\/product\/19776","targetHints":{"allow":["GET"]}}],"collection":[{"href":"https:\/\/www.porinox.com\/fr\/wp-json\/wp\/v2\/product"}],"about":[{"href":"https:\/\/www.porinox.com\/fr\/wp-json\/wp\/v2\/types\/product"}],"replies":[{"embeddable":true,"href":"https:\/\/www.porinox.com\/fr\/wp-json\/wp\/v2\/comments?post=19776"}],"version-history":[{"count":0,"href":"https:\/\/www.porinox.com\/fr\/wp-json\/wp\/v2\/product\/19776\/revisions"}],"wp:featuredmedia":[{"embeddable":true,"href":"https:\/\/www.porinox.com\/fr\/wp-json\/wp\/v2\/media\/19781"}],"wp:attachment":[{"href":"https:\/\/www.porinox.com\/fr\/wp-json\/wp\/v2\/media?parent=19776"}],"wp:term":[{"taxonomy":"product_brand","embeddable":true,"href":"https:\/\/www.porinox.com\/fr\/wp-json\/wp\/v2\/product_brand?post=19776"},{"taxonomy":"product_cat","embeddable":true,"href":"https:\/\/www.porinox.com\/fr\/wp-json\/wp\/v2\/product_cat?post=19776"},{"taxonomy":"product_tag","embeddable":true,"href":"https:\/\/www.porinox.com\/fr\/wp-json\/wp\/v2\/product_tag?post=19776"}],"curies":[{"name":"wp","href":"https:\/\/api.w.org\/{rel}","templated":true}]}}