{"id":19672,"date":"2024-01-29T11:05:42","date_gmt":"2024-01-29T10:05:42","guid":{"rendered":"https:\/\/www.porinox.com\/?post_type=product&#038;p=19672"},"modified":"2025-10-10T09:50:13","modified_gmt":"2025-10-10T07:50:13","slug":"axes-connectes-pour-lunite-de-controle","status":"publish","type":"product","link":"https:\/\/www.porinox.com\/fr\/producto\/ejes-conectados-para-unidad-de-control\/","title":{"rendered":"AXES CONNECT\u00c9S POUR L'UNIT\u00c9 DE CONTR\u00d4LE"},"content":{"rendered":"<h5>Les arbres reli\u00e9s \u00e0 l'unit\u00e9 de commande Porinox sont con\u00e7us pour la fixation des spirales aux moteurs.<\/h5>\n<p>Fabriqu\u00e9s en acier inoxydable 304, ils offrent une r\u00e9sistance et une durabilit\u00e9 \u00e9lev\u00e9es. Disponibles en trois tailles :<\/p>\n<ul>\n<li>Arbre \u00d855 mm (r\u00e9f. 000.017.205) : Largeur 2,2 cm, Profondeur 4 cm<\/li>\n<li>Arbre \u00d875 mm (r\u00e9f. 000.017.207) : Largeur 3,3 cm, Profondeur 7 cm<\/li>\n<li>Arbre \u00d890 mm (r\u00e9f. 000.017.209) : Largeur 4,5 cm, Profondeur 14 cm<\/li>\n<\/ul>","protected":false},"excerpt":{"rendered":"<h5>Les arbres reli\u00e9s \u00e0 l'unit\u00e9 de commande Porinox sont con\u00e7us pour la fixation des spirales aux moteurs.<\/h5>\n<p>Fabriqu\u00e9s en acier inoxydable 304, ils offrent une r\u00e9sistance et une durabilit\u00e9 \u00e9lev\u00e9es.<\/p>","protected":false},"featured_media":19673,"comment_status":"open","ping_status":"closed","template":"","meta":[],"product_brand":[],"product_cat":[356,484,380],"product_tag":[],"class_list":{"0":"post-19672","1":"product","2":"type-product","3":"status-publish","4":"has-post-thumbnail","6":"product_cat-sistemas-de-distribucion","7":"product_cat-ejes","8":"product_cat-espiral","10":"first","11":"instock","12":"shipping-taxable","13":"product-type-simple"},"_links":{"self":[{"href":"https:\/\/www.porinox.com\/fr\/wp-json\/wp\/v2\/product\/19672","targetHints":{"allow":["GET"]}}],"collection":[{"href":"https:\/\/www.porinox.com\/fr\/wp-json\/wp\/v2\/product"}],"about":[{"href":"https:\/\/www.porinox.com\/fr\/wp-json\/wp\/v2\/types\/product"}],"replies":[{"embeddable":true,"href":"https:\/\/www.porinox.com\/fr\/wp-json\/wp\/v2\/comments?post=19672"}],"version-history":[{"count":0,"href":"https:\/\/www.porinox.com\/fr\/wp-json\/wp\/v2\/product\/19672\/revisions"}],"wp:featuredmedia":[{"embeddable":true,"href":"https:\/\/www.porinox.com\/fr\/wp-json\/wp\/v2\/media\/19673"}],"wp:attachment":[{"href":"https:\/\/www.porinox.com\/fr\/wp-json\/wp\/v2\/media?parent=19672"}],"wp:term":[{"taxonomy":"product_brand","embeddable":true,"href":"https:\/\/www.porinox.com\/fr\/wp-json\/wp\/v2\/product_brand?post=19672"},{"taxonomy":"product_cat","embeddable":true,"href":"https:\/\/www.porinox.com\/fr\/wp-json\/wp\/v2\/product_cat?post=19672"},{"taxonomy":"product_tag","embeddable":true,"href":"https:\/\/www.porinox.com\/fr\/wp-json\/wp\/v2\/product_tag?post=19672"}],"curies":[{"name":"wp","href":"https:\/\/api.w.org\/{rel}","templated":true}]}}