{"id":19662,"date":"2024-01-29T10:00:43","date_gmt":"2024-01-29T09:00:43","guid":{"rendered":"https:\/\/www.porinox.com\/?post_type=product&#038;p=19662"},"modified":"2025-04-03T09:24:02","modified_gmt":"2025-04-03T07:24:02","slug":"arret-de-travail","status":"publish","type":"product","link":"https:\/\/www.porinox.com\/fr\/producto\/paro-final-de-carrera\/","title":{"rendered":"ARR\u00caT DE TRAVAIL"},"content":{"rendered":"<h5 data-start=\"97\" data-end=\"449\">Le <strong data-start=\"100\" data-end=\"136\">Arr\u00eat de fin de carri\u00e8re de Porinox<\/strong> est un dispositif essentiel dans la <strong data-start=\"171\" data-end=\"215\">les installations d'alimentation automatique.<\/strong><\/h5>\n<p data-start=\"97\" data-end=\"449\">Con\u00e7ue pour arr\u00eater le fonctionnement des \u00e9quipements qui manipulent des produits chimiques. <strong data-start=\"275\" data-end=\"309\">les aliments pour animaux sous forme de granul\u00e9s ou de farine. <\/strong>Sa fonction principale est de <strong data-start=\"335\" data-end=\"367\">interrompre le motor\u00e9ducteur<\/strong> lorsque la derni\u00e8re tr\u00e9mie est pleine, ce qui permet d'\u00e9viter les surcharges et d'optimiser le processus.<\/p>\n<p data-start=\"451\" data-end=\"653\">Gr\u00e2ce \u00e0 son <strong data-start=\"464\" data-end=\"490\">languette ultra-sensible<\/strong>, Le contact avec le poids de l'aliment d\u00e9clenche une <strong data-start=\"538\" data-end=\"554\">micro-rupteur<\/strong>, qui active l'arr\u00eat automatique au moyen d'un <strong data-start=\"598\" data-end=\"611\">contacteur<\/strong>, garantissant <strong data-start=\"624\" data-end=\"650\">efficacit\u00e9 et pr\u00e9cision<\/strong>.<\/p>\n<p data-start=\"655\" data-end=\"934\" data-is-last-node=\"\">Il est disponible en trois versions, avec bo\u00eetier et tube (r\u00e9f. 000.013.923), avec bo\u00eetier (r\u00e9f. 000.013.921) et sans bo\u00eetier (r\u00e9f. 000.013.922), toutes deux avec des dimensions de 8 cm de large, 17,5 cm de haut et 3 cm de profondeur. Fabriqu\u00e9 en plastique r\u00e9sistant, il garantit la durabilit\u00e9 et la fiabilit\u00e9 dans des environnements exigeants.<\/p>","protected":false},"excerpt":{"rendered":"<h5 data-start=\"97\" data-end=\"449\">Le <strong data-start=\"100\" data-end=\"136\">Arr\u00eat de fin de carri\u00e8re de Porinox<\/strong> est un dispositif essentiel dans la <strong data-start=\"171\" data-end=\"215\">instalaciones de alimentaci\u00f3n autom\u00e1tica<\/strong>, dise\u00f1ado para detener la operaci\u00f3n de equipos que manejan <strong data-start=\"275\" data-end=\"309\">piensos granulados o en harina<\/strong>.<\/h5>\n<p data-start=\"97\" data-end=\"449\">Sa fonction principale est de <strong data-start=\"335\" data-end=\"367\">interrompre le motor\u00e9ducteur<\/strong> lorsque la derni\u00e8re tr\u00e9mie est pleine, ce qui permet d'\u00e9viter les surcharges et d'optimiser le processus.<\/p>","protected":false},"featured_media":22650,"comment_status":"open","ping_status":"closed","template":"","meta":[],"product_brand":[],"product_cat":[356,489,380],"product_tag":[],"class_list":{"0":"post-19662","1":"product","2":"type-product","3":"status-publish","4":"has-post-thumbnail","6":"product_cat-sistemas-de-distribucion","7":"product_cat-componentes-electricos","8":"product_cat-espiral","10":"first","11":"instock","12":"shipping-taxable","13":"product-type-simple"},"_links":{"self":[{"href":"https:\/\/www.porinox.com\/fr\/wp-json\/wp\/v2\/product\/19662","targetHints":{"allow":["GET"]}}],"collection":[{"href":"https:\/\/www.porinox.com\/fr\/wp-json\/wp\/v2\/product"}],"about":[{"href":"https:\/\/www.porinox.com\/fr\/wp-json\/wp\/v2\/types\/product"}],"replies":[{"embeddable":true,"href":"https:\/\/www.porinox.com\/fr\/wp-json\/wp\/v2\/comments?post=19662"}],"version-history":[{"count":0,"href":"https:\/\/www.porinox.com\/fr\/wp-json\/wp\/v2\/product\/19662\/revisions"}],"wp:featuredmedia":[{"embeddable":true,"href":"https:\/\/www.porinox.com\/fr\/wp-json\/wp\/v2\/media\/22650"}],"wp:attachment":[{"href":"https:\/\/www.porinox.com\/fr\/wp-json\/wp\/v2\/media?parent=19662"}],"wp:term":[{"taxonomy":"product_brand","embeddable":true,"href":"https:\/\/www.porinox.com\/fr\/wp-json\/wp\/v2\/product_brand?post=19662"},{"taxonomy":"product_cat","embeddable":true,"href":"https:\/\/www.porinox.com\/fr\/wp-json\/wp\/v2\/product_cat?post=19662"},{"taxonomy":"product_tag","embeddable":true,"href":"https:\/\/www.porinox.com\/fr\/wp-json\/wp\/v2\/product_tag?post=19662"}],"curies":[{"name":"wp","href":"https:\/\/api.w.org\/{rel}","templated":true}]}}