{"id":19655,"date":"2024-01-29T09:30:57","date_gmt":"2024-01-29T08:30:57","guid":{"rendered":"https:\/\/www.porinox.com\/?post_type=product&#038;p=19655"},"modified":"2024-07-29T15:51:07","modified_gmt":"2024-07-29T13:51:07","slug":"motoreducteur","status":"publish","type":"product","link":"https:\/\/www.porinox.com\/fr\/producto\/motorreductor\/","title":{"rendered":"MOTORREDUCTOR"},"content":{"rendered":"<p>Motor\u00e9ducteurs haut de gamme en aluminium moul\u00e9 sous pression, totalement \u00e9tanches. Syst\u00e8me d'accouplement moteur-r\u00e9ducteur par arbre moteur normalis\u00e9. <strong>Triphas\u00e9<\/strong> y <strong>monophas\u00e9<\/strong>.<\/p>","protected":false},"excerpt":{"rendered":"<p>Motorreductores de alta gama en aluminio inyectado, totalmente estanco. Sistema de acople de motor a reductor mediante eje de motor normalizado. Trif\u00e1sico y monof\u00e1sico.<\/p>","protected":false},"featured_media":19658,"comment_status":"open","ping_status":"closed","template":"","meta":[],"product_brand":[],"product_cat":[380,489,356],"product_tag":[],"class_list":{"0":"post-19655","1":"product","2":"type-product","3":"status-publish","4":"has-post-thumbnail","6":"product_cat-espiral","7":"product_cat-componentes-electricos","8":"product_cat-sistemas-de-distribucion","10":"first","11":"instock","12":"shipping-taxable","13":"product-type-simple"},"_links":{"self":[{"href":"https:\/\/www.porinox.com\/fr\/wp-json\/wp\/v2\/product\/19655","targetHints":{"allow":["GET"]}}],"collection":[{"href":"https:\/\/www.porinox.com\/fr\/wp-json\/wp\/v2\/product"}],"about":[{"href":"https:\/\/www.porinox.com\/fr\/wp-json\/wp\/v2\/types\/product"}],"replies":[{"embeddable":true,"href":"https:\/\/www.porinox.com\/fr\/wp-json\/wp\/v2\/comments?post=19655"}],"version-history":[{"count":0,"href":"https:\/\/www.porinox.com\/fr\/wp-json\/wp\/v2\/product\/19655\/revisions"}],"wp:featuredmedia":[{"embeddable":true,"href":"https:\/\/www.porinox.com\/fr\/wp-json\/wp\/v2\/media\/19658"}],"wp:attachment":[{"href":"https:\/\/www.porinox.com\/fr\/wp-json\/wp\/v2\/media?parent=19655"}],"wp:term":[{"taxonomy":"product_brand","embeddable":true,"href":"https:\/\/www.porinox.com\/fr\/wp-json\/wp\/v2\/product_brand?post=19655"},{"taxonomy":"product_cat","embeddable":true,"href":"https:\/\/www.porinox.com\/fr\/wp-json\/wp\/v2\/product_cat?post=19655"},{"taxonomy":"product_tag","embeddable":true,"href":"https:\/\/www.porinox.com\/fr\/wp-json\/wp\/v2\/product_tag?post=19655"}],"curies":[{"name":"wp","href":"https:\/\/api.w.org\/{rel}","templated":true}]}}