{"id":19645,"date":"2024-01-29T08:41:31","date_gmt":"2024-01-29T07:41:31","guid":{"rendered":"https:\/\/www.porinox.com\/?post_type=product&#038;p=19645"},"modified":"2025-10-15T14:52:14","modified_gmt":"2025-10-15T12:52:14","slug":"cone-de-raclette-en-pvc","status":"publish","type":"product","link":"https:\/\/www.porinox.com\/fr\/producto\/cono-rasera-pvc\/","title":{"rendered":"C\u00d4NE DE RACLETTE EN PVC"},"content":{"rendered":"<h4>C\u00f4ne de la raclette en PVC avec un diam\u00e8tre de 44 mm.<\/h4>\n<p>L'entonnoir conique am\u00e9liore le processus de <strong>le raccordement du silo d'alimentation ou de farine \u00e0 la ligne d'alimentation<\/strong>.<\/p>","protected":false},"excerpt":{"rendered":"<h4>C\u00f4ne de la raclette en PVC avec un diam\u00e8tre de 44 mm.<\/h4>\n<p>L'entonnoir conique am\u00e9liore le processus de <strong>le raccordement du silo d'alimentation ou de farine \u00e0 la ligne d'alimentation<\/strong>.<\/p>","protected":false},"featured_media":19647,"comment_status":"open","ping_status":"closed","template":"","meta":[],"product_brand":[],"product_cat":[356,483,380],"product_tag":[],"class_list":{"0":"post-19645","1":"product","2":"type-product","3":"status-publish","4":"has-post-thumbnail","6":"product_cat-sistemas-de-distribucion","7":"product_cat-conexiones-a-silo","8":"product_cat-espiral","10":"first","11":"instock","12":"shipping-taxable","13":"product-type-simple"},"_links":{"self":[{"href":"https:\/\/www.porinox.com\/fr\/wp-json\/wp\/v2\/product\/19645","targetHints":{"allow":["GET"]}}],"collection":[{"href":"https:\/\/www.porinox.com\/fr\/wp-json\/wp\/v2\/product"}],"about":[{"href":"https:\/\/www.porinox.com\/fr\/wp-json\/wp\/v2\/types\/product"}],"replies":[{"embeddable":true,"href":"https:\/\/www.porinox.com\/fr\/wp-json\/wp\/v2\/comments?post=19645"}],"version-history":[{"count":0,"href":"https:\/\/www.porinox.com\/fr\/wp-json\/wp\/v2\/product\/19645\/revisions"}],"wp:featuredmedia":[{"embeddable":true,"href":"https:\/\/www.porinox.com\/fr\/wp-json\/wp\/v2\/media\/19647"}],"wp:attachment":[{"href":"https:\/\/www.porinox.com\/fr\/wp-json\/wp\/v2\/media?parent=19645"}],"wp:term":[{"taxonomy":"product_brand","embeddable":true,"href":"https:\/\/www.porinox.com\/fr\/wp-json\/wp\/v2\/product_brand?post=19645"},{"taxonomy":"product_cat","embeddable":true,"href":"https:\/\/www.porinox.com\/fr\/wp-json\/wp\/v2\/product_cat?post=19645"},{"taxonomy":"product_tag","embeddable":true,"href":"https:\/\/www.porinox.com\/fr\/wp-json\/wp\/v2\/product_tag?post=19645"}],"curies":[{"name":"wp","href":"https:\/\/api.w.org\/{rel}","templated":true}]}}