{"id":19635,"date":"2024-01-26T14:01:03","date_gmt":"2024-01-26T13:01:03","guid":{"rendered":"https:\/\/www.porinox.com\/?post_type=product&#038;p=19635"},"modified":"2024-07-30T10:50:10","modified_gmt":"2024-07-30T08:50:10","slug":"chaine-en-acier-inoxydable","status":"publish","type":"product","link":"https:\/\/www.porinox.com\/fr\/producto\/cadena-inox\/","title":{"rendered":"CHA\u00ceNE EN ACIER INOXYDABLE"},"content":{"rendered":"<p>Le <strong>Cha\u00eene en acier inoxydable<\/strong> de Porinox es una soluci\u00f3n ideal para sistemas de distribuci\u00f3n autom\u00e1tica de alimentos en instalaciones porcinas. Est\u00e1 fabricada con acero inoxidable 304, lo que le confiere una excelente resistencia a la corrosi\u00f3n y durabilidad.<\/p>\n<p>Cadena inox de <strong>3mm DIN 766<\/strong>\u00a0(eslab\u00f3n corto) m\/l.<\/p>\n<p>Eslab\u00f3n corto.<\/p>","protected":false},"excerpt":{"rendered":"<p>La Cadena Inox de Porinox es una soluci\u00f3n ideal para sistemas de distribuci\u00f3n autom\u00e1tica de alimentos en instalaciones porcinas. Est\u00e1 fabricada con acero inoxidable 304, lo que le confiere una excelente resistencia a la corrosi\u00f3n y durabilidad. Cadena inox de 3mm DIN 766\u00a0(eslab\u00f3n corto) m\/l. Eslab\u00f3n corto.<\/p>","protected":false},"featured_media":19639,"comment_status":"open","ping_status":"closed","template":"","meta":[],"product_brand":[],"product_cat":[356,488,492],"product_tag":[],"class_list":{"0":"post-19635","1":"product","2":"type-product","3":"status-publish","4":"has-post-thumbnail","6":"product_cat-sistemas-de-distribucion","7":"product_cat-accesorios-tubos-de-linea","8":"product_cat-fijaciones-colgantes","10":"first","11":"instock","12":"shipping-taxable","13":"product-type-simple"},"_links":{"self":[{"href":"https:\/\/www.porinox.com\/fr\/wp-json\/wp\/v2\/product\/19635","targetHints":{"allow":["GET"]}}],"collection":[{"href":"https:\/\/www.porinox.com\/fr\/wp-json\/wp\/v2\/product"}],"about":[{"href":"https:\/\/www.porinox.com\/fr\/wp-json\/wp\/v2\/types\/product"}],"replies":[{"embeddable":true,"href":"https:\/\/www.porinox.com\/fr\/wp-json\/wp\/v2\/comments?post=19635"}],"version-history":[{"count":0,"href":"https:\/\/www.porinox.com\/fr\/wp-json\/wp\/v2\/product\/19635\/revisions"}],"wp:featuredmedia":[{"embeddable":true,"href":"https:\/\/www.porinox.com\/fr\/wp-json\/wp\/v2\/media\/19639"}],"wp:attachment":[{"href":"https:\/\/www.porinox.com\/fr\/wp-json\/wp\/v2\/media?parent=19635"}],"wp:term":[{"taxonomy":"product_brand","embeddable":true,"href":"https:\/\/www.porinox.com\/fr\/wp-json\/wp\/v2\/product_brand?post=19635"},{"taxonomy":"product_cat","embeddable":true,"href":"https:\/\/www.porinox.com\/fr\/wp-json\/wp\/v2\/product_cat?post=19635"},{"taxonomy":"product_tag","embeddable":true,"href":"https:\/\/www.porinox.com\/fr\/wp-json\/wp\/v2\/product_tag?post=19635"}],"curies":[{"name":"wp","href":"https:\/\/api.w.org\/{rel}","templated":true}]}}