{"id":19618,"date":"2024-01-26T12:26:51","date_gmt":"2024-01-26T11:26:51","guid":{"rendered":"https:\/\/www.porinox.com\/?post_type=product&#038;p=19618"},"modified":"2025-10-13T08:02:45","modified_gmt":"2025-10-13T06:02:45","slug":"pince-omega","status":"publish","type":"product","link":"https:\/\/www.porinox.com\/fr\/producto\/grapa-omega\/","title":{"rendered":"ROGUE OMEGA"},"content":{"rendered":"<h4>Omega Staple pour d\u00e9velopper le <strong>spirale<\/strong> y <strong>cha\u00eene<\/strong><\/h4>\n<p>Chez Porinox, nous avons con\u00e7u un <strong>agrafe<\/strong>, en acier inoxydable 304, pour des tuyaux de<strong> \u00d860mm, \u00d875mm et \u00d890mm<\/strong>. Sa fonction principale est de soutenir le porte-tube dans la distribution de l'alimentation.<\/p>","protected":false},"excerpt":{"rendered":"<h4>Omega Staple pour d\u00e9velopper le <strong>spirale<\/strong> y <strong>cha\u00eene<\/strong><\/h4>\n<p>Chez Porinox, nous avons con\u00e7u un <strong>agrafe<\/strong>, en acier inoxydable 304, pour des tuyaux de<strong> \u00d860mm, \u00d875mm et \u00d890mm<\/strong>. Sa fonction principale est de soutenir le porte-tube dans la distribution de l'alimentation.<\/p>","protected":false},"featured_media":19622,"comment_status":"open","ping_status":"closed","template":"","meta":[],"product_brand":[],"product_cat":[356,488,490],"product_tag":[],"class_list":{"0":"post-19618","1":"product","2":"type-product","3":"status-publish","4":"has-post-thumbnail","6":"product_cat-sistemas-de-distribucion","7":"product_cat-accesorios-tubos-de-linea","8":"product_cat-soportes","10":"first","11":"instock","12":"shipping-taxable","13":"product-type-simple"},"_links":{"self":[{"href":"https:\/\/www.porinox.com\/fr\/wp-json\/wp\/v2\/product\/19618","targetHints":{"allow":["GET"]}}],"collection":[{"href":"https:\/\/www.porinox.com\/fr\/wp-json\/wp\/v2\/product"}],"about":[{"href":"https:\/\/www.porinox.com\/fr\/wp-json\/wp\/v2\/types\/product"}],"replies":[{"embeddable":true,"href":"https:\/\/www.porinox.com\/fr\/wp-json\/wp\/v2\/comments?post=19618"}],"version-history":[{"count":0,"href":"https:\/\/www.porinox.com\/fr\/wp-json\/wp\/v2\/product\/19618\/revisions"}],"wp:featuredmedia":[{"embeddable":true,"href":"https:\/\/www.porinox.com\/fr\/wp-json\/wp\/v2\/media\/19622"}],"wp:attachment":[{"href":"https:\/\/www.porinox.com\/fr\/wp-json\/wp\/v2\/media?parent=19618"}],"wp:term":[{"taxonomy":"product_brand","embeddable":true,"href":"https:\/\/www.porinox.com\/fr\/wp-json\/wp\/v2\/product_brand?post=19618"},{"taxonomy":"product_cat","embeddable":true,"href":"https:\/\/www.porinox.com\/fr\/wp-json\/wp\/v2\/product_cat?post=19618"},{"taxonomy":"product_tag","embeddable":true,"href":"https:\/\/www.porinox.com\/fr\/wp-json\/wp\/v2\/product_tag?post=19618"}],"curies":[{"name":"wp","href":"https:\/\/api.w.org\/{rel}","templated":true}]}}