{"id":19550,"date":"2024-01-17T10:07:36","date_gmt":"2024-01-17T09:07:36","guid":{"rendered":"https:\/\/www.porinox.com\/?post_type=product&#038;p=19550"},"modified":"2025-04-01T13:43:48","modified_gmt":"2025-04-01T11:43:48","slug":"jouet-de-coin","status":"publish","type":"product","link":"https:\/\/www.porinox.com\/fr\/producto\/corner-toy\/","title":{"rendered":"JOUET DE COIN"},"content":{"rendered":"<h4>Jouet d'angle, un jouet con\u00e7u <strong>am\u00e9liorer le bien-\u00eatre des porcs<\/strong> dans les exploitations de sevrage et d'engraissement<\/h4>\n<p>Ce dispositif est une main courante en acier inoxydable con\u00e7ue pour \u00eatre install\u00e9e en haut de l'escalier. <strong>coins des stylos<\/strong>, Les porcs b\u00e9n\u00e9ficient d'un divertissement interactif et b\u00e9n\u00e9fique pour leur d\u00e9veloppement. Il offre \u00e0 vos animaux un environnement stimulant. <strong>Il sert \u00e9galement de renfort entre les cl\u00f4tures des enclos.\u00a0<\/strong><\/p>","protected":false},"excerpt":{"rendered":"<h4>Jouet d'angle, un jouet con\u00e7u <strong>am\u00e9liorer le bien-\u00eatre des porcs<\/strong> dans les exploitations de sevrage et d'engraissement<\/h4>\n<p>Ce dispositif est une main courante en acier inoxydable con\u00e7ue pour \u00eatre install\u00e9e en haut de l'escalier. <strong>coins des stylos<\/strong>, Les porcs b\u00e9n\u00e9ficient d'un divertissement interactif et b\u00e9n\u00e9fique pour leur d\u00e9veloppement. Il offre \u00e0 vos animaux un environnement stimulant. <strong>Il sert \u00e9galement de renfort entre les cl\u00f4tures des enclos.\u00a0<\/strong><\/p>","protected":false},"featured_media":19551,"comment_status":"open","ping_status":"closed","template":"","meta":[],"product_brand":[],"product_cat":[352,353,367,372],"product_tag":[],"class_list":{"0":"post-19550","1":"product","2":"type-product","3":"status-publish","4":"has-post-thumbnail","6":"product_cat-destete","7":"product_cat-engorde","8":"product_cat-juguetes","9":"product_cat-juguetes-engorde","11":"first","12":"instock","13":"shipping-taxable","14":"product-type-simple"},"_links":{"self":[{"href":"https:\/\/www.porinox.com\/fr\/wp-json\/wp\/v2\/product\/19550","targetHints":{"allow":["GET"]}}],"collection":[{"href":"https:\/\/www.porinox.com\/fr\/wp-json\/wp\/v2\/product"}],"about":[{"href":"https:\/\/www.porinox.com\/fr\/wp-json\/wp\/v2\/types\/product"}],"replies":[{"embeddable":true,"href":"https:\/\/www.porinox.com\/fr\/wp-json\/wp\/v2\/comments?post=19550"}],"version-history":[{"count":0,"href":"https:\/\/www.porinox.com\/fr\/wp-json\/wp\/v2\/product\/19550\/revisions"}],"wp:featuredmedia":[{"embeddable":true,"href":"https:\/\/www.porinox.com\/fr\/wp-json\/wp\/v2\/media\/19551"}],"wp:attachment":[{"href":"https:\/\/www.porinox.com\/fr\/wp-json\/wp\/v2\/media?parent=19550"}],"wp:term":[{"taxonomy":"product_brand","embeddable":true,"href":"https:\/\/www.porinox.com\/fr\/wp-json\/wp\/v2\/product_brand?post=19550"},{"taxonomy":"product_cat","embeddable":true,"href":"https:\/\/www.porinox.com\/fr\/wp-json\/wp\/v2\/product_cat?post=19550"},{"taxonomy":"product_tag","embeddable":true,"href":"https:\/\/www.porinox.com\/fr\/wp-json\/wp\/v2\/product_tag?post=19550"}],"curies":[{"name":"wp","href":"https:\/\/api.w.org\/{rel}","templated":true}]}}