{"id":19539,"date":"2024-01-16T09:28:05","date_gmt":"2024-01-16T08:28:05","guid":{"rendered":"https:\/\/www.porinox.com\/?post_type=product&#038;p=19539"},"modified":"2025-10-10T10:34:19","modified_gmt":"2025-10-10T08:34:19","slug":"boites-dessieu","status":"publish","type":"product","link":"https:\/\/www.porinox.com\/fr\/producto\/eje-cajetines\/","title":{"rendered":"ARBRES D'ESSIEU ARBRES D'ESSIEU"},"content":{"rendered":"<h4>Axes pour bo\u00eetes<\/h4>\n<p>Compatible avec le syst\u00e8me de spirale sans fin. Connect\u00e9 \u00e0 <strong>bo\u00eete<\/strong>.<\/p>","protected":false},"excerpt":{"rendered":"<h4>Axes pour bo\u00eetes<\/h4>\n<p>Compatible avec le syst\u00e8me de spirale sans fin. Connect\u00e9 \u00e0 <strong>bo\u00eete<\/strong>.<\/p>","protected":false},"featured_media":19679,"comment_status":"open","ping_status":"closed","template":"","meta":[],"product_brand":[],"product_cat":[484,380,356],"product_tag":[],"class_list":{"0":"post-19539","1":"product","2":"type-product","3":"status-publish","4":"has-post-thumbnail","6":"product_cat-ejes","7":"product_cat-espiral","8":"product_cat-sistemas-de-distribucion","10":"first","11":"instock","12":"shipping-taxable","13":"product-type-simple"},"_links":{"self":[{"href":"https:\/\/www.porinox.com\/fr\/wp-json\/wp\/v2\/product\/19539","targetHints":{"allow":["GET"]}}],"collection":[{"href":"https:\/\/www.porinox.com\/fr\/wp-json\/wp\/v2\/product"}],"about":[{"href":"https:\/\/www.porinox.com\/fr\/wp-json\/wp\/v2\/types\/product"}],"replies":[{"embeddable":true,"href":"https:\/\/www.porinox.com\/fr\/wp-json\/wp\/v2\/comments?post=19539"}],"version-history":[{"count":0,"href":"https:\/\/www.porinox.com\/fr\/wp-json\/wp\/v2\/product\/19539\/revisions"}],"wp:featuredmedia":[{"embeddable":true,"href":"https:\/\/www.porinox.com\/fr\/wp-json\/wp\/v2\/media\/19679"}],"wp:attachment":[{"href":"https:\/\/www.porinox.com\/fr\/wp-json\/wp\/v2\/media?parent=19539"}],"wp:term":[{"taxonomy":"product_brand","embeddable":true,"href":"https:\/\/www.porinox.com\/fr\/wp-json\/wp\/v2\/product_brand?post=19539"},{"taxonomy":"product_cat","embeddable":true,"href":"https:\/\/www.porinox.com\/fr\/wp-json\/wp\/v2\/product_cat?post=19539"},{"taxonomy":"product_tag","embeddable":true,"href":"https:\/\/www.porinox.com\/fr\/wp-json\/wp\/v2\/product_tag?post=19539"}],"curies":[{"name":"wp","href":"https:\/\/api.w.org\/{rel}","templated":true}]}}