{"id":19522,"date":"2024-01-16T08:23:31","date_gmt":"2024-01-16T07:23:31","guid":{"rendered":"https:\/\/www.porinox.com\/?post_type=product&#038;p=19522"},"modified":"2024-07-30T08:26:17","modified_gmt":"2024-07-30T06:26:17","slug":"manchon-exterieur","status":"publish","type":"product","link":"https:\/\/www.porinox.com\/fr\/producto\/casquillo-exterior\/","title":{"rendered":"SLEEVE EXTERIEURE"},"content":{"rendered":"<p>La bague ext\u00e9rieure Porinox est un composant en acier inoxydable con\u00e7u pour \u00eatre utilis\u00e9 dans les bo\u00eetiers et les unit\u00e9s de contr\u00f4le. Elle est disponible en trois tailles :<\/p>\n<ul>\n<li>\u00d855 mm (no. d'art. 000.017.551)<\/li>\n<li>\u00d875 mm (no. d'art. 000.017.571)<\/li>\n<li>\u00d890 mm (no. d'art. 000.017.591)<\/li>\n<\/ul>\n<p>Chaque taille a des dimensions de 11 cm de large, 10 cm de haut et 11 cm de profondeur, avec une \u00e9paisseur de 2 mm. Cette bague est fix\u00e9e au corps par 4 \u00e9crous M6 et r\u00e9siste \u00e0 la corrosion, ce qui lui conf\u00e8re une excellente durabilit\u00e9.<\/p>","protected":false},"excerpt":{"rendered":"<p>El casquillo exterior de Porinox es un componente de acero inoxidable dise\u00f1ado para su uso en cajetines y unidades de control. Est\u00e1 disponible en tres tama\u00f1os: \u00d855 mm (ref. 000.017.551) \u00d875 mm (ref. 000.017.571) \u00d890 mm (ref. 000.017.591) Cada tama\u00f1o tiene dimensiones de 11 cm de ancho, 10 cm de alto y 11 cm de [&hellip;]<\/p>\n","protected":false},"featured_media":19771,"comment_status":"open","ping_status":"closed","template":"","meta":[],"product_brand":[],"product_cat":[380,482,356],"product_tag":[],"class_list":{"0":"post-19522","1":"product","2":"type-product","3":"status-publish","4":"has-post-thumbnail","6":"product_cat-espiral","7":"product_cat-casquillos","8":"product_cat-sistemas-de-distribucion","10":"first","11":"instock","12":"shipping-taxable","13":"product-type-simple"},"_links":{"self":[{"href":"https:\/\/www.porinox.com\/fr\/wp-json\/wp\/v2\/product\/19522","targetHints":{"allow":["GET"]}}],"collection":[{"href":"https:\/\/www.porinox.com\/fr\/wp-json\/wp\/v2\/product"}],"about":[{"href":"https:\/\/www.porinox.com\/fr\/wp-json\/wp\/v2\/types\/product"}],"replies":[{"embeddable":true,"href":"https:\/\/www.porinox.com\/fr\/wp-json\/wp\/v2\/comments?post=19522"}],"version-history":[{"count":0,"href":"https:\/\/www.porinox.com\/fr\/wp-json\/wp\/v2\/product\/19522\/revisions"}],"wp:featuredmedia":[{"embeddable":true,"href":"https:\/\/www.porinox.com\/fr\/wp-json\/wp\/v2\/media\/19771"}],"wp:attachment":[{"href":"https:\/\/www.porinox.com\/fr\/wp-json\/wp\/v2\/media?parent=19522"}],"wp:term":[{"taxonomy":"product_brand","embeddable":true,"href":"https:\/\/www.porinox.com\/fr\/wp-json\/wp\/v2\/product_brand?post=19522"},{"taxonomy":"product_cat","embeddable":true,"href":"https:\/\/www.porinox.com\/fr\/wp-json\/wp\/v2\/product_cat?post=19522"},{"taxonomy":"product_tag","embeddable":true,"href":"https:\/\/www.porinox.com\/fr\/wp-json\/wp\/v2\/product_tag?post=19522"}],"curies":[{"name":"wp","href":"https:\/\/api.w.org\/{rel}","templated":true}]}}