{"id":19517,"date":"2024-01-16T08:18:49","date_gmt":"2024-01-16T07:18:49","guid":{"rendered":"https:\/\/www.porinox.com\/?post_type=product&#038;p=19517"},"modified":"2024-04-09T14:46:31","modified_gmt":"2024-04-09T12:46:31","slug":"douille-interieure","status":"publish","type":"product","link":"https:\/\/www.porinox.com\/fr\/producto\/casquillo-interior\/","title":{"rendered":"BUSHING INT\u00c9RIEUR"},"content":{"rendered":"<p>Pour le bo\u00eetier de commande et l'unit\u00e9 de contr\u00f4le.<\/p>","protected":false},"excerpt":{"rendered":"<p>Pour le bo\u00eetier de commande et l'unit\u00e9 de contr\u00f4le.<\/p>","protected":false},"featured_media":19768,"comment_status":"open","ping_status":"closed","template":"","meta":[],"product_brand":[],"product_cat":[356,482,380,436],"product_tag":[],"class_list":{"0":"post-19517","1":"product","2":"type-product","3":"status-publish","4":"has-post-thumbnail","6":"product_cat-sistemas-de-distribucion","7":"product_cat-casquillos","8":"product_cat-espiral","9":"product_cat-unidades-de-control","11":"first","12":"instock","13":"shipping-taxable","14":"product-type-simple"},"_links":{"self":[{"href":"https:\/\/www.porinox.com\/fr\/wp-json\/wp\/v2\/product\/19517","targetHints":{"allow":["GET"]}}],"collection":[{"href":"https:\/\/www.porinox.com\/fr\/wp-json\/wp\/v2\/product"}],"about":[{"href":"https:\/\/www.porinox.com\/fr\/wp-json\/wp\/v2\/types\/product"}],"replies":[{"embeddable":true,"href":"https:\/\/www.porinox.com\/fr\/wp-json\/wp\/v2\/comments?post=19517"}],"version-history":[{"count":0,"href":"https:\/\/www.porinox.com\/fr\/wp-json\/wp\/v2\/product\/19517\/revisions"}],"wp:featuredmedia":[{"embeddable":true,"href":"https:\/\/www.porinox.com\/fr\/wp-json\/wp\/v2\/media\/19768"}],"wp:attachment":[{"href":"https:\/\/www.porinox.com\/fr\/wp-json\/wp\/v2\/media?parent=19517"}],"wp:term":[{"taxonomy":"product_brand","embeddable":true,"href":"https:\/\/www.porinox.com\/fr\/wp-json\/wp\/v2\/product_brand?post=19517"},{"taxonomy":"product_cat","embeddable":true,"href":"https:\/\/www.porinox.com\/fr\/wp-json\/wp\/v2\/product_cat?post=19517"},{"taxonomy":"product_tag","embeddable":true,"href":"https:\/\/www.porinox.com\/fr\/wp-json\/wp\/v2\/product_tag?post=19517"}],"curies":[{"name":"wp","href":"https:\/\/api.w.org\/{rel}","templated":true}]}}