{"id":19511,"date":"2024-01-15T11:16:04","date_gmt":"2024-01-15T10:16:04","guid":{"rendered":"https:\/\/www.porinox.com\/?post_type=product&#038;p=19511"},"modified":"2024-07-29T15:47:01","modified_gmt":"2024-07-29T13:47:01","slug":"raclette-en-acier-inoxydable-440-box","status":"publish","type":"product","link":"https:\/\/www.porinox.com\/fr\/producto\/rasera-inox-440-cajetin\/","title":{"rendered":"RACLETTE EN ACIER INOXYDABLE 440 BO\u00ceTE"},"content":{"rendered":"<p>Connexion au silo de \u00d844 cm. Con\u00e7u pour \u00eatre int\u00e9gr\u00e9 dans les bo\u00eetes de distribution en spirale.<\/p>","protected":false},"excerpt":{"rendered":"<p>Connexion au silo de \u00d844 cm. Con\u00e7u pour \u00eatre int\u00e9gr\u00e9 dans les bo\u00eetes de distribution en spirale.<\/p>","protected":false},"featured_media":19516,"comment_status":"open","ping_status":"closed","template":"","meta":[],"product_brand":[],"product_cat":[380,483,356],"product_tag":[],"class_list":{"0":"post-19511","1":"product","2":"type-product","3":"status-publish","4":"has-post-thumbnail","6":"product_cat-espiral","7":"product_cat-conexiones-a-silo","8":"product_cat-sistemas-de-distribucion","10":"first","11":"instock","12":"shipping-taxable","13":"product-type-simple"},"_links":{"self":[{"href":"https:\/\/www.porinox.com\/fr\/wp-json\/wp\/v2\/product\/19511","targetHints":{"allow":["GET"]}}],"collection":[{"href":"https:\/\/www.porinox.com\/fr\/wp-json\/wp\/v2\/product"}],"about":[{"href":"https:\/\/www.porinox.com\/fr\/wp-json\/wp\/v2\/types\/product"}],"replies":[{"embeddable":true,"href":"https:\/\/www.porinox.com\/fr\/wp-json\/wp\/v2\/comments?post=19511"}],"version-history":[{"count":0,"href":"https:\/\/www.porinox.com\/fr\/wp-json\/wp\/v2\/product\/19511\/revisions"}],"wp:featuredmedia":[{"embeddable":true,"href":"https:\/\/www.porinox.com\/fr\/wp-json\/wp\/v2\/media\/19516"}],"wp:attachment":[{"href":"https:\/\/www.porinox.com\/fr\/wp-json\/wp\/v2\/media?parent=19511"}],"wp:term":[{"taxonomy":"product_brand","embeddable":true,"href":"https:\/\/www.porinox.com\/fr\/wp-json\/wp\/v2\/product_brand?post=19511"},{"taxonomy":"product_cat","embeddable":true,"href":"https:\/\/www.porinox.com\/fr\/wp-json\/wp\/v2\/product_cat?post=19511"},{"taxonomy":"product_tag","embeddable":true,"href":"https:\/\/www.porinox.com\/fr\/wp-json\/wp\/v2\/product_tag?post=19511"}],"curies":[{"name":"wp","href":"https:\/\/api.w.org\/{rel}","templated":true}]}}