{"id":19482,"date":"2024-01-10T11:27:28","date_gmt":"2024-01-10T10:27:28","guid":{"rendered":"https:\/\/www.porinox.com\/?post_type=product&#038;p=19482"},"modified":"2025-09-26T07:24:10","modified_gmt":"2025-09-26T05:24:10","slug":"jouet-en-paille-jouet-en-paille","status":"publish","type":"product","link":"https:\/\/www.porinox.com\/fr\/producto\/straw-toy-juguete-de-paja\/","title":{"rendered":"JOUET EN PAILLE - JOUET EN PAILLE"},"content":{"rendered":"<h4><strong>Straw Toy est un jouet en paille pour les porcelets et les porcs d'engraissement.<\/strong><\/h4>\n<p>Fabriqu\u00e9 en acier inoxydable 304, ce qui garantit non seulement la durabilit\u00e9 et la solidit\u00e9, mais aussi une approche s\u00fbre et efficace pour am\u00e9liorer le bien-\u00eatre des animaux dans les exploitations agricoles. <strong>La conception conique unique permet d'ins\u00e9rer la paille par le haut.<\/strong>, proporcionando una experiencia enriquecedora para los cerdos.<\/p>\n<p>La parte frontal del juguete presenta 75 agujeros estrat\u00e9gicamente ubicados, para permitir que la paja salga de manera controlada. Esta caracter\u00edstica no solo fomenta la interacci\u00f3n y el juego entre los cerdos, sino que tambi\u00e9n les brinda una oportunidad adicional de enriquecer su dieta al comer la paja que cae.<\/p>\n<p>El juguete cuenta con 5 agujeros de 8 mm de di\u00e1metro en las partes laterales, permitiendo colgarlo de manera flexible en diferentes ubicaciones, seg\u00fan las necesidades y disposici\u00f3n del corral. Recomendamos la instalaci\u00f3n en <strong>panneaux de <a href=\"https:\/\/www.porinox.com\/fr\/panneau-daffichage\/\">Porpanel\u00ae - Le syst\u00e8me d'information sur le march\u00e9 de l'emploi<\/a><\/strong> a una altura de 15\/20 cent\u00edmetros del suelo para garantizar un acceso c\u00f3modo y seguro para los cerdos.<\/p>\n<p>Este juguete no solo cumple con los est\u00e1ndares de calidad al estar fabricado completamente en acero inoxidable 304, sino que tambi\u00e9n representa un <strong>l'engagement en faveur du bien-\u00eatre des animaux<\/strong> en fournissant une forme amusante et nutritive d'enrichissement de l'environnement dans les fermes. La combinaison de la durabilit\u00e9, de la s\u00e9curit\u00e9 et de la fonctionnalit\u00e9 fait de ce jouet un choix id\u00e9al pour am\u00e9liorer l'exp\u00e9rience de vie des porcelets et des porcs d'engraissement dans votre ferme.<\/p>\n<p>&nbsp;<\/p>","protected":false},"excerpt":{"rendered":"<h4><strong>Straw Toy est un jouet en paille pour les porcelets et les porcs d'engraissement.<\/strong><\/h4>\n<p>Fabriqu\u00e9 en acier inoxydable 304, ce qui garantit non seulement la durabilit\u00e9 et la solidit\u00e9, mais aussi une approche s\u00fbre et efficace pour am\u00e9liorer le bien-\u00eatre des animaux dans les exploitations agricoles. <strong>La conception conique unique permet d'ins\u00e9rer la paille par le haut.<\/strong>, proporcionando una experiencia enriquecedora para los cerdos.<\/p>","protected":false},"featured_media":19483,"comment_status":"open","ping_status":"closed","template":"","meta":[],"product_brand":[],"product_cat":[352,353,372,367],"product_tag":[],"class_list":{"0":"post-19482","1":"product","2":"type-product","3":"status-publish","4":"has-post-thumbnail","6":"product_cat-destete","7":"product_cat-engorde","8":"product_cat-juguetes-engorde","9":"product_cat-juguetes","11":"first","12":"instock","13":"shipping-taxable","14":"product-type-simple"},"_links":{"self":[{"href":"https:\/\/www.porinox.com\/fr\/wp-json\/wp\/v2\/product\/19482","targetHints":{"allow":["GET"]}}],"collection":[{"href":"https:\/\/www.porinox.com\/fr\/wp-json\/wp\/v2\/product"}],"about":[{"href":"https:\/\/www.porinox.com\/fr\/wp-json\/wp\/v2\/types\/product"}],"replies":[{"embeddable":true,"href":"https:\/\/www.porinox.com\/fr\/wp-json\/wp\/v2\/comments?post=19482"}],"version-history":[{"count":0,"href":"https:\/\/www.porinox.com\/fr\/wp-json\/wp\/v2\/product\/19482\/revisions"}],"wp:featuredmedia":[{"embeddable":true,"href":"https:\/\/www.porinox.com\/fr\/wp-json\/wp\/v2\/media\/19483"}],"wp:attachment":[{"href":"https:\/\/www.porinox.com\/fr\/wp-json\/wp\/v2\/media?parent=19482"}],"wp:term":[{"taxonomy":"product_brand","embeddable":true,"href":"https:\/\/www.porinox.com\/fr\/wp-json\/wp\/v2\/product_brand?post=19482"},{"taxonomy":"product_cat","embeddable":true,"href":"https:\/\/www.porinox.com\/fr\/wp-json\/wp\/v2\/product_cat?post=19482"},{"taxonomy":"product_tag","embeddable":true,"href":"https:\/\/www.porinox.com\/fr\/wp-json\/wp\/v2\/product_tag?post=19482"}],"curies":[{"name":"wp","href":"https:\/\/api.w.org\/{rel}","templated":true}]}}