{"id":1918,"date":"2020-02-03T11:02:31","date_gmt":"2020-02-03T10:02:31","guid":{"rendered":"https:\/\/porinox.com\/?post_type=product&#038;p=1918"},"modified":"2026-01-20T08:03:34","modified_gmt":"2026-01-20T07:03:34","slug":"tremie-de-sevrage-evo-800d","status":"publish","type":"product","link":"https:\/\/www.porinox.com\/fr\/producto\/tolva-para-destete-evo-800d\/","title":{"rendered":"TOLVA EVO-800D"},"content":{"rendered":"<p>Tr\u00e9mie EVO-800D con\u00e7ue et fabriqu\u00e9e sp\u00e9cifiquement pour la phase de sevrage. Sa configuration et ses dimensions garantissent aux porcelets un acc\u00e8s facile \u00e0 la nourriture et \u00e0 l'eau d\u00e8s le premier jour. Alimentation s\u00e8che avec abreuvoir lat\u00e9ral <b>optimise le temps de prise en charge <\/b>y proporciona un factor de conversi\u00f3n inmejorable. El ancho de plato de 800mm asegura que los cerdos tengan espacio suficiente para\u00a0 una ingesta ordenada.<\/p>\n<p>El sistema de regulaci\u00f3n ofrece un <strong>manipulation ais\u00e9e et scellement totalement herm\u00e9tique<\/strong>.  Gr\u00e2ce au syst\u00e8me de sortie d'alimentation tubulaire et rotative, nous facilitons la transition vers la phase d'engraissement en r\u00e9duisant le temps d'adaptation.<\/p>\n<p>&nbsp;<\/p>","protected":false},"excerpt":{"rendered":"<p>Tolva dise\u00f1ada y fabricada espec\u00edficamente para la fase de destete. Su configuraci\u00f3n y medidas nos aseguran que los lechones tenga un f\u00e1cil acceso tanto a la comida como al agua des del primer d\u00eda.<\/p>\n<p>La alimentaci\u00f3n en seco con bebedero al lado <b>optimise le temps de prise en charge <\/b>et offre un facteur de conversion imbattable. Les <b>ancho de plato de 80cm<\/b> asegura que los cerdos tengan espacio suficiente para\u00a0 una ingesta ordenada.<\/p>\n<p>El sistema de regulaci\u00f3n ofrece un f\u00e1cil manejo y cierre totalmente herm\u00e9tico.\u00a0 Con el sistema de salida de pienso tubo-rotativo facilitamos la transici\u00f3n a la fase de engorde reduciendo el tiempo de adaptaci\u00f3n.<\/p>\n<p><em>Ref. 000.143.180<\/em><\/p>","protected":false},"featured_media":18668,"comment_status":"open","ping_status":"closed","template":"","meta":[],"product_brand":[],"product_cat":[352,406,362],"product_tag":[],"class_list":{"0":"post-1918","1":"product","2":"type-product","3":"status-publish","4":"has-post-thumbnail","6":"product_cat-destete","7":"product_cat-evo","8":"product_cat-tolvas","10":"first","11":"instock","12":"shipping-taxable","13":"product-type-simple"},"_links":{"self":[{"href":"https:\/\/www.porinox.com\/fr\/wp-json\/wp\/v2\/product\/1918","targetHints":{"allow":["GET"]}}],"collection":[{"href":"https:\/\/www.porinox.com\/fr\/wp-json\/wp\/v2\/product"}],"about":[{"href":"https:\/\/www.porinox.com\/fr\/wp-json\/wp\/v2\/types\/product"}],"replies":[{"embeddable":true,"href":"https:\/\/www.porinox.com\/fr\/wp-json\/wp\/v2\/comments?post=1918"}],"version-history":[{"count":0,"href":"https:\/\/www.porinox.com\/fr\/wp-json\/wp\/v2\/product\/1918\/revisions"}],"wp:featuredmedia":[{"embeddable":true,"href":"https:\/\/www.porinox.com\/fr\/wp-json\/wp\/v2\/media\/18668"}],"wp:attachment":[{"href":"https:\/\/www.porinox.com\/fr\/wp-json\/wp\/v2\/media?parent=1918"}],"wp:term":[{"taxonomy":"product_brand","embeddable":true,"href":"https:\/\/www.porinox.com\/fr\/wp-json\/wp\/v2\/product_brand?post=1918"},{"taxonomy":"product_cat","embeddable":true,"href":"https:\/\/www.porinox.com\/fr\/wp-json\/wp\/v2\/product_cat?post=1918"},{"taxonomy":"product_tag","embeddable":true,"href":"https:\/\/www.porinox.com\/fr\/wp-json\/wp\/v2\/product_tag?post=1918"}],"curies":[{"name":"wp","href":"https:\/\/api.w.org\/{rel}","templated":true}]}}