{"id":19089,"date":"2023-12-06T13:38:56","date_gmt":"2023-12-06T12:38:56","guid":{"rendered":"https:\/\/www.porinox.com\/?post_type=product&#038;p=19089"},"modified":"2025-10-10T09:27:38","modified_gmt":"2025-10-10T07:27:38","slug":"male-femelle-tuyaux-1-2-maternite","status":"publish","type":"product","link":"https:\/\/www.porinox.com\/fr\/producto\/tubos-macho-hembra-1-2-maternidad\/","title":{"rendered":"TUBES MALE\/FEMALE 1\/2\u2033 (maternit\u00e9)"},"content":{"rendered":"<h4>Tubes filet\u00e9s m\u00e2le\/femelle en acier inoxydable con\u00e7us pour des applications hydrauliques dans les applications suivantes <strong>propre production.\u00a0<\/strong><\/h4>\n<p>Le <strong>Tubes 1\/2\u2033 m\u00e2le\/femelle<\/strong> sont fabriqu\u00e9s en acier inoxydable 304, id\u00e9al pour les applications hydrauliques dans les syst\u00e8mes de maternit\u00e9. D'un diam\u00e8tre de 21,3 mm et d'une \u00e9paisseur de 2 mm, ces tubes offrent une grande souplesse dans la personnalisation des filetages aux deux extr\u00e9mit\u00e9s (m\u00e2le, femelle ou combinaisons). Ils sont con\u00e7us pour r\u00e9pondre aux besoins sp\u00e9cifiques des abreuvoirs de ferme, en garantissant leur durabilit\u00e9 et leur solidit\u00e9.<\/p>\n<p>&nbsp;<\/p>","protected":false},"excerpt":{"rendered":"<h4>Tubes filet\u00e9s m\u00e2le\/femelle en acier inoxydable con\u00e7us pour des applications hydrauliques dans les applications suivantes <strong>propre production.\u00a0<\/strong><\/h4>\n<p>Le <strong>Tubes 1\/2\u2033 m\u00e2le\/femelle<\/strong> sont fabriqu\u00e9s en acier inoxydable 304, id\u00e9al pour les applications hydrauliques dans les syst\u00e8mes de maternit\u00e9. D'un diam\u00e8tre de 21,3 mm et d'une \u00e9paisseur de 2 mm, ces tubes offrent une grande souplesse dans la personnalisation des filetages aux deux extr\u00e9mit\u00e9s (m\u00e2le, femelle ou combinaisons). Ils sont con\u00e7us pour r\u00e9pondre aux besoins sp\u00e9cifiques des abreuvoirs de ferme, en garantissant leur durabilit\u00e9 et leur solidit\u00e9.<\/p>\n<p>&nbsp;<\/p>","protected":false},"featured_media":18698,"comment_status":"open","ping_status":"closed","template":"","meta":[],"product_brand":[],"product_cat":[354,375,433],"product_tag":[],"class_list":{"0":"post-19089","1":"product","2":"type-product","3":"status-publish","4":"has-post-thumbnail","6":"product_cat-maternidad-y-parideras","7":"product_cat-bebederos-maternidad","8":"product_cat-tubos-bebederos-maternidad-y-parideras","10":"first","11":"instock","12":"shipping-taxable","13":"purchasable","14":"product-type-variable"},"_links":{"self":[{"href":"https:\/\/www.porinox.com\/fr\/wp-json\/wp\/v2\/product\/19089","targetHints":{"allow":["GET"]}}],"collection":[{"href":"https:\/\/www.porinox.com\/fr\/wp-json\/wp\/v2\/product"}],"about":[{"href":"https:\/\/www.porinox.com\/fr\/wp-json\/wp\/v2\/types\/product"}],"replies":[{"embeddable":true,"href":"https:\/\/www.porinox.com\/fr\/wp-json\/wp\/v2\/comments?post=19089"}],"version-history":[{"count":0,"href":"https:\/\/www.porinox.com\/fr\/wp-json\/wp\/v2\/product\/19089\/revisions"}],"wp:featuredmedia":[{"embeddable":true,"href":"https:\/\/www.porinox.com\/fr\/wp-json\/wp\/v2\/media\/18698"}],"wp:attachment":[{"href":"https:\/\/www.porinox.com\/fr\/wp-json\/wp\/v2\/media?parent=19089"}],"wp:term":[{"taxonomy":"product_brand","embeddable":true,"href":"https:\/\/www.porinox.com\/fr\/wp-json\/wp\/v2\/product_brand?post=19089"},{"taxonomy":"product_cat","embeddable":true,"href":"https:\/\/www.porinox.com\/fr\/wp-json\/wp\/v2\/product_cat?post=19089"},{"taxonomy":"product_tag","embeddable":true,"href":"https:\/\/www.porinox.com\/fr\/wp-json\/wp\/v2\/product_tag?post=19089"}],"curies":[{"name":"wp","href":"https:\/\/api.w.org\/{rel}","templated":true}]}}