{"id":19084,"date":"2023-12-06T13:35:14","date_gmt":"2023-12-06T12:35:14","guid":{"rendered":"https:\/\/www.porinox.com\/?post_type=product&#038;p=19084"},"modified":"2026-02-09T11:35:18","modified_gmt":"2026-02-09T10:35:18","slug":"male-femelle-tubes-1-2-engraissement","status":"publish","type":"product","link":"https:\/\/www.porinox.com\/fr\/producto\/tubos-macho-hembra-1-2-engorde\/","title":{"rendered":"TUBES MALE\/FEMALE 1\/2\u2033 (engraissement)"},"content":{"rendered":"<h4>Tubes filet\u00e9s m\u00e2le\/femelle en acier inoxydable con\u00e7us pour des applications hydrauliques dans les applications suivantes <strong>propre production.\u00a0<\/strong><\/h4>\n<p>Le<strong> Tubes 1\/2\u2033 m\u00e2le\/femelle<\/strong> sont fabriqu\u00e9s en acier inoxydable 304 et sont con\u00e7us pour des applications hydrauliques dans les domaines suivants <strong>engraissement<\/strong>. Ces tubes de 21,3 mm de diam\u00e8tre et de 2 mm d'\u00e9paisseur sont personnalis\u00e9s avec des filetages m\u00e2les et\/ou femelles aux deux extr\u00e9mit\u00e9s, ce qui offre une grande souplesse d'utilisation. La possibilit\u00e9 de sertissage et de cintrage permet de les adapter \u00e0 des besoins vari\u00e9s, id\u00e9aux pour les abreuvoirs de ferme.<\/p>\n<p>&nbsp;<\/p>","protected":false},"excerpt":{"rendered":"<p><span style=\"color: #000000;\"><b>Tubos macho\/hembra INOX para bebederos de granja<\/b><\/span><\/p>\n<p>Tubos de acero inoxidable Macho\/Hembra \u00a0\u00d81\/2&#8243; 2mm disponible en 3 longitudes<\/p>\n<p><em>Ref. 000.021.202<\/em><\/p>","protected":false},"featured_media":18698,"comment_status":"open","ping_status":"closed","template":"","meta":[],"product_brand":[],"product_cat":[353,370,471],"product_tag":[],"class_list":{"0":"post-19084","1":"product","2":"type-product","3":"status-publish","4":"has-post-thumbnail","6":"product_cat-engorde","7":"product_cat-bebederos-engorde","8":"product_cat-chupetes-y-tubos-bebederos","10":"first","11":"instock","12":"shipping-taxable","13":"purchasable","14":"product-type-variable"},"_links":{"self":[{"href":"https:\/\/www.porinox.com\/fr\/wp-json\/wp\/v2\/product\/19084","targetHints":{"allow":["GET"]}}],"collection":[{"href":"https:\/\/www.porinox.com\/fr\/wp-json\/wp\/v2\/product"}],"about":[{"href":"https:\/\/www.porinox.com\/fr\/wp-json\/wp\/v2\/types\/product"}],"replies":[{"embeddable":true,"href":"https:\/\/www.porinox.com\/fr\/wp-json\/wp\/v2\/comments?post=19084"}],"version-history":[{"count":0,"href":"https:\/\/www.porinox.com\/fr\/wp-json\/wp\/v2\/product\/19084\/revisions"}],"wp:featuredmedia":[{"embeddable":true,"href":"https:\/\/www.porinox.com\/fr\/wp-json\/wp\/v2\/media\/18698"}],"wp:attachment":[{"href":"https:\/\/www.porinox.com\/fr\/wp-json\/wp\/v2\/media?parent=19084"}],"wp:term":[{"taxonomy":"product_brand","embeddable":true,"href":"https:\/\/www.porinox.com\/fr\/wp-json\/wp\/v2\/product_brand?post=19084"},{"taxonomy":"product_cat","embeddable":true,"href":"https:\/\/www.porinox.com\/fr\/wp-json\/wp\/v2\/product_cat?post=19084"},{"taxonomy":"product_tag","embeddable":true,"href":"https:\/\/www.porinox.com\/fr\/wp-json\/wp\/v2\/product_tag?post=19084"}],"curies":[{"name":"wp","href":"https:\/\/api.w.org\/{rel}","templated":true}]}}