{"id":18984,"date":"2023-12-04T14:32:56","date_gmt":"2023-12-04T13:32:56","guid":{"rendered":"https:\/\/www.porinox.com\/?post_type=product&#038;p=18984"},"modified":"2024-07-30T11:35:04","modified_gmt":"2024-07-30T09:35:04","slug":"suspend-les-bottes","status":"publish","type":"product","link":"https:\/\/www.porinox.com\/fr\/producto\/cuelga-botas\/","title":{"rendered":"CROCHETS \u00c0 BOTTES"},"content":{"rendered":"<p class=\"p1\"><span class=\"s1\">Pour r\u00e9pondre aux besoins sp\u00e9cifiques des travailleurs agricoles, nous introduisons notre <b>suspend les bottes<\/b> En acier inoxydable 304, un accessoire con\u00e7u pour apporter ordre et efficacit\u00e9 \u00e0 l'environnement de travail. Fabriqu\u00e9 en acier inoxydable de haute qualit\u00e9, ce produit a \u00e9t\u00e9 con\u00e7u avec un design innovant.<b> une r\u00e9sistance exceptionnelle pour faire face aux conditions difficiles de la vie \u00e0 la ferme<\/b>.<\/span><\/p>\n<p class=\"p1\"><span class=\"s1\">De conception robuste, le porte-bottes offre une solution pratique pour le rangement s\u00fbr et organis\u00e9 des chaussures de travail, contribuant ainsi \u00e0 un espace plus ordonn\u00e9 et plus efficace. Il ne s'agit pas d'un simple accessoire, mais d'un outil essentiel qui permet de ranger les chaussures de travail en toute s\u00e9curit\u00e9 et de mani\u00e8re organis\u00e9e.<b> am\u00e9liore l'exp\u00e9rience professionnelle et favorise l'hygi\u00e8ne dans l'exploitation<\/b>.<\/span><\/p>\n<p class=\"p1\"><span class=\"s1\">La principale recommandation est d'accrocher nos porte-bottes \u00e0 l'ext\u00e9rieur des vestiaires sanitaires (<a href=\"https:\/\/www.porinox.com\/fr\/produit\/vestiaire-sanitaire-2x2\/\"><span class=\"s2\">dressing 2\u00d72<\/span><\/a>, <a href=\"https:\/\/www.porinox.com\/fr\/produit\/vestiaire-sanitaire-3x2\/\"><span class=\"s2\">dressing 3\u00d72<\/span><\/a> y <a href=\"https:\/\/www.porinox.com\/fr\/produit\/vestiaire-sanitaire-4x2\/\"><span class=\"s2\">vestiaire 4\u00d72<\/span><\/a>). Cet emplacement strat\u00e9gique permet non seulement d'acc\u00e9der rapidement aux bottes, mais aussi de profiter de l'exposition \u00e0 l'air libre pour un s\u00e9chage efficace.<\/span><\/p>\n<p class=\"p1\"><span class=\"s1\"><b>L'installation est un processus simple et sans complication<\/b>, avec des instructions claires qui permettent au cintre d'\u00eatre op\u00e9rationnel en quelques minutes. La r\u00e9sistance \u00e0 la corrosion garantit que l'appareil conserve son int\u00e9grit\u00e9 structurelle, m\u00eame dans les environnements agricoles difficiles o\u00f9 l'exposition constante aux intemp\u00e9ries et \u00e0 l'humidit\u00e9 est une r\u00e9alit\u00e9 quotidienne.<\/span><\/p>\n<p class=\"p1\"><span class=\"s1\">Outre son utilit\u00e9 dans les vestiaires, ce porte-bottes convient parfaitement pour <b>diff\u00e9rentes zones de l'exploitation<\/b>. Que ce soit dans les \u00e9curies, les entrep\u00f4ts ou \u00e0 proximit\u00e9 des zones de travail, cet accessoire polyvalent s'int\u00e8gre facilement pour maintenir les chaussures en parfait \u00e9tat.<\/span><\/p>\n<p class=\"p1\"><span class=\"s1\">En bref, nos porte-bottes en acier inoxydable sont non seulement conformes aux normes de l'Union europ\u00e9enne, mais aussi \u00e0 celles de l'Union europ\u00e9enne. <b>qualit\u00e9 et durabilit\u00e9<\/b>, Il red\u00e9finit \u00e9galement l'organisation et l'hygi\u00e8ne dans l'environnement agricole.<\/span><\/p>","protected":false},"excerpt":{"rendered":"<p>En respuesta a las necesidades espec\u00edficas de los trabajadores agr\u00edcolas, presentamos nuestro cuelga botas de acero inoxidable 304, un accesorio pensado para brindar orden y eficiencia en el entorno laboral. Fabricado con acero inoxidable de alta calidad, este producto ha sido dise\u00f1ado con una resistencia excepcional para enfrentar las condiciones desafiantes de la vida en [&hellip;]<\/p>\n","protected":false},"featured_media":18989,"comment_status":"open","ping_status":"closed","template":"","meta":[],"product_brand":[],"product_cat":[360,479],"product_tag":[],"class_list":{"0":"post-18984","1":"product","2":"type-product","3":"status-publish","4":"has-post-thumbnail","6":"product_cat-bioseguridad","7":"product_cat-cuelga-botas-bioseguridad","9":"first","10":"instock","11":"shipping-taxable","12":"product-type-simple"},"_links":{"self":[{"href":"https:\/\/www.porinox.com\/fr\/wp-json\/wp\/v2\/product\/18984","targetHints":{"allow":["GET"]}}],"collection":[{"href":"https:\/\/www.porinox.com\/fr\/wp-json\/wp\/v2\/product"}],"about":[{"href":"https:\/\/www.porinox.com\/fr\/wp-json\/wp\/v2\/types\/product"}],"replies":[{"embeddable":true,"href":"https:\/\/www.porinox.com\/fr\/wp-json\/wp\/v2\/comments?post=18984"}],"version-history":[{"count":0,"href":"https:\/\/www.porinox.com\/fr\/wp-json\/wp\/v2\/product\/18984\/revisions"}],"wp:featuredmedia":[{"embeddable":true,"href":"https:\/\/www.porinox.com\/fr\/wp-json\/wp\/v2\/media\/18989"}],"wp:attachment":[{"href":"https:\/\/www.porinox.com\/fr\/wp-json\/wp\/v2\/media?parent=18984"}],"wp:term":[{"taxonomy":"product_brand","embeddable":true,"href":"https:\/\/www.porinox.com\/fr\/wp-json\/wp\/v2\/product_brand?post=18984"},{"taxonomy":"product_cat","embeddable":true,"href":"https:\/\/www.porinox.com\/fr\/wp-json\/wp\/v2\/product_cat?post=18984"},{"taxonomy":"product_tag","embeddable":true,"href":"https:\/\/www.porinox.com\/fr\/wp-json\/wp\/v2\/product_tag?post=18984"}],"curies":[{"name":"wp","href":"https:\/\/api.w.org\/{rel}","templated":true}]}}