{"id":18906,"date":"2023-11-30T14:05:58","date_gmt":"2023-11-30T13:05:58","guid":{"rendered":"https:\/\/www.porinox.com\/?post_type=product&#038;p=18906"},"modified":"2024-07-17T13:19:58","modified_gmt":"2024-07-17T11:19:58","slug":"alimentation-lineaire","status":"publish","type":"product","link":"https:\/\/www.porinox.com\/fr\/producto\/comedero-lineal\/","title":{"rendered":"DOSEUR LIN\u00c9AIRE"},"content":{"rendered":"<p>Les mangeoires lin\u00e9aires Porinox sont con\u00e7ues pour s'adapter \u00e0 l'ergonomie de l'animal, <strong>facilitant ainsi l'acc\u00e8s \u00e0 une consommation plus \u00e9lev\u00e9e<\/strong>. Ils sont enti\u00e8rement fabriqu\u00e9s en acier inoxydable 304, ce qui garantit leur durabilit\u00e9 et leur r\u00e9sistance. Ils sont compl\u00e8tement \u00e9tanches gr\u00e2ce \u00e0 la soudure, ce qui les rend parfaits pour une utilisation \u00e0 l'ext\u00e9rieur. <strong>l'alimentation par la soupe<\/strong>. Il n'y a pas de bord visible pour \u00e9viter les blessures.<\/p>","protected":false},"excerpt":{"rendered":"<p>Los comederos lineales de Porinox han sido dise\u00f1ados para ajustarse a la ergonom\u00eda del animal, facilitando as\u00ed el acceso para garantizar una mayor ingesta. Est\u00e1n fabricados \u00edntegramente de acero inoxidable 304 para garantizar durabilidad y resistencia. Queda totalmente herm\u00e9tico por la soldadura, con lo que es perfecto para una alimentaci\u00f3n en sopa. No presenta ning\u00fan [&hellip;]<\/p>\n","protected":false},"featured_media":18907,"comment_status":"open","ping_status":"closed","template":"","meta":[],"product_brand":[],"product_cat":[353,481,374,354,366],"product_tag":[],"class_list":{"0":"post-18906","1":"product","2":"type-product","3":"status-publish","4":"has-post-thumbnail","6":"product_cat-engorde","7":"product_cat-comederolineal","8":"product_cat-comederos-maternidad-y-parideras","9":"product_cat-maternidad-y-parideras","10":"product_cat-tolvas-engorde","12":"first","13":"instock","14":"shipping-taxable","15":"product-type-simple"},"_links":{"self":[{"href":"https:\/\/www.porinox.com\/fr\/wp-json\/wp\/v2\/product\/18906","targetHints":{"allow":["GET"]}}],"collection":[{"href":"https:\/\/www.porinox.com\/fr\/wp-json\/wp\/v2\/product"}],"about":[{"href":"https:\/\/www.porinox.com\/fr\/wp-json\/wp\/v2\/types\/product"}],"replies":[{"embeddable":true,"href":"https:\/\/www.porinox.com\/fr\/wp-json\/wp\/v2\/comments?post=18906"}],"version-history":[{"count":0,"href":"https:\/\/www.porinox.com\/fr\/wp-json\/wp\/v2\/product\/18906\/revisions"}],"wp:featuredmedia":[{"embeddable":true,"href":"https:\/\/www.porinox.com\/fr\/wp-json\/wp\/v2\/media\/18907"}],"wp:attachment":[{"href":"https:\/\/www.porinox.com\/fr\/wp-json\/wp\/v2\/media?parent=18906"}],"wp:term":[{"taxonomy":"product_brand","embeddable":true,"href":"https:\/\/www.porinox.com\/fr\/wp-json\/wp\/v2\/product_brand?post=18906"},{"taxonomy":"product_cat","embeddable":true,"href":"https:\/\/www.porinox.com\/fr\/wp-json\/wp\/v2\/product_cat?post=18906"},{"taxonomy":"product_tag","embeddable":true,"href":"https:\/\/www.porinox.com\/fr\/wp-json\/wp\/v2\/product_tag?post=18906"}],"curies":[{"name":"wp","href":"https:\/\/api.w.org\/{rel}","templated":true}]}}