{"id":18228,"date":"2023-11-16T09:49:22","date_gmt":"2023-11-16T08:49:22","guid":{"rendered":"http:\/\/porinox.com\/?post_type=product&#038;p=18228"},"modified":"2026-01-20T09:33:48","modified_gmt":"2026-01-20T08:33:48","slug":"barrieres-tubulaires-de-sevrage","status":"publish","type":"product","link":"https:\/\/www.porinox.com\/fr\/producto\/vallas-con-tubo-para-destete\/","title":{"rendered":"BARRI\u00c8RES TUBULAIRES DE SEVRAGE"},"content":{"rendered":"<p style=\"text-align: left;\">Les parcs de sevrage exigent un haut degr\u00e9 d'hygi\u00e8ne, ainsi qu'un nettoyage et une d\u00e9sinfection faciles. C'est pourquoi nous proposons la cl\u00f4ture en panneaux de PVC, un mat\u00e9riau non poreux, \u00e9tanche \u00e0 l'air, sans joint, sans rainure et sans interstice. <strong>nous \u00e9vitons les points d'accumulation de salet\u00e9.<\/strong><\/p>\n<p style=\"text-align: left;\">Le panneau en nid d'abeille de 3,5 cm est \u00e0 la fois solide et l\u00e9ger, ce qui permet \u00e0 l'utilisateur d'avoir acc\u00e8s \u00e0 l'information.<strong> cr\u00e9er les cloisons et les portes, <\/strong>ferme et s\u00fbr pour la phase de sevrage.<\/p>\n<p style=\"text-align: left;\">Les tubes de sevrage sont le type de cl\u00f4ture le plus s\u00fbr et le plus pratique. Plus s\u00fbres parce qu'avec 10 cm de hauteur suppl\u00e9mentaire, elles \u00e9vitent les \u00e9ventuels sauts de cl\u00f4ture. Elles sont \u00e9galement plus confortables et plus ergonomiques pour l'\u00e9leveur, tout en offrant une belle finition esth\u00e9tique \u00e0 la ferme.<\/p>\n<p style=\"text-align: left;\">L'installation et le montage des cl\u00f4tures s'effectuent \u00e0 l'aide d'un syst\u00e8me d'ancrages et de raccords con\u00e7us et fabriqu\u00e9s en acier inoxydable AISI 304, pour une plus grande r\u00e9sistance et durabilit\u00e9.<\/p>\n<p style=\"text-align: left;\">Notre capacit\u00e9 de fabrication sur mesure nous permet d'offrir une combinaison personnalis\u00e9e d'enclos, en adaptant les cl\u00f4tures \u00e0 l'agencement choisi pour chaque b\u00e2timent.<\/p>\n<p style=\"text-align: left;\">","protected":false},"excerpt":{"rendered":"<p>Los corrales de destete requieren un alto grado de higiene y adaptabilidad para cada nave. Para ello, ofrecemos un dise\u00f1o de panel de 3,5cm de grosor, completamente herm\u00e9tico, fabricado con PVC, sin juntas ni huecos, que permite crear las divisiones y puertas.<\/p>\n<p>La instalaci\u00f3n se realiza con un sistema de anclajes y de apertura dise\u00f1ados para facilitar la desinfecci\u00f3n, evitando puntos de acumulaci\u00f3n de suciedad; fabricados con acero inoxidable para una mayor resistencia y durabilidad.<\/p>\n<p><strong>Panel-80:<\/strong><\/p>\n<p><em>Ref. 000.081.800<\/em><\/p>","protected":false},"featured_media":18718,"comment_status":"open","ping_status":"closed","template":"","meta":[],"product_brand":[],"product_cat":[352,365,412],"product_tag":[],"class_list":{"0":"post-18228","1":"product","2":"type-product","3":"status-publish","4":"has-post-thumbnail","6":"product_cat-destete","7":"product_cat-puertas-y-vallas-destete","8":"product_cat-vallas-destete","10":"first","11":"instock","12":"shipping-taxable","13":"purchasable","14":"product-type-variable"},"_links":{"self":[{"href":"https:\/\/www.porinox.com\/fr\/wp-json\/wp\/v2\/product\/18228","targetHints":{"allow":["GET"]}}],"collection":[{"href":"https:\/\/www.porinox.com\/fr\/wp-json\/wp\/v2\/product"}],"about":[{"href":"https:\/\/www.porinox.com\/fr\/wp-json\/wp\/v2\/types\/product"}],"replies":[{"embeddable":true,"href":"https:\/\/www.porinox.com\/fr\/wp-json\/wp\/v2\/comments?post=18228"}],"version-history":[{"count":0,"href":"https:\/\/www.porinox.com\/fr\/wp-json\/wp\/v2\/product\/18228\/revisions"}],"wp:featuredmedia":[{"embeddable":true,"href":"https:\/\/www.porinox.com\/fr\/wp-json\/wp\/v2\/media\/18718"}],"wp:attachment":[{"href":"https:\/\/www.porinox.com\/fr\/wp-json\/wp\/v2\/media?parent=18228"}],"wp:term":[{"taxonomy":"product_brand","embeddable":true,"href":"https:\/\/www.porinox.com\/fr\/wp-json\/wp\/v2\/product_brand?post=18228"},{"taxonomy":"product_cat","embeddable":true,"href":"https:\/\/www.porinox.com\/fr\/wp-json\/wp\/v2\/product_cat?post=18228"},{"taxonomy":"product_tag","embeddable":true,"href":"https:\/\/www.porinox.com\/fr\/wp-json\/wp\/v2\/product_tag?post=18228"}],"curies":[{"name":"wp","href":"https:\/\/api.w.org\/{rel}","templated":true}]}}