{"id":1766,"date":"2020-01-22T15:12:21","date_gmt":"2020-01-22T14:12:21","guid":{"rendered":"https:\/\/porinox.com\/?post_type=product&#038;p=1766"},"modified":"2026-01-20T12:06:56","modified_gmt":"2026-01-20T11:06:56","slug":"grille-de-sevrage-a-lattes","status":"publish","type":"product","link":"https:\/\/www.porinox.com\/fr\/producto\/slat-destete-rejilla\/","title":{"rendered":"GRILLE DE SEVRAGE \u00c0 LATTES"},"content":{"rendered":"<p>Les caillebotis en plastique conviennent pour<strong> toute installation<\/strong>. Fabriqu\u00e9 par <strong>moulage par injection de polypropyl\u00e8ne de haute qualit\u00e9<\/strong>, un produit est assur\u00e9<strong> solide et durable<\/strong> qui offre aux animaux un confort et une adh\u00e9rence optimaux. La taille et la disposition des trous retiennent la chaleur tout en permettant le drainage pour que les animaux restent propres et secs, ce qui garantit la sant\u00e9 des porcelets.<\/p>\n<p>&nbsp;<\/p>","protected":false},"excerpt":{"rendered":"<p>Las rejillas de pl\u00e1stico se adecuan a cualquier instalaci\u00f3n. Fabricada por inyecci\u00f3n de polipropileno de alta calidad, asegura un producto resistente y duradero que mantiene las propiedades de confort y agarre \u00f3ptimo para los animales. El tama\u00f1o y la disposici\u00f3n de los agujeros retiene el calor a la vez que permite el drenaje para mantener a los animales limpios y secos, garantizando la salud de los lechones.<\/p>\n<p><strong>Slat D50:<\/strong><\/p>\n<p><em>Ref. 000.251.560<\/em><\/p>\n<p><strong>Slat D60:<\/strong><\/p>\n<p><em>Ref. 000.251.660<\/em><\/p>","protected":false},"featured_media":18775,"comment_status":"open","ping_status":"closed","template":"","meta":[],"product_brand":[],"product_cat":[352,368,414],"product_tag":[],"class_list":{"0":"post-1766","1":"product","2":"type-product","3":"status-publish","4":"has-post-thumbnail","6":"product_cat-destete","7":"product_cat-slats","8":"product_cat-slat","10":"first","11":"instock","12":"shipping-taxable","13":"purchasable","14":"product-type-variable"},"_links":{"self":[{"href":"https:\/\/www.porinox.com\/fr\/wp-json\/wp\/v2\/product\/1766","targetHints":{"allow":["GET"]}}],"collection":[{"href":"https:\/\/www.porinox.com\/fr\/wp-json\/wp\/v2\/product"}],"about":[{"href":"https:\/\/www.porinox.com\/fr\/wp-json\/wp\/v2\/types\/product"}],"replies":[{"embeddable":true,"href":"https:\/\/www.porinox.com\/fr\/wp-json\/wp\/v2\/comments?post=1766"}],"version-history":[{"count":0,"href":"https:\/\/www.porinox.com\/fr\/wp-json\/wp\/v2\/product\/1766\/revisions"}],"wp:featuredmedia":[{"embeddable":true,"href":"https:\/\/www.porinox.com\/fr\/wp-json\/wp\/v2\/media\/18775"}],"wp:attachment":[{"href":"https:\/\/www.porinox.com\/fr\/wp-json\/wp\/v2\/media?parent=1766"}],"wp:term":[{"taxonomy":"product_brand","embeddable":true,"href":"https:\/\/www.porinox.com\/fr\/wp-json\/wp\/v2\/product_brand?post=1766"},{"taxonomy":"product_cat","embeddable":true,"href":"https:\/\/www.porinox.com\/fr\/wp-json\/wp\/v2\/product_cat?post=1766"},{"taxonomy":"product_tag","embeddable":true,"href":"https:\/\/www.porinox.com\/fr\/wp-json\/wp\/v2\/product_tag?post=1766"}],"curies":[{"name":"wp","href":"https:\/\/api.w.org\/{rel}","templated":true}]}}