{"id":17218,"date":"2023-10-25T14:55:16","date_gmt":"2023-10-25T12:55:16","guid":{"rendered":"http:\/\/porinox.com\/?post_type=product&#038;p=17218"},"modified":"2026-01-15T11:30:10","modified_gmt":"2026-01-15T10:30:10","slug":"tremie-dalimentation-des-depenses","status":"publish","type":"product","link":"https:\/\/www.porinox.com\/fr\/producto\/tolva-spend-feed\/","title":{"rendered":"Tr\u00e9mie SPEND FEED"},"content":{"rendered":"<p>Este nuevo dise\u00f1o tiene una configuraci\u00f3n y unas medidas que permiten que los animales tengan acceso por completo al pienso desde el primer d\u00eda.<\/p>\n<p>Alimentation humide <strong>am\u00e9liore l'engraissement quotidien tout en r\u00e9duisant le gaspillage d'aliments et d'eau.<\/strong>. Le syst\u00e8me d'ouverture offre un r\u00e9glage tr\u00e8s pr\u00e9cis et une fermeture totalement herm\u00e9tique.<\/p>","protected":false},"excerpt":{"rendered":"<p>Este nuevo dise\u00f1o tiene una configuraci\u00f3n y unas medidas que permiten que los animales tengan acceso por completo al pienso desde el primer d\u00eda. La alimentaci\u00f3n en h\u00famedo mejora el engorde diario a la vez que disminuye la cantidad de desperdicio de pienso y agua. El sistema de apertura ofrece una regulaci\u00f3n muy precisa y [&hellip;]<\/p>\n","protected":false},"featured_media":18902,"comment_status":"open","ping_status":"closed","template":"","meta":[],"product_brand":[],"product_cat":[353,470,366],"product_tag":[],"class_list":{"0":"post-17218","1":"product","2":"type-product","3":"status-publish","4":"has-post-thumbnail","6":"product_cat-engorde","7":"product_cat-spendfeed","8":"product_cat-tolvas-engorde","10":"first","11":"instock","12":"shipping-taxable","13":"product-type-simple"},"_links":{"self":[{"href":"https:\/\/www.porinox.com\/fr\/wp-json\/wp\/v2\/product\/17218","targetHints":{"allow":["GET"]}}],"collection":[{"href":"https:\/\/www.porinox.com\/fr\/wp-json\/wp\/v2\/product"}],"about":[{"href":"https:\/\/www.porinox.com\/fr\/wp-json\/wp\/v2\/types\/product"}],"replies":[{"embeddable":true,"href":"https:\/\/www.porinox.com\/fr\/wp-json\/wp\/v2\/comments?post=17218"}],"version-history":[{"count":0,"href":"https:\/\/www.porinox.com\/fr\/wp-json\/wp\/v2\/product\/17218\/revisions"}],"wp:featuredmedia":[{"embeddable":true,"href":"https:\/\/www.porinox.com\/fr\/wp-json\/wp\/v2\/media\/18902"}],"wp:attachment":[{"href":"https:\/\/www.porinox.com\/fr\/wp-json\/wp\/v2\/media?parent=17218"}],"wp:term":[{"taxonomy":"product_brand","embeddable":true,"href":"https:\/\/www.porinox.com\/fr\/wp-json\/wp\/v2\/product_brand?post=17218"},{"taxonomy":"product_cat","embeddable":true,"href":"https:\/\/www.porinox.com\/fr\/wp-json\/wp\/v2\/product_cat?post=17218"},{"taxonomy":"product_tag","embeddable":true,"href":"https:\/\/www.porinox.com\/fr\/wp-json\/wp\/v2\/product_tag?post=17218"}],"curies":[{"name":"wp","href":"https:\/\/api.w.org\/{rel}","templated":true}]}}