{"id":17192,"date":"2023-10-25T13:01:52","date_gmt":"2023-10-25T11:01:52","guid":{"rendered":"http:\/\/porinox.com\/?post_type=product&#038;p=17192"},"modified":"2024-07-30T08:37:31","modified_gmt":"2024-07-30T06:37:31","slug":"tremie-c1","status":"publish","type":"product","link":"https:\/\/www.porinox.com\/fr\/producto\/tolva-c1\/","title":{"rendered":"TOLVA C1"},"content":{"rendered":"<p>Le mod\u00e8le C1 est une tr\u00e9mie d'alimentation fabriqu\u00e9e en<strong> tout en acier inoxydable pour l'alimentation \u00e0 sec<\/strong>. El paso de pienso se regula a trav\u00e9s de la obertura de una tejadera interior. Es una tolva altamente resistente y de f\u00e1cil instalaci\u00f3n.<\/p>\n<p>El nuevo modelo est\u00e1 disponible en regulaci\u00f3n interior de hasta <strong>23 niveaux<\/strong>.<\/p>","protected":false},"excerpt":{"rendered":"<p>El modelo C1 es una tolva de engorde fabricada \u00edntegramente en acero inoxidable para alimentaci\u00f3n en seco. El paso de pienso se regula a trav\u00e9s de la obertura de una tejadera interior. Es una tolva altamente resistente y de f\u00e1cil instalaci\u00f3n. El nuevo modelo est\u00e1 disponible en regulaci\u00f3n interior de hasta 23 niveles.<\/p>","protected":false},"featured_media":18810,"comment_status":"open","ping_status":"closed","template":"","meta":[],"product_brand":[],"product_cat":[469,353,366],"product_tag":[],"class_list":{"0":"post-17192","1":"product","2":"type-product","3":"status-publish","4":"has-post-thumbnail","6":"product_cat-c1","7":"product_cat-engorde","8":"product_cat-tolvas-engorde","10":"first","11":"instock","12":"shipping-taxable","13":"product-type-simple"},"_links":{"self":[{"href":"https:\/\/www.porinox.com\/fr\/wp-json\/wp\/v2\/product\/17192","targetHints":{"allow":["GET"]}}],"collection":[{"href":"https:\/\/www.porinox.com\/fr\/wp-json\/wp\/v2\/product"}],"about":[{"href":"https:\/\/www.porinox.com\/fr\/wp-json\/wp\/v2\/types\/product"}],"replies":[{"embeddable":true,"href":"https:\/\/www.porinox.com\/fr\/wp-json\/wp\/v2\/comments?post=17192"}],"version-history":[{"count":0,"href":"https:\/\/www.porinox.com\/fr\/wp-json\/wp\/v2\/product\/17192\/revisions"}],"wp:featuredmedia":[{"embeddable":true,"href":"https:\/\/www.porinox.com\/fr\/wp-json\/wp\/v2\/media\/18810"}],"wp:attachment":[{"href":"https:\/\/www.porinox.com\/fr\/wp-json\/wp\/v2\/media?parent=17192"}],"wp:term":[{"taxonomy":"product_brand","embeddable":true,"href":"https:\/\/www.porinox.com\/fr\/wp-json\/wp\/v2\/product_brand?post=17192"},{"taxonomy":"product_cat","embeddable":true,"href":"https:\/\/www.porinox.com\/fr\/wp-json\/wp\/v2\/product_cat?post=17192"},{"taxonomy":"product_tag","embeddable":true,"href":"https:\/\/www.porinox.com\/fr\/wp-json\/wp\/v2\/product_tag?post=17192"}],"curies":[{"name":"wp","href":"https:\/\/api.w.org\/{rel}","templated":true}]}}