{"id":1673,"date":"2019-12-18T16:45:16","date_gmt":"2019-12-18T16:45:16","guid":{"rendered":"http:\/\/porinox.com\/product\/import-placeholder-for-369\/"},"modified":"2024-02-14T14:09:57","modified_gmt":"2024-02-14T13:09:57","slug":"abreuvoir-de-gestation-a30-pour-porcs","status":"publish","type":"product","link":"https:\/\/www.porinox.com\/fr\/producto\/bebedero-de-gestacion-a30-para-cerdos\/","title":{"rendered":"ABREUVOIR \u00c0 GESTATION A30"},"content":{"rendered":"<p>Les fontaines Porinox sont con\u00e7ues pour <strong>offrent un confort maximal<\/strong>. Fabriqu\u00e9 en acier inoxydable de haute qualit\u00e9 et <strong>soudure robotis\u00e9e pour un r\u00e9sultat plus solide et plus durable<\/strong>. Disponible en diff\u00e9rentes tailles et avec divers accessoires pour l'adapter \u00e0 vos besoins.<\/p>","protected":false},"excerpt":{"rendered":"<p>Bebedero de gestaci\u00f3n INOX para granjas porcinas.<\/p>\n<p>Ref. 000.026.100<\/p>","protected":false},"featured_media":19851,"comment_status":"open","ping_status":"closed","template":"","meta":[],"product_brand":[],"product_cat":[431,375,354],"product_tag":[],"class_list":{"0":"post-1673","1":"product","2":"type-product","3":"status-publish","4":"has-post-thumbnail","6":"product_cat-a30","7":"product_cat-bebederos-maternidad","8":"product_cat-maternidad-y-parideras","10":"first","11":"instock","12":"shipping-taxable","13":"purchasable","14":"product-type-simple"},"_links":{"self":[{"href":"https:\/\/www.porinox.com\/fr\/wp-json\/wp\/v2\/product\/1673","targetHints":{"allow":["GET"]}}],"collection":[{"href":"https:\/\/www.porinox.com\/fr\/wp-json\/wp\/v2\/product"}],"about":[{"href":"https:\/\/www.porinox.com\/fr\/wp-json\/wp\/v2\/types\/product"}],"replies":[{"embeddable":true,"href":"https:\/\/www.porinox.com\/fr\/wp-json\/wp\/v2\/comments?post=1673"}],"version-history":[{"count":0,"href":"https:\/\/www.porinox.com\/fr\/wp-json\/wp\/v2\/product\/1673\/revisions"}],"wp:featuredmedia":[{"embeddable":true,"href":"https:\/\/www.porinox.com\/fr\/wp-json\/wp\/v2\/media\/19851"}],"wp:attachment":[{"href":"https:\/\/www.porinox.com\/fr\/wp-json\/wp\/v2\/media?parent=1673"}],"wp:term":[{"taxonomy":"product_brand","embeddable":true,"href":"https:\/\/www.porinox.com\/fr\/wp-json\/wp\/v2\/product_brand?post=1673"},{"taxonomy":"product_cat","embeddable":true,"href":"https:\/\/www.porinox.com\/fr\/wp-json\/wp\/v2\/product_cat?post=1673"},{"taxonomy":"product_tag","embeddable":true,"href":"https:\/\/www.porinox.com\/fr\/wp-json\/wp\/v2\/product_tag?post=1673"}],"curies":[{"name":"wp","href":"https:\/\/api.w.org\/{rel}","templated":true}]}}