{"id":1671,"date":"2019-12-18T16:45:16","date_gmt":"2019-12-18T16:45:16","guid":{"rendered":"http:\/\/porinox.com\/product\/import-placeholder-for-380\/"},"modified":"2024-07-19T10:15:02","modified_gmt":"2024-07-19T08:15:02","slug":"fontaine-de-maternite-a28m","status":"publish","type":"product","link":"https:\/\/www.porinox.com\/fr\/producto\/bebedero-maternidad-a28m\/","title":{"rendered":"FONTAINE DE MATERNIT\u00c9 A28M"},"content":{"rendered":"<p>Le <strong>fontaine \u00e0 boire A28M<\/strong> de Porinox est\u00e1 dise\u00f1ado espec\u00edficamente para parideras en la fase de maternidad, ofreciendo una gran capacidad y una boca ancha que facilita el acceso a las madres.<\/p>\n<p>Fabricado en acero inoxidable 304, este bebedero garantiza robustez y durabilidad.<\/p>\n<p>Todas sus partes est\u00e1n ensambladas con soldadura robotizada, asegurando una hermeticidad completa que evita p\u00e9rdidas de agua y mejora su aprovechamiento.<\/p>","protected":false},"excerpt":{"rendered":"<p>Bebedero para cerdas parideras o gestaci\u00f3n de INOX-304 de alta calidad y 1,5mm de grosor.<\/p>\n<p><em>Ref. 000.026.300<\/em><\/p>\n<p>&nbsp;<\/p>","protected":false},"featured_media":19850,"comment_status":"open","ping_status":"closed","template":"","meta":[],"product_brand":[],"product_cat":[430,499,375,498,497,354],"product_tag":[],"class_list":{"0":"post-1671","1":"product","2":"type-product","3":"status-publish","4":"has-post-thumbnail","6":"product_cat-a28","7":"product_cat-a28-gestacion","8":"product_cat-bebederos-maternidad","9":"product_cat-bebederos-gestacion","10":"product_cat-gestacion","11":"product_cat-maternidad-y-parideras","13":"first","14":"instock","15":"shipping-taxable","16":"purchasable","17":"product-type-simple"},"_links":{"self":[{"href":"https:\/\/www.porinox.com\/fr\/wp-json\/wp\/v2\/product\/1671","targetHints":{"allow":["GET"]}}],"collection":[{"href":"https:\/\/www.porinox.com\/fr\/wp-json\/wp\/v2\/product"}],"about":[{"href":"https:\/\/www.porinox.com\/fr\/wp-json\/wp\/v2\/types\/product"}],"replies":[{"embeddable":true,"href":"https:\/\/www.porinox.com\/fr\/wp-json\/wp\/v2\/comments?post=1671"}],"version-history":[{"count":0,"href":"https:\/\/www.porinox.com\/fr\/wp-json\/wp\/v2\/product\/1671\/revisions"}],"wp:featuredmedia":[{"embeddable":true,"href":"https:\/\/www.porinox.com\/fr\/wp-json\/wp\/v2\/media\/19850"}],"wp:attachment":[{"href":"https:\/\/www.porinox.com\/fr\/wp-json\/wp\/v2\/media?parent=1671"}],"wp:term":[{"taxonomy":"product_brand","embeddable":true,"href":"https:\/\/www.porinox.com\/fr\/wp-json\/wp\/v2\/product_brand?post=1671"},{"taxonomy":"product_cat","embeddable":true,"href":"https:\/\/www.porinox.com\/fr\/wp-json\/wp\/v2\/product_cat?post=1671"},{"taxonomy":"product_tag","embeddable":true,"href":"https:\/\/www.porinox.com\/fr\/wp-json\/wp\/v2\/product_tag?post=1671"}],"curies":[{"name":"wp","href":"https:\/\/api.w.org\/{rel}","templated":true}]}}