{"id":1669,"date":"2019-12-18T16:45:12","date_gmt":"2019-12-18T15:45:12","guid":{"rendered":"http:\/\/porinox.com\/product\/import-placeholder-for-391\/"},"modified":"2024-04-10T12:48:51","modified_gmt":"2024-04-10T10:48:51","slug":"tetine-en-acier-inoxydable-pour-le-sevrage-des-porcs","status":"publish","type":"product","link":"https:\/\/www.porinox.com\/fr\/producto\/chupete-inox-para-destete-porcino\/","title":{"rendered":"T\u00c9TINE EN ACIER INOXYDABLE POUR LE SEVRAGE DES PORCS"},"content":{"rendered":"<p>T\u00e9tine INOX \u00e0 pointe fine pour porcs. Convient pour le sevrage.<\/p>","protected":false},"excerpt":{"rendered":"<p><b>Chupete INOX de punta delgada para cerdos.<\/b><\/p>\n<p>Indicado para destete, para tubos de 1\/2\u00bb.<\/p>\n<p><em>Ref. 000.021.311<\/em><\/p>","protected":false},"featured_media":18686,"comment_status":"open","ping_status":"closed","template":"","meta":[],"product_brand":[],"product_cat":[364,408,352],"product_tag":[],"class_list":{"0":"post-1669","1":"product","2":"type-product","3":"status-publish","4":"has-post-thumbnail","6":"product_cat-bebederos-destete","7":"product_cat-complementos_destete","8":"product_cat-destete","10":"first","11":"instock","12":"shipping-taxable","13":"purchasable","14":"product-type-simple"},"_links":{"self":[{"href":"https:\/\/www.porinox.com\/fr\/wp-json\/wp\/v2\/product\/1669","targetHints":{"allow":["GET"]}}],"collection":[{"href":"https:\/\/www.porinox.com\/fr\/wp-json\/wp\/v2\/product"}],"about":[{"href":"https:\/\/www.porinox.com\/fr\/wp-json\/wp\/v2\/types\/product"}],"replies":[{"embeddable":true,"href":"https:\/\/www.porinox.com\/fr\/wp-json\/wp\/v2\/comments?post=1669"}],"version-history":[{"count":0,"href":"https:\/\/www.porinox.com\/fr\/wp-json\/wp\/v2\/product\/1669\/revisions"}],"wp:featuredmedia":[{"embeddable":true,"href":"https:\/\/www.porinox.com\/fr\/wp-json\/wp\/v2\/media\/18686"}],"wp:attachment":[{"href":"https:\/\/www.porinox.com\/fr\/wp-json\/wp\/v2\/media?parent=1669"}],"wp:term":[{"taxonomy":"product_brand","embeddable":true,"href":"https:\/\/www.porinox.com\/fr\/wp-json\/wp\/v2\/product_brand?post=1669"},{"taxonomy":"product_cat","embeddable":true,"href":"https:\/\/www.porinox.com\/fr\/wp-json\/wp\/v2\/product_cat?post=1669"},{"taxonomy":"product_tag","embeddable":true,"href":"https:\/\/www.porinox.com\/fr\/wp-json\/wp\/v2\/product_tag?post=1669"}],"curies":[{"name":"wp","href":"https:\/\/api.w.org\/{rel}","templated":true}]}}