{"id":1667,"date":"2019-12-18T16:45:12","date_gmt":"2019-12-18T16:45:12","guid":{"rendered":"http:\/\/porinox.com\/product\/import-placeholder-for-398\/"},"modified":"2024-07-18T15:52:49","modified_gmt":"2024-07-18T13:52:49","slug":"colliers-de-serrage","status":"publish","type":"product","link":"https:\/\/www.porinox.com\/fr\/producto\/grapas-para-tubo\/","title":{"rendered":"ROGUE DE PONT"},"content":{"rendered":"<p>Le <strong>colliers de serrage<\/strong> de Porinox sont fabriqu\u00e9s en acier inoxydable 304, ce qui leur conf\u00e8re une grande solidit\u00e9 et une grande durabilit\u00e9. Con\u00e7us pour recevoir des tuyaux de \u00d820mm (1\/2\u2033), ils ont une largeur de 84mm, une hauteur de 25mm et une profondeur de 12mm, avec une \u00e9paisseur de 1,5mm. Ces colliers sont id\u00e9aux pour fixer les tuyaux dans les syst\u00e8mes de distribution d'eau, garantissant une installation s\u00fbre et durable.<\/p>","protected":false},"excerpt":{"rendered":"<p>GRAPA INOX OMEGA PARED en 1,5mm a TUBO \u00d820mm 1\/2&#8243;<\/p>\n<p><em>R\u00e9f. 000.021.105<\/em><\/p>","protected":false},"featured_media":18695,"comment_status":"open","ping_status":"closed","template":"","meta":[],"product_brand":[],"product_cat":[352,370,498,364,408,501,353,497,434,354,421],"product_tag":[],"class_list":{"0":"post-1667","1":"product","2":"type-product","3":"status-publish","4":"has-post-thumbnail","6":"product_cat-destete","7":"product_cat-bebederos-engorde","8":"product_cat-bebederos-gestacion","9":"product_cat-bebederos-destete","10":"product_cat-complementos_destete","11":"product_cat-complementos-bebederos-gestacion","12":"product_cat-engorde","13":"product_cat-gestacion","14":"product_cat-grapas-bebederos-maternidad-y-parideras","15":"product_cat-maternidad-y-parideras","16":"product_cat-sujeccion-a-pared-engorde","18":"first","19":"instock","20":"shipping-taxable","21":"purchasable","22":"product-type-simple"},"_links":{"self":[{"href":"https:\/\/www.porinox.com\/fr\/wp-json\/wp\/v2\/product\/1667","targetHints":{"allow":["GET"]}}],"collection":[{"href":"https:\/\/www.porinox.com\/fr\/wp-json\/wp\/v2\/product"}],"about":[{"href":"https:\/\/www.porinox.com\/fr\/wp-json\/wp\/v2\/types\/product"}],"replies":[{"embeddable":true,"href":"https:\/\/www.porinox.com\/fr\/wp-json\/wp\/v2\/comments?post=1667"}],"version-history":[{"count":0,"href":"https:\/\/www.porinox.com\/fr\/wp-json\/wp\/v2\/product\/1667\/revisions"}],"wp:featuredmedia":[{"embeddable":true,"href":"https:\/\/www.porinox.com\/fr\/wp-json\/wp\/v2\/media\/18695"}],"wp:attachment":[{"href":"https:\/\/www.porinox.com\/fr\/wp-json\/wp\/v2\/media?parent=1667"}],"wp:term":[{"taxonomy":"product_brand","embeddable":true,"href":"https:\/\/www.porinox.com\/fr\/wp-json\/wp\/v2\/product_brand?post=1667"},{"taxonomy":"product_cat","embeddable":true,"href":"https:\/\/www.porinox.com\/fr\/wp-json\/wp\/v2\/product_cat?post=1667"},{"taxonomy":"product_tag","embeddable":true,"href":"https:\/\/www.porinox.com\/fr\/wp-json\/wp\/v2\/product_tag?post=1667"}],"curies":[{"name":"wp","href":"https:\/\/api.w.org\/{rel}","templated":true}]}}