{"id":1666,"date":"2019-12-18T16:45:12","date_gmt":"2019-12-18T16:45:12","guid":{"rendered":"http:\/\/porinox.com\/product\/import-placeholder-for-403\/"},"modified":"2024-07-18T15:49:06","modified_gmt":"2024-07-18T13:49:06","slug":"distributeur-daliments-pour-truies-de-mise-bas-modele-ac1","status":"publish","type":"product","link":"https:\/\/www.porinox.com\/fr\/producto\/comedero-cerdas-parideras-modelo-ac1\/","title":{"rendered":"AC1 AUGE DE MISE BAS"},"content":{"rendered":"<p>Le <strong>Alimentateur pour truies de mise bas mod\u00e8le AC1<\/strong> de Porinox est fabriqu\u00e9e en acier inoxydable 304, ce qui lui conf\u00e8re une grande durabilit\u00e9 et une grande r\u00e9sistance. Ses dimensions sont de 493 mm de large, 343 mm de haut et 300 mm de profondeur, avec une \u00e9paisseur de 1,5 mm. Cette conception facilite l'acc\u00e8s des truies \u00e0 la nourriture gr\u00e2ce \u00e0 sa large ouverture et est facile \u00e0 installer, ce qui en fait une option efficace et pratique pour les \u00e9levages de porcs.<\/p>","protected":false},"excerpt":{"rendered":"<p><span style=\"color: #000000;\"><b>Comedero INOX AC1 para cerdas parideras en granjas porcinas<\/b><\/span><\/p>\n<p>Fabricados con INOX-304 de alta calidad y 1,5mm de grosor.<\/p>\n<p>Disponible en 4 anchos distintos: 30, 45, 48 y 50cm<\/p>\n<p><em>Ref. 000.031.301<\/em><\/p>","protected":false},"featured_media":19849,"comment_status":"open","ping_status":"closed","template":"","meta":[],"product_brand":[],"product_cat":[374,354],"product_tag":[],"class_list":{"0":"post-1666","1":"product","2":"type-product","3":"status-publish","4":"has-post-thumbnail","6":"product_cat-comederos-maternidad-y-parideras","7":"product_cat-maternidad-y-parideras","9":"first","10":"instock","11":"shipping-taxable","12":"product-type-simple"},"_links":{"self":[{"href":"https:\/\/www.porinox.com\/fr\/wp-json\/wp\/v2\/product\/1666","targetHints":{"allow":["GET"]}}],"collection":[{"href":"https:\/\/www.porinox.com\/fr\/wp-json\/wp\/v2\/product"}],"about":[{"href":"https:\/\/www.porinox.com\/fr\/wp-json\/wp\/v2\/types\/product"}],"replies":[{"embeddable":true,"href":"https:\/\/www.porinox.com\/fr\/wp-json\/wp\/v2\/comments?post=1666"}],"version-history":[{"count":0,"href":"https:\/\/www.porinox.com\/fr\/wp-json\/wp\/v2\/product\/1666\/revisions"}],"wp:featuredmedia":[{"embeddable":true,"href":"https:\/\/www.porinox.com\/fr\/wp-json\/wp\/v2\/media\/19849"}],"wp:attachment":[{"href":"https:\/\/www.porinox.com\/fr\/wp-json\/wp\/v2\/media?parent=1666"}],"wp:term":[{"taxonomy":"product_brand","embeddable":true,"href":"https:\/\/www.porinox.com\/fr\/wp-json\/wp\/v2\/product_brand?post=1666"},{"taxonomy":"product_cat","embeddable":true,"href":"https:\/\/www.porinox.com\/fr\/wp-json\/wp\/v2\/product_cat?post=1666"},{"taxonomy":"product_tag","embeddable":true,"href":"https:\/\/www.porinox.com\/fr\/wp-json\/wp\/v2\/product_tag?post=1666"}],"curies":[{"name":"wp","href":"https:\/\/api.w.org\/{rel}","templated":true}]}}