{"id":1661,"date":"2019-12-18T16:45:11","date_gmt":"2019-12-18T16:45:11","guid":{"rendered":"http:\/\/porinox.com\/product\/import-placeholder-for-2723\/"},"modified":"2024-07-18T15:59:09","modified_gmt":"2024-07-18T13:59:09","slug":"buveur-de-graisse-a26-plus-320","status":"publish","type":"product","link":"https:\/\/www.porinox.com\/fr\/producto\/bebedero-engorde-a26-plus-320\/","title":{"rendered":"FONTAINE A26 PLUS-320"},"content":{"rendered":"<p>Le <strong>abreuvoir pour porcs d'engraissement Mod\u00e8le A26 PLUS-320<\/strong> de Porinox est une solution robuste et efficace pour l'hydratation des porcs. Fabriqu\u00e9 en acier inoxydable 304, il garantit la durabilit\u00e9 et la r\u00e9sistance \u00e0 la corrosion. Ses dimensions sont de 320 mm de large, 250 mm de haut et 150 mm de profondeur. Il est \u00e9quip\u00e9 d'un tube r\u00e9glable en hauteur et d'une sucette qui minimise le gaspillage d'eau, facilite l'installation et le nettoyage, sans points d'accumulation de salet\u00e9s. Il dispose de deux trous \u00d89 pour la fixation murale.<\/p>","protected":false},"excerpt":{"rendered":"<p>Los bebederos A26 est\u00e1n dise\u00f1ados para ofrecer una mayor capacidad de agua. Fabricados con acero inoxidable de alta calidad y soldados con soldadura robotizada para un resultado m\u00e1s resistente y duradero, sin p\u00e9rdidas de agua. Disponible con varios complementos para adaptarlo a sus necesidades.<\/p>\n<p>REF: Laterales de 1,5mm: 000.023.235.<\/p>\n<p style=\"padding-left: 40px;\">Laterales de 2 mm: 000.023.232.<\/p>","protected":false},"featured_media":18922,"comment_status":"open","ping_status":"closed","template":"","meta":[],"product_brand":[],"product_cat":[429,420,370,498,375,353,497,354],"product_tag":[],"class_list":{"0":"post-1661","1":"product","2":"type-product","3":"status-publish","4":"has-post-thumbnail","6":"product_cat-a26-bebederos-maternidad-y-parideras","7":"product_cat-bebederos-bebederos-engorde","8":"product_cat-bebederos-engorde","9":"product_cat-bebederos-gestacion","10":"product_cat-bebederos-maternidad","11":"product_cat-engorde","12":"product_cat-gestacion","13":"product_cat-maternidad-y-parideras","15":"first","16":"instock","17":"shipping-taxable","18":"purchasable","19":"product-type-simple"},"_links":{"self":[{"href":"https:\/\/www.porinox.com\/fr\/wp-json\/wp\/v2\/product\/1661","targetHints":{"allow":["GET"]}}],"collection":[{"href":"https:\/\/www.porinox.com\/fr\/wp-json\/wp\/v2\/product"}],"about":[{"href":"https:\/\/www.porinox.com\/fr\/wp-json\/wp\/v2\/types\/product"}],"replies":[{"embeddable":true,"href":"https:\/\/www.porinox.com\/fr\/wp-json\/wp\/v2\/comments?post=1661"}],"version-history":[{"count":0,"href":"https:\/\/www.porinox.com\/fr\/wp-json\/wp\/v2\/product\/1661\/revisions"}],"wp:featuredmedia":[{"embeddable":true,"href":"https:\/\/www.porinox.com\/fr\/wp-json\/wp\/v2\/media\/18922"}],"wp:attachment":[{"href":"https:\/\/www.porinox.com\/fr\/wp-json\/wp\/v2\/media?parent=1661"}],"wp:term":[{"taxonomy":"product_brand","embeddable":true,"href":"https:\/\/www.porinox.com\/fr\/wp-json\/wp\/v2\/product_brand?post=1661"},{"taxonomy":"product_cat","embeddable":true,"href":"https:\/\/www.porinox.com\/fr\/wp-json\/wp\/v2\/product_cat?post=1661"},{"taxonomy":"product_tag","embeddable":true,"href":"https:\/\/www.porinox.com\/fr\/wp-json\/wp\/v2\/product_tag?post=1661"}],"curies":[{"name":"wp","href":"https:\/\/api.w.org\/{rel}","templated":true}]}}