{"id":1658,"date":"2019-12-18T16:45:11","date_gmt":"2019-12-18T15:45:11","guid":{"rendered":"http:\/\/porinox.com\/product\/import-placeholder-for-425\/"},"modified":"2024-07-24T12:57:49","modified_gmt":"2024-07-24T10:57:49","slug":"cabines-refrigerees","status":"publish","type":"product","link":"https:\/\/www.porinox.com\/fr\/producto\/casetas-refrigeradoras\/","title":{"rendered":"CABINES R\u00c9FRIG\u00c9R\u00c9ES"},"content":{"rendered":"<p>Les cabines de refroidissement sont particuli\u00e8rement adapt\u00e9es \u00e0 la fourniture d'une<strong> capacit\u00e9 de refroidissement \u00e9lev\u00e9e \u00e0 l'int\u00e9rieur des halles<\/strong>. Su disposici\u00f3n de los paneles en forma de \u201cU\u201d nos garantiza una m\u00e1xima captaci\u00f3n del aire exterior.<\/p>\n<p>Chasis realizado en INOX 304 de 1mm de espesor de alta calidad para mayor durabilidad y resistencia a cualquier factor externo.<\/p>\n<p><a href=\"https:\/\/www.instagram.com\/porinoxsl\/reel\/C4F3SecoP5f\/?hl=es\" target=\"_blank\" rel=\"noopener\"><strong>PRODUIT VID\u00c9O<\/strong><\/a><\/p>","protected":false},"excerpt":{"rendered":"<p>Las casetas de refrigeraci\u00f3n est\u00e1n especialmente indicadas para poder ofrecer una gran capacidad de refrigeraci\u00f3n en el interior de las naves. Su disposici\u00f3n de los paneles en forma de \u201cU\u201d nos garantiza una m\u00e1xima captaci\u00f3n del aire exterior.<\/p>\n<p>Chasis realizado en INOX 304 de 1mm de espesor de alta calidad para mayor durabilidad y resistencia a cualquier factor externo.<\/p>","protected":false},"featured_media":20332,"comment_status":"open","ping_status":"closed","template":"","meta":[],"product_brand":[],"product_cat":[358,386],"product_tag":[300],"class_list":{"0":"post-1658","1":"product","2":"type-product","3":"status-publish","4":"has-post-thumbnail","6":"product_cat-refrigeracion","7":"product_cat-refrigeradores-modulares","8":"product_tag-home","10":"first","11":"instock","12":"shipping-taxable","13":"product-type-simple"},"_links":{"self":[{"href":"https:\/\/www.porinox.com\/fr\/wp-json\/wp\/v2\/product\/1658","targetHints":{"allow":["GET"]}}],"collection":[{"href":"https:\/\/www.porinox.com\/fr\/wp-json\/wp\/v2\/product"}],"about":[{"href":"https:\/\/www.porinox.com\/fr\/wp-json\/wp\/v2\/types\/product"}],"replies":[{"embeddable":true,"href":"https:\/\/www.porinox.com\/fr\/wp-json\/wp\/v2\/comments?post=1658"}],"version-history":[{"count":0,"href":"https:\/\/www.porinox.com\/fr\/wp-json\/wp\/v2\/product\/1658\/revisions"}],"wp:featuredmedia":[{"embeddable":true,"href":"https:\/\/www.porinox.com\/fr\/wp-json\/wp\/v2\/media\/20332"}],"wp:attachment":[{"href":"https:\/\/www.porinox.com\/fr\/wp-json\/wp\/v2\/media?parent=1658"}],"wp:term":[{"taxonomy":"product_brand","embeddable":true,"href":"https:\/\/www.porinox.com\/fr\/wp-json\/wp\/v2\/product_brand?post=1658"},{"taxonomy":"product_cat","embeddable":true,"href":"https:\/\/www.porinox.com\/fr\/wp-json\/wp\/v2\/product_cat?post=1658"},{"taxonomy":"product_tag","embeddable":true,"href":"https:\/\/www.porinox.com\/fr\/wp-json\/wp\/v2\/product_tag?post=1658"}],"curies":[{"name":"wp","href":"https:\/\/api.w.org\/{rel}","templated":true}]}}