{"id":1656,"date":"2019-12-18T16:45:11","date_gmt":"2019-12-18T16:45:11","guid":{"rendered":"http:\/\/porinox.com\/product\/import-placeholder-for-365\/"},"modified":"2024-07-18T15:57:38","modified_gmt":"2024-07-18T13:57:38","slug":"abreuvoir-pour-porcs-a-lengraissement-a22","status":"publish","type":"product","link":"https:\/\/www.porinox.com\/fr\/producto\/bebedero-engorde-porcino-a22\/","title":{"rendered":"BOUTEILLE DE BOISSON A22"},"content":{"rendered":"<p>Le <strong>abreuvoir pour porcs d'engraissement Mod\u00e8le A22<\/strong> de Porinox est con\u00e7u pour optimiser la consommation d'eau des porcs d'engraissement. Fabriqu\u00e9 en acier inoxydable 304, il garantit sa durabilit\u00e9 et sa r\u00e9sistance \u00e0 la corrosion. Ses dimensions sont de 140 mm de large, 160 mm de haut et 170 mm de profondeur, avec une \u00e9paisseur de 1,5 mm. \u00c9quip\u00e9 d'une sucette pour minimiser le gaspillage d'eau et de quatre trous \u00d89 pour le fixer au mur, il est facile \u00e0 installer et \u00e0 entretenir.<\/p>","protected":false},"excerpt":{"rendered":"<p>Les auges d'engraissement sont con\u00e7ues pour offrir une plus grande capacit\u00e9 d'eau. Fabriqu\u00e9s en acier inoxydable de haute qualit\u00e9 et soud\u00e9s \u00e0 l'aide d'un robot de soudage, ils sont plus r\u00e9sistants et plus durables, sans perte d'eau. Disponibles avec diff\u00e9rents accessoires pour r\u00e9pondre \u00e0 vos besoins.<\/p>\n<p>REF: 000.023.105<\/p>","protected":false},"featured_media":18920,"comment_status":"open","ping_status":"closed","template":"","meta":[],"product_brand":[],"product_cat":[370,420,353],"product_tag":[],"class_list":{"0":"post-1656","1":"product","2":"type-product","3":"status-publish","4":"has-post-thumbnail","6":"product_cat-bebederos-engorde","7":"product_cat-bebederos-bebederos-engorde","8":"product_cat-engorde","10":"first","11":"instock","12":"shipping-taxable","13":"purchasable","14":"product-type-simple"},"_links":{"self":[{"href":"https:\/\/www.porinox.com\/fr\/wp-json\/wp\/v2\/product\/1656","targetHints":{"allow":["GET"]}}],"collection":[{"href":"https:\/\/www.porinox.com\/fr\/wp-json\/wp\/v2\/product"}],"about":[{"href":"https:\/\/www.porinox.com\/fr\/wp-json\/wp\/v2\/types\/product"}],"replies":[{"embeddable":true,"href":"https:\/\/www.porinox.com\/fr\/wp-json\/wp\/v2\/comments?post=1656"}],"version-history":[{"count":0,"href":"https:\/\/www.porinox.com\/fr\/wp-json\/wp\/v2\/product\/1656\/revisions"}],"wp:featuredmedia":[{"embeddable":true,"href":"https:\/\/www.porinox.com\/fr\/wp-json\/wp\/v2\/media\/18920"}],"wp:attachment":[{"href":"https:\/\/www.porinox.com\/fr\/wp-json\/wp\/v2\/media?parent=1656"}],"wp:term":[{"taxonomy":"product_brand","embeddable":true,"href":"https:\/\/www.porinox.com\/fr\/wp-json\/wp\/v2\/product_brand?post=1656"},{"taxonomy":"product_cat","embeddable":true,"href":"https:\/\/www.porinox.com\/fr\/wp-json\/wp\/v2\/product_cat?post=1656"},{"taxonomy":"product_tag","embeddable":true,"href":"https:\/\/www.porinox.com\/fr\/wp-json\/wp\/v2\/product_tag?post=1656"}],"curies":[{"name":"wp","href":"https:\/\/api.w.org\/{rel}","templated":true}]}}