{"id":1655,"date":"2019-12-18T16:45:11","date_gmt":"2019-12-18T16:45:11","guid":{"rendered":"http:\/\/porinox.com\/product\/import-placeholder-for-367\/"},"modified":"2024-07-18T15:56:18","modified_gmt":"2024-07-18T13:56:18","slug":"porcin-engraisseur-buveur-a26","status":"publish","type":"product","link":"https:\/\/www.porinox.com\/fr\/producto\/bebedero-engorde-porcino-a26\/","title":{"rendered":"BOUTEILLE DE BOISSON A26"},"content":{"rendered":"<div>\n<p>Le <strong>Abreuvoir d'engraissement pour porcs mod\u00e8le A26<\/strong> de Porinox est con\u00e7u pour offrir une plus grande capacit\u00e9 d'eau. Il est fabriqu\u00e9 en acier inoxydable 304 de haute qualit\u00e9 pour garantir sa durabilit\u00e9 et sa solidit\u00e9. Ses dimensions sont de 150 mm de large, 250 mm de haut et 150 mm de profondeur. \u00c9quip\u00e9 d'un tuyau r\u00e9glable en hauteur et d'une sucette qui minimise le gaspillage d'eau, il permet une installation facile et un nettoyage rapide sans points d'accumulation de salet\u00e9.<\/p>\n<\/div>","protected":false},"excerpt":{"rendered":"<div>\n<p>Les auges d'engraissement sont con\u00e7ues pour offrir une plus grande capacit\u00e9 d'eau. Fabriqu\u00e9s en acier inoxydable de haute qualit\u00e9 et soud\u00e9s \u00e0 l'aide d'un robot de soudage, ils sont plus r\u00e9sistants et plus durables, sans perte d'eau. Disponibles avec diff\u00e9rents accessoires pour r\u00e9pondre \u00e0 vos besoins.<\/p>\n<p>REF : c\u00f4t\u00e9s 1,5 mm : 000.023.215.<\/p>\n<p style=\"padding-left: 40px;\">C\u00f4t\u00e9s 2 mm : 000.023.212.<\/p>\n<\/div>\n<div class=\"et_pb_row et_pb_row_2\"><\/div>","protected":false},"featured_media":17235,"comment_status":"open","ping_status":"closed","template":"","meta":[],"product_brand":[],"product_cat":[420,370,353],"product_tag":[],"class_list":{"0":"post-1655","1":"product","2":"type-product","3":"status-publish","4":"has-post-thumbnail","6":"product_cat-bebederos-bebederos-engorde","7":"product_cat-bebederos-engorde","8":"product_cat-engorde","10":"first","11":"instock","12":"shipping-taxable","13":"purchasable","14":"product-type-simple"},"_links":{"self":[{"href":"https:\/\/www.porinox.com\/fr\/wp-json\/wp\/v2\/product\/1655","targetHints":{"allow":["GET"]}}],"collection":[{"href":"https:\/\/www.porinox.com\/fr\/wp-json\/wp\/v2\/product"}],"about":[{"href":"https:\/\/www.porinox.com\/fr\/wp-json\/wp\/v2\/types\/product"}],"replies":[{"embeddable":true,"href":"https:\/\/www.porinox.com\/fr\/wp-json\/wp\/v2\/comments?post=1655"}],"version-history":[{"count":0,"href":"https:\/\/www.porinox.com\/fr\/wp-json\/wp\/v2\/product\/1655\/revisions"}],"wp:featuredmedia":[{"embeddable":true,"href":"https:\/\/www.porinox.com\/fr\/wp-json\/wp\/v2\/media\/17235"}],"wp:attachment":[{"href":"https:\/\/www.porinox.com\/fr\/wp-json\/wp\/v2\/media?parent=1655"}],"wp:term":[{"taxonomy":"product_brand","embeddable":true,"href":"https:\/\/www.porinox.com\/fr\/wp-json\/wp\/v2\/product_brand?post=1655"},{"taxonomy":"product_cat","embeddable":true,"href":"https:\/\/www.porinox.com\/fr\/wp-json\/wp\/v2\/product_cat?post=1655"},{"taxonomy":"product_tag","embeddable":true,"href":"https:\/\/www.porinox.com\/fr\/wp-json\/wp\/v2\/product_tag?post=1655"}],"curies":[{"name":"wp","href":"https:\/\/api.w.org\/{rel}","templated":true}]}}