{"id":1654,"date":"2019-12-18T16:45:11","date_gmt":"2019-12-18T16:45:11","guid":{"rendered":"http:\/\/porinox.com\/product\/import-placeholder-for-430\/"},"modified":"2024-07-24T12:57:39","modified_gmt":"2024-07-24T10:57:39","slug":"seaux-de-toit-refrigeres","status":"publish","type":"product","link":"https:\/\/www.porinox.com\/fr\/producto\/cubos-refrigerados-a-tejado\/","title":{"rendered":"SEAUX DE TOIT R\u00c9FRIG\u00c9R\u00c9S"},"content":{"rendered":"<p>Les cubes r\u00e9frig\u00e9rants nous offrent la possibilit\u00e9 de refroidir les fermes. <strong>depuis le sommet des navires<\/strong>. Situ\u00e9s sur le toit, les cubes captent l'air ext\u00e9rieur et l'introduisent \u00e0 l'int\u00e9rieur des b\u00e2timents. Leur forme cubique permet de capter un maximum d'air sur tous les c\u00f4t\u00e9s du syst\u00e8me.<\/p>\n<p>&nbsp;<\/p>\n<p>&nbsp;<\/p>","protected":false},"excerpt":{"rendered":"<p>Los cubos de refrigeraci\u00f3n nos ofrecen la posibilidad de refrigerar las granjas desde la parte superior de las naves. Situados en el tejado, los cubos captan el aire del exterior y lo introducen en el interior de las naves. Su dise\u00f1o en forma de cubo nos asegura captar el m\u00e1ximo de aire por todas las caras del sistema.<\/p>\n<p>Fabricado \u00edntegramente en INOX 304 de 1mm de espesor<\/p>\n<p>Ref. 000.136.414<\/p>","protected":false},"featured_media":19929,"comment_status":"open","ping_status":"closed","template":"","meta":[],"product_brand":[],"product_cat":[358,386],"product_tag":[],"class_list":{"0":"post-1654","1":"product","2":"type-product","3":"status-publish","4":"has-post-thumbnail","6":"product_cat-refrigeracion","7":"product_cat-refrigeradores-modulares","9":"first","10":"instock","11":"shipping-taxable","12":"purchasable","13":"product-type-simple"},"_links":{"self":[{"href":"https:\/\/www.porinox.com\/fr\/wp-json\/wp\/v2\/product\/1654","targetHints":{"allow":["GET"]}}],"collection":[{"href":"https:\/\/www.porinox.com\/fr\/wp-json\/wp\/v2\/product"}],"about":[{"href":"https:\/\/www.porinox.com\/fr\/wp-json\/wp\/v2\/types\/product"}],"replies":[{"embeddable":true,"href":"https:\/\/www.porinox.com\/fr\/wp-json\/wp\/v2\/comments?post=1654"}],"version-history":[{"count":0,"href":"https:\/\/www.porinox.com\/fr\/wp-json\/wp\/v2\/product\/1654\/revisions"}],"wp:featuredmedia":[{"embeddable":true,"href":"https:\/\/www.porinox.com\/fr\/wp-json\/wp\/v2\/media\/19929"}],"wp:attachment":[{"href":"https:\/\/www.porinox.com\/fr\/wp-json\/wp\/v2\/media?parent=1654"}],"wp:term":[{"taxonomy":"product_brand","embeddable":true,"href":"https:\/\/www.porinox.com\/fr\/wp-json\/wp\/v2\/product_brand?post=1654"},{"taxonomy":"product_cat","embeddable":true,"href":"https:\/\/www.porinox.com\/fr\/wp-json\/wp\/v2\/product_cat?post=1654"},{"taxonomy":"product_tag","embeddable":true,"href":"https:\/\/www.porinox.com\/fr\/wp-json\/wp\/v2\/product_tag?post=1654"}],"curies":[{"name":"wp","href":"https:\/\/api.w.org\/{rel}","templated":true}]}}