{"id":16401,"date":"2023-09-05T13:48:11","date_gmt":"2023-09-05T11:48:11","guid":{"rendered":"http:\/\/porinox.com\/?post_type=product&#038;p=16401"},"modified":"2024-07-30T08:24:30","modified_gmt":"2024-07-30T06:24:30","slug":"deflecteur-etanche","status":"publish","type":"product","link":"https:\/\/www.porinox.com\/fr\/producto\/deflector-hermetico\/","title":{"rendered":"D\u00c9FLECTEUR \u00c9TANCHE \u00c0 L'AIR"},"content":{"rendered":"<p>Le d\u00e9flecteur \u00e9tanche Porinox est un r\u00e9gulateur de ventilation con\u00e7u pour une fermeture \u00e9tanche. Fabriqu\u00e9 en acier inoxydable 304, il est dot\u00e9 de lames rotatives \u00e0 180\u00ba, verticales et horizontales, et peut \u00eatre r\u00e9gl\u00e9 manuellement. Il est disponible en trois tailles :<\/p>\n<ul>\n<li>Etanche 700 : 70x70x20 cm (r\u00e9f. 000.154.701)<\/li>\n<li>Etanche 1000 : 100x100x20 cm (r\u00e9f. 000.154.101)<\/li>\n<li>Hermetic 1200 : 123x120x20 cm (ref. 000.154.201)<\/li>\n<\/ul>","protected":false},"excerpt":{"rendered":"<p>El Deflector Herm\u00e9tico de Porinox es un regulador de ventilaci\u00f3n dise\u00f1ado para un cierre herm\u00e9tico. Fabricado en acero inoxidable 304, presenta lamas con rotaci\u00f3n de 180\u00ba, tanto verticales como horizontales, y permite su ajuste manual. Est\u00e1 disponible en tres tama\u00f1os: Herm\u00e9tico 700: 70x70x20 cm (ref. 000.154.701) Herm\u00e9tico 1000: 100x100x20 cm (ref. 000.154.101) Herm\u00e9tico 1200: 123x120x20 [&hellip;]<\/p>\n","protected":false},"featured_media":19361,"comment_status":"open","ping_status":"closed","template":"","meta":[],"product_brand":[],"product_cat":[396,359],"product_tag":[],"class_list":{"0":"post-16401","1":"product","2":"type-product","3":"status-publish","4":"has-post-thumbnail","6":"product_cat-deflectores","7":"product_cat-ventilacion","9":"first","10":"instock","11":"shipping-taxable","12":"product-type-simple"},"_links":{"self":[{"href":"https:\/\/www.porinox.com\/fr\/wp-json\/wp\/v2\/product\/16401","targetHints":{"allow":["GET"]}}],"collection":[{"href":"https:\/\/www.porinox.com\/fr\/wp-json\/wp\/v2\/product"}],"about":[{"href":"https:\/\/www.porinox.com\/fr\/wp-json\/wp\/v2\/types\/product"}],"replies":[{"embeddable":true,"href":"https:\/\/www.porinox.com\/fr\/wp-json\/wp\/v2\/comments?post=16401"}],"version-history":[{"count":0,"href":"https:\/\/www.porinox.com\/fr\/wp-json\/wp\/v2\/product\/16401\/revisions"}],"wp:featuredmedia":[{"embeddable":true,"href":"https:\/\/www.porinox.com\/fr\/wp-json\/wp\/v2\/media\/19361"}],"wp:attachment":[{"href":"https:\/\/www.porinox.com\/fr\/wp-json\/wp\/v2\/media?parent=16401"}],"wp:term":[{"taxonomy":"product_brand","embeddable":true,"href":"https:\/\/www.porinox.com\/fr\/wp-json\/wp\/v2\/product_brand?post=16401"},{"taxonomy":"product_cat","embeddable":true,"href":"https:\/\/www.porinox.com\/fr\/wp-json\/wp\/v2\/product_cat?post=16401"},{"taxonomy":"product_tag","embeddable":true,"href":"https:\/\/www.porinox.com\/fr\/wp-json\/wp\/v2\/product_tag?post=16401"}],"curies":[{"name":"wp","href":"https:\/\/api.w.org\/{rel}","templated":true}]}}