{"id":16383,"date":"2023-09-05T12:25:25","date_gmt":"2023-09-05T10:25:25","guid":{"rendered":"http:\/\/porinox.com\/?post_type=product&#038;p=16383"},"modified":"2024-07-29T15:37:29","modified_gmt":"2024-07-29T13:37:29","slug":"ventilateur-ventilateur-l","status":"publish","type":"product","link":"https:\/\/www.porinox.com\/fr\/producto\/ventilador-fan-l\/","title":{"rendered":"FAN FAN L"},"content":{"rendered":"<p>Les ventilateurs Porinox sont con\u00e7us et fabriqu\u00e9s pour offrir une excellente solution aux exploitations agricoles. Fabriqu\u00e9s enti\u00e8rement en acier inoxydable, ils garantissent une longue dur\u00e9e de vie. <strong>grande durabilit\u00e9<\/strong> m\u00eame dans les environnements les plus corrosifs. Les trois mod\u00e8les propos\u00e9s permettent de s'adapter aux besoins de chaque installation. En termes d'efficacit\u00e9, les ventilateurs nous offrent un rendement sup\u00e9rieur \u00e0 la moyenne. <strong>des performances \u00e9lev\u00e9es pour une consommation de carburant tr\u00e8s faible<\/strong>.<\/p>\n<p>El FAN L est\u00e1 disponible en dos potencias:<\/p>\n<p>\u2022 1,5 cv 41,000 m3\/h<\/p>\n<p>\u2022 0,75 cv, 25,000 m3\/h<\/p>\n<p>Frecuencia de: 50\/60<\/p>","protected":false},"excerpt":{"rendered":"<p>Los ventiladores Porinox est\u00e1n dise\u00f1ados y fabricados para ofrecer una excelente soluci\u00f3n para las granjas. Fabricados \u00edntegramente en inoxidable nos aseguran una alta durabilidad incluso en los ambientes m\u00e1s corrosivos. Con los tres modelos propuestos nos podemos adaptar a las necesidades de cada instalaci\u00f3n. A nivel de eficiencia, los ventiladores nos ofrecen un alto rendimiento [&hellip;]<\/p>\n","protected":false},"featured_media":19409,"comment_status":"open","ping_status":"closed","template":"","meta":[],"product_brand":[],"product_cat":[359,394],"product_tag":[],"class_list":{"0":"post-16383","1":"product","2":"type-product","3":"status-publish","4":"has-post-thumbnail","6":"product_cat-ventilacion","7":"product_cat-ventiladores","9":"first","10":"instock","11":"shipping-taxable","12":"product-type-simple"},"_links":{"self":[{"href":"https:\/\/www.porinox.com\/fr\/wp-json\/wp\/v2\/product\/16383","targetHints":{"allow":["GET"]}}],"collection":[{"href":"https:\/\/www.porinox.com\/fr\/wp-json\/wp\/v2\/product"}],"about":[{"href":"https:\/\/www.porinox.com\/fr\/wp-json\/wp\/v2\/types\/product"}],"replies":[{"embeddable":true,"href":"https:\/\/www.porinox.com\/fr\/wp-json\/wp\/v2\/comments?post=16383"}],"version-history":[{"count":0,"href":"https:\/\/www.porinox.com\/fr\/wp-json\/wp\/v2\/product\/16383\/revisions"}],"wp:featuredmedia":[{"embeddable":true,"href":"https:\/\/www.porinox.com\/fr\/wp-json\/wp\/v2\/media\/19409"}],"wp:attachment":[{"href":"https:\/\/www.porinox.com\/fr\/wp-json\/wp\/v2\/media?parent=16383"}],"wp:term":[{"taxonomy":"product_brand","embeddable":true,"href":"https:\/\/www.porinox.com\/fr\/wp-json\/wp\/v2\/product_brand?post=16383"},{"taxonomy":"product_cat","embeddable":true,"href":"https:\/\/www.porinox.com\/fr\/wp-json\/wp\/v2\/product_cat?post=16383"},{"taxonomy":"product_tag","embeddable":true,"href":"https:\/\/www.porinox.com\/fr\/wp-json\/wp\/v2\/product_tag?post=16383"}],"curies":[{"name":"wp","href":"https:\/\/api.w.org\/{rel}","templated":true}]}}