{"id":1634,"date":"2019-12-18T16:45:04","date_gmt":"2019-12-18T15:45:04","guid":{"rendered":"http:\/\/porinox.com\/product\/import-placeholder-for-530\/"},"modified":"2026-01-20T12:53:27","modified_gmt":"2026-01-20T11:53:27","slug":"nids-pour-porcelets","status":"publish","type":"product","link":"https:\/\/www.porinox.com\/fr\/producto\/nidos-para-lechones\/","title":{"rendered":"NIDS POUR PORCELETS"},"content":{"rendered":"<p>Nids con\u00e7us avec des panneaux en PVC de 35 mm, con\u00e7us pour <strong>rester au chaud<\/strong>, y <strong>l'am\u00e9lioration du confort<\/strong> des porcelets.<\/p>\n<p><strong>Ouverture r\u00e9glable<\/strong> avec un syst\u00e8me de charni\u00e8res actionn\u00e9es par des poulies, afin de maintenir un niveau de s\u00e9curit\u00e9 \u00e9lev\u00e9.<strong> concentration \u00e0 temp\u00e9rature plus \u00e9lev\u00e9e<\/strong> para los lechones.<\/p>\n<p>Medidas customizadas para ajustar el nido a las necesidades de la granja de cada cliente.<\/p>\n<p>&nbsp;<\/p>","protected":false},"excerpt":{"rendered":"<p>Nidos dise\u00f1ados y pensados para mantener el calor, y aumentar el confort de los animales. Apertura regulable con un sistema de bisagras accionadas por poleas, para mantener una mayor concentraci\u00f3n de temperatura para los lechones. Medidas customizadas para ajustar el nido a las necesidades de cada cliente.<\/p>\n<p><em>Ref. 000.101.510<\/em><\/p>","protected":false},"featured_media":18783,"comment_status":"open","ping_status":"closed","template":"","meta":[],"product_brand":[],"product_cat":[352,369,365],"product_tag":[],"class_list":{"0":"post-1634","1":"product","2":"type-product","3":"status-publish","4":"has-post-thumbnail","6":"product_cat-destete","7":"product_cat-nidos-destete","8":"product_cat-puertas-y-vallas-destete","10":"first","11":"instock","12":"shipping-taxable","13":"product-type-simple"},"_links":{"self":[{"href":"https:\/\/www.porinox.com\/fr\/wp-json\/wp\/v2\/product\/1634","targetHints":{"allow":["GET"]}}],"collection":[{"href":"https:\/\/www.porinox.com\/fr\/wp-json\/wp\/v2\/product"}],"about":[{"href":"https:\/\/www.porinox.com\/fr\/wp-json\/wp\/v2\/types\/product"}],"replies":[{"embeddable":true,"href":"https:\/\/www.porinox.com\/fr\/wp-json\/wp\/v2\/comments?post=1634"}],"version-history":[{"count":0,"href":"https:\/\/www.porinox.com\/fr\/wp-json\/wp\/v2\/product\/1634\/revisions"}],"wp:featuredmedia":[{"embeddable":true,"href":"https:\/\/www.porinox.com\/fr\/wp-json\/wp\/v2\/media\/18783"}],"wp:attachment":[{"href":"https:\/\/www.porinox.com\/fr\/wp-json\/wp\/v2\/media?parent=1634"}],"wp:term":[{"taxonomy":"product_brand","embeddable":true,"href":"https:\/\/www.porinox.com\/fr\/wp-json\/wp\/v2\/product_brand?post=1634"},{"taxonomy":"product_cat","embeddable":true,"href":"https:\/\/www.porinox.com\/fr\/wp-json\/wp\/v2\/product_cat?post=1634"},{"taxonomy":"product_tag","embeddable":true,"href":"https:\/\/www.porinox.com\/fr\/wp-json\/wp\/v2\/product_tag?post=1634"}],"curies":[{"name":"wp","href":"https:\/\/api.w.org\/{rel}","templated":true}]}}